{"id":2120,"date":"2023-05-12T20:30:50","date_gmt":"2023-05-12T20:30:50","guid":{"rendered":"https:\/\/asociacionelrosal.org\/es\/?page_id=2120"},"modified":"2023-08-02T15:35:24","modified_gmt":"2023-08-02T15:35:24","slug":"voluntariado","status":"publish","type":"page","link":"https:\/\/asociacionelrosal.org\/es\/voluntariado\/","title":{"rendered":"Voluntariado"},"content":{"rendered":"<div id='full_slider_1'  class='avia-fullwidth-slider main_color avia-shadow   avia-builder-el-0  el_before_av_one_full  avia-builder-el-first   container_wrap fullsize'  >\n<style type=\"text\/css\" data-created_by=\"avia_inline_auto\" id=\"style-css-av-livvy48m-acd05ab24ed577c41e68f3552fd8147e\">\n#top #wrap_all .avia-slideshow .av-slideshow-caption.av-livvy48m-acd05ab24ed577c41e68f3552fd8147e__0 .avia-caption-title{\nfont-size:50px;\n}\n#top .avia-slideshow .av-slideshow-caption.av-livvy48m-acd05ab24ed577c41e68f3552fd8147e__0 .avia-caption-content{\nfont-size:24px;\n}\n#top .avia-slideshow .av-slideshow-caption.av-livvy48m-acd05ab24ed577c41e68f3552fd8147e__0 .avia-caption-content p{\nfont-size:24px;\n}\n<\/style>\n<div  class='avia-slideshow av-livvy48m-acd05ab24ed577c41e68f3552fd8147e avia-slideshow-featured av_slideshow_full avia-slide-slider av-slideshow-ui av-control-default av-slideshow-manual av-loop-once av-loop-manual-endless av-default-height-applied   avia-slideshow-1' data-slideshow-options=\"{&quot;animation&quot;:&quot;slide&quot;,&quot;autoplay&quot;:false,&quot;loop_autoplay&quot;:&quot;once&quot;,&quot;interval&quot;:5,&quot;loop_manual&quot;:&quot;manual-endless&quot;,&quot;autoplay_stopper&quot;:false,&quot;noNavigation&quot;:false,&quot;bg_slider&quot;:false,&quot;keep_padding&quot;:false,&quot;hoverpause&quot;:false,&quot;show_slide_delay&quot;:0}\"  itemprop=\"image\" itemscope=\"itemscope\" itemtype=\"https:\/\/schema.org\/ImageObject\" ><ul class='avia-slideshow-inner ' style='padding-bottom: 28.666666666667%;'><li  class='avia-slideshow-slide av-livvy48m-acd05ab24ed577c41e68f3552fd8147e__0  av-single-slide slide-1 slide-odd'><div data-rel='slideshow-1' class='avia-slide-wrap '   ><div class='av-slideshow-caption av-livvy48m-acd05ab24ed577c41e68f3552fd8147e__0 caption_fullwidth caption_bottom caption_bottom_framed caption_framed'><div class=\"container caption_container\"><div class=\"slideshow_caption\"><div class=\"slideshow_inner_caption\"><div class=\"slideshow_align_caption\"><h2 class='avia-caption-title '  itemprop=\"name\" >Voluntariado en El Rosal<\/h2><div class='avia-caption-content '  itemprop=\"description\" ><p>Experenciar, Convivir y ayudar &#8211; Visita nos como voluntariado y vamos a compartir historias, poder y mucho mas.<\/p>\n<\/div><\/div><\/div><\/div><\/div><\/div><img decoding=\"async\" class=\"wp-image-2784 avia-img-lazy-loading-not-2784\"  src=\"https:\/\/asociacionelrosal.org\/es\/wp-content\/uploads\/2023\/06\/WhatsApp-Bild-2023-05-05-um-02.43.54-1500x430.jpg\" width=\"1500\" height=\"430\" title='WhatsApp Bild 2023-05-05 um 02.43.54' alt=''  itemprop=\"thumbnailUrl\"   \/><\/div><\/li><\/ul><\/div><\/div><div id='after_full_slider_1'  class='main_color av_default_container_wrap container_wrap fullsize'  ><div class='container av-section-cont-open' ><div class='template-page content  av-content-full alpha units'><div class='post-entry post-entry-type-page post-entry-2120'><div class='entry-content-wrapper clearfix'>\n<div  class='flex_column av-7ykm8o-b0f85558879a783b67c100e8b04fd412 av_one_full  avia-builder-el-1  el_after_av_slideshow_full  el_before_av_hr  avia-builder-el-first  first flex_column_div  '     ><p><section  class='av_textblock_section av-linkhk64-d451a212131b5a6be38f4aaae2340824 '   itemscope=\"itemscope\" itemtype=\"https:\/\/schema.org\/CreativeWork\" ><div class='avia_textblock'  itemprop=\"text\" ><p>\u00bfNo s\u00f3lo apoyar con una compra? \u00bfNo venir s\u00f3lo para una visita corta? \u00bfPrefieres echar una mano en la comunidad? \u00a1Eso es posible con nosotros!<\/p>\n<p><em><strong>Voluntarios de todo el mundo vienen a El Rosal desde 2008.<\/strong><\/em> Al principio, ven\u00edan durante unas semanas o meses a la peque\u00f1a escuela de la comunidad, que desgraciadamente ya no existe. <em><strong>Desde 2014, voluntarios de welthaus Bielefeld, en Alemania, vienen durante un a\u00f1o seguido para ayudar en la producci\u00f3n.<\/strong><\/em> Pero tambi\u00e9n independientemente de esto, los voluntarios vienen una y otra vez por diferentes periodos de tiempo. Esto no s\u00f3lo supone un enriquecimiento para la comunidad, sino sobre todo para los propios voluntarios. No s\u00f3lo se les ense\u00f1an conocimientos pr\u00e1cticos de agricultura ecol\u00f3gica, producci\u00f3n de cosm\u00e9ticos naturales y c\u00f3mo dirigir una organizaci\u00f3n, sino que tambi\u00e9n pueden experimentar directamente la vida cultural y familiar. Adem\u00e1s, se profundizan los conocimientos ling\u00fc\u00edsticos.<em><strong> Los voluntarios se alojan con una de las familias y comparten con ella la rutina diaria y las comidas elaboradas con ingredientes de cosecha propia, formando amistades para toda la vida<\/strong><\/em>.<\/p>\n<p>Durante el d\u00eda, las tareas cambian constantemente: A veces hay que hacer jab\u00f3n, otras cosechar caf\u00e9 o recibir a un grupo de viajeros.<em><strong> Cada persona puede contribuir con sus propias ideas y proyectos seg\u00fan sus puntos fuertes.<\/strong> <\/em>En su tiempo libre, pueden hacer m\u00fasica, hablar, re\u00edr, jugar juntos al f\u00fatbol y al voleibol. <em><strong>Las familias est\u00e1n encantadas de compartir sus emocionantes historias sobre s\u00ed mismas y sus experiencias en la lucha contra la miner\u00eda.<\/strong> <\/em>En las conversaciones se puede reflexionar y reconsiderar cr\u00edticamente el propio modo de vida. Se puede experimentar directamente la biodiversidad \u00fanica de la regi\u00f3n y hay mucho tiempo para la lectura, la relajaci\u00f3n u otros intereses personales.<em><strong> Los fines de semana se puede explorar la zona: No muy lejos hay ba\u00f1os termales, cascadas, r\u00edos, bosques primarios y mucho m\u00e1s.<\/strong><\/em><\/p>\n<p><em><strong>\u00a1Forme parte del cambio ecol\u00f3gico y social!<\/strong><\/em><\/p>\n<\/div><\/section><br \/>\n\n<style type=\"text\/css\" data-created_by=\"avia_inline_auto\" id=\"style-css-av-livw2ztx-6c18c55574a749d51559e9ce9f1b3868\">\n#top .hr.hr-invisible.av-livw2ztx-6c18c55574a749d51559e9ce9f1b3868{\nheight:70px;\n}\n<\/style>\n<div  class='hr av-livw2ztx-6c18c55574a749d51559e9ce9f1b3868 hr-invisible  avia-builder-el-3  el_after_av_textblock  el_before_av_video '><span class='hr-inner '><span class=\"hr-inner-style\"><\/span><\/span><\/div><br \/>\n\n<style type=\"text\/css\" data-created_by=\"avia_inline_auto\" id=\"style-css-av-livvzsnl-7086b308213cb0b3089819dcc9b6b4b6\">\n.avia-video.av-livvzsnl-7086b308213cb0b3089819dcc9b6b4b6{\nbackground-image:url(https:\/\/asociacionelrosal.org\/es\/wp-content\/uploads\/2023\/06\/voluntariado-en-el-rosal-1030x579.jpg);\n}\n<\/style>\n<div  class='avia-video av-livvzsnl-7086b308213cb0b3089819dcc9b6b4b6 avia-video-16-9 av-preview-image avia-video-load-always av-lazyload-immediate av-lazyload-video-embed'  itemprop=\"video\" itemtype=\"https:\/\/schema.org\/VideoObject\"  data-original_url='https:\/\/youtu.be\/nXi_DBqov5I'><script type='text\/html' class='av-video-tmpl'><div class='avia-iframe-wrap'><iframe loading=\"lazy\" title=\"Sobre un voluntariado en la Asociaci\u00f3n en el Rosal\" width=\"1500\" height=\"844\" src=\"https:\/\/www.youtube.com\/embed\/nXi_DBqov5I?feature=oembed&autoplay=0&loop=0&controls=1&mute=0\" frameborder=\"0\" allow=\"accelerometer; autoplay; clipboard-write; encrypted-media; gyroscope; picture-in-picture; web-share\" allowfullscreen><\/iframe><\/div><\/script><div class='av-click-to-play-overlay'><div class=\"avia_playpause_icon\"><\/div><\/div><\/div><br \/>\n\n<style type=\"text\/css\" data-created_by=\"avia_inline_auto\" id=\"style-css-av-4smohk-dec864f55b8d2825e85da1f952a3c812\">\n#top .hr.hr-invisible.av-4smohk-dec864f55b8d2825e85da1f952a3c812{\nheight:70px;\n}\n<\/style>\n<div  class='hr av-4smohk-dec864f55b8d2825e85da1f952a3c812 hr-invisible  avia-builder-el-5  el_after_av_video  el_before_av_heading '><span class='hr-inner '><span class=\"hr-inner-style\"><\/span><\/span><\/div><br \/>\n\n<style type=\"text\/css\" data-created_by=\"avia_inline_auto\" id=\"style-css-av-lk76iaaz-6ef76d8fc3297c90ad182dee6376cd38\">\n#top .av-special-heading.av-lk76iaaz-6ef76d8fc3297c90ad182dee6376cd38{\npadding-bottom:10px;\nfont-size:50px;\n}\nbody .av-special-heading.av-lk76iaaz-6ef76d8fc3297c90ad182dee6376cd38 .av-special-heading-tag .heading-char{\nfont-size:25px;\n}\n#top #wrap_all .av-special-heading.av-lk76iaaz-6ef76d8fc3297c90ad182dee6376cd38 .av-special-heading-tag{\nfont-size:50px;\n}\n.av-special-heading.av-lk76iaaz-6ef76d8fc3297c90ad182dee6376cd38 .av-subheading{\nfont-size:15px;\n}\n\n@media only screen and (min-width: 480px) and (max-width: 767px){ \n#top #wrap_all .av-special-heading.av-lk76iaaz-6ef76d8fc3297c90ad182dee6376cd38 .av-special-heading-tag{\nfont-size:0.8em;\n}\n}\n\n@media only screen and (max-width: 479px){ \n#top #wrap_all .av-special-heading.av-lk76iaaz-6ef76d8fc3297c90ad182dee6376cd38 .av-special-heading-tag{\nfont-size:0.8em;\n}\n}\n<\/style>\n<div  class='av-special-heading av-lk76iaaz-6ef76d8fc3297c90ad182dee6376cd38 av-special-heading-h2 blockquote modern-quote modern-centered  avia-builder-el-6  el_after_av_hr  el_before_av_hr  av-inherit-size'><h2 class='av-special-heading-tag'  itemprop=\"headline\"  >Los datos mas importantes:<\/h2><div class=\"special-heading-border\"><div class=\"special-heading-inner-border\"><\/div><\/div><\/div><br \/>\n\n<style type=\"text\/css\" data-created_by=\"avia_inline_auto\" id=\"style-css-av-lk76ixzp-665e5e448695cd475d39446be70330b5\">\n#top .hr.hr-invisible.av-lk76ixzp-665e5e448695cd475d39446be70330b5{\nheight:25px;\n}\n<\/style>\n<div  class='hr av-lk76ixzp-665e5e448695cd475d39446be70330b5 hr-invisible  avia-builder-el-7  el_after_av_heading  el_before_av_textblock '><span class='hr-inner '><span class=\"hr-inner-style\"><\/span><\/span><\/div><br \/>\n<section  class='av_textblock_section av-linkidi1-435ad711ec69630117e1b270160cf4f0 '   itemscope=\"itemscope\" itemtype=\"https:\/\/schema.org\/CreativeWork\" ><div class='avia_textblock'  itemprop=\"text\" ><h2><\/h2>\n<p><strong>Tareas:<\/strong> Producci\u00f3n de productos, marketing, trabajo de campo, traducci\u00f3n &#8211; dependiendo de la fuerza y los intereses, las tareas se pueden ajustar.<\/p>\n<p><strong>Requisitos:<\/strong> Los voluntarios deben tener conocimientos b\u00e1sicos de espa\u00f1ol, ser mayores de 18 a\u00f1os, estar en buena forma f\u00edsica y dispuestos a vivir con una familia en una peque\u00f1a comunidad rural.<\/p>\n<p><strong>Alojamiento:<\/strong> En una de las familias<\/p>\n<p><strong>Costo:<\/strong> 25$ al d\u00eda de media semana a un mes de estancia \uf0e0 20$ al d\u00eda a partir de un mes de estancia o m\u00e1s<\/p>\n<p><strong>Qu\u00e9 ofrecemos:<\/strong> Ya tenemos mucha experiencia con voluntarios de diferentes or\u00edgenes y con diferentes conocimientos de idiomas. En consecuencia, tenemos experiencia en el trato con voluntarios y podemos ofrecerles una visi\u00f3n \u00fanica de nuestra forma de vida. Adem\u00e1s, pueden disfrutar aqu\u00ed de una flora y fauna \u00fanicas y aprender y experimentar muchas cosas que no olvidar\u00e1n el resto de sus vidas.<\/p>\n<\/div><\/section><\/p><\/div>\n<style type=\"text\/css\" data-created_by=\"avia_inline_auto\" id=\"style-css-av-10wso-bedf5bf2de09111ccba8ac7c6fca91c7\">\n#top .hr.hr-invisible.av-10wso-bedf5bf2de09111ccba8ac7c6fca91c7{\nheight:70px;\n}\n<\/style>\n<div  class='hr av-10wso-bedf5bf2de09111ccba8ac7c6fca91c7 hr-invisible  avia-builder-el-9  el_after_av_one_full  el_before_av_video '><span class='hr-inner '><span class=\"hr-inner-style\"><\/span><\/span><\/div><\/p>\n\n<style type=\"text\/css\" data-created_by=\"avia_inline_auto\" id=\"style-css-av-livw0xsd-da6c3c85436366e2b5cf0b29805e6944\">\n.avia-video.av-livw0xsd-da6c3c85436366e2b5cf0b29805e6944{\nbackground-image:url(https:\/\/asociacionelrosal.org\/es\/wp-content\/uploads\/2023\/06\/porque-voluntarios-1030x579.jpg);\n}\n<\/style>\n<div  class='avia-video av-livw0xsd-da6c3c85436366e2b5cf0b29805e6944 avia-video-16-9 av-preview-image avia-video-load-always av-lazyload-immediate av-lazyload-video-embed'  itemprop=\"video\" itemtype=\"https:\/\/schema.org\/VideoObject\"  data-original_url='https:\/\/youtu.be\/ctqn8ZcJrHY'><script type='text\/html' class='av-video-tmpl'><div class='avia-iframe-wrap'><iframe loading=\"lazy\" title=\"\u00bfporque trabajamos con Voluntarios en la Asociaci\u00f3n?\" width=\"1500\" height=\"844\" src=\"https:\/\/www.youtube.com\/embed\/ctqn8ZcJrHY?feature=oembed&autoplay=0&loop=0&controls=1&mute=0\" frameborder=\"0\" allow=\"accelerometer; autoplay; clipboard-write; encrypted-media; gyroscope; picture-in-picture; web-share\" allowfullscreen><\/iframe><\/div><\/script><div class='av-click-to-play-overlay'><div class=\"avia_playpause_icon\"><\/div><\/div><\/div>\n\n<style type=\"text\/css\" data-created_by=\"avia_inline_auto\" id=\"style-css-av-1uvo0o-2b3f9f7cee6e2077d13ece060a708d59\">\n#top .hr.hr-invisible.av-1uvo0o-2b3f9f7cee6e2077d13ece060a708d59{\nheight:70px;\n}\n<\/style>\n<div  class='hr av-1uvo0o-2b3f9f7cee6e2077d13ece060a708d59 hr-invisible  avia-builder-el-11  el_after_av_video  el_before_av_button '><span class='hr-inner '><span class=\"hr-inner-style\"><\/span><\/span><\/div>\n<div  class='avia-button-wrap av-livwd281-33a1b46021ffd64716f207cfdae93a62-wrap avia-button-center  avia-builder-el-12  el_after_av_hr  avia-builder-el-last '>\n<style type=\"text\/css\" data-created_by=\"avia_inline_auto\" id=\"style-css-av-livwd281-33a1b46021ffd64716f207cfdae93a62\">\n#top #wrap_all .avia-button.av-livwd281-33a1b46021ffd64716f207cfdae93a62{\nfont-size:20px;\n-webkit-transition:all 0.4s ease-in-out;\n-moz-transition:all 0.4s ease-in-out;\n-ms-transition:all 0.4s ease-in-out;\n-o-transition:all 0.4s ease-in-out;\ntransition:all 0.4s ease-in-out;\n}\n<\/style>\n<a href='https:\/\/asociacionelrosal.org\/es\/contacto\/'  class='avia-button av-livwd281-33a1b46021ffd64716f207cfdae93a62 avia-icon_select-no avia-size-x-large avia-position-center avia-color-theme-color'  ><span class='avia_iconbox_title' >Tienes interesa en hacer voluntariado en El Rosal? - Contacta nos!<\/span><\/a><\/div>\n","protected":false},"excerpt":{"rendered":"","protected":false},"author":3,"featured_media":0,"parent":0,"menu_order":0,"comment_status":"closed","ping_status":"closed","template":"","meta":{"footnotes":""},"class_list":["post-2120","page","type-page","status-publish","hentry"],"jetpack_sharing_enabled":true,"_links":{"self":[{"href":"https:\/\/asociacionelrosal.org\/es\/wp-json\/wp\/v2\/pages\/2120","targetHints":{"allow":["GET"]}}],"collection":[{"href":"https:\/\/asociacionelrosal.org\/es\/wp-json\/wp\/v2\/pages"}],"about":[{"href":"https:\/\/asociacionelrosal.org\/es\/wp-json\/wp\/v2\/types\/page"}],"author":[{"embeddable":true,"href":"https:\/\/asociacionelrosal.org\/es\/wp-json\/wp\/v2\/users\/3"}],"replies":[{"embeddable":true,"href":"https:\/\/asociacionelrosal.org\/es\/wp-json\/wp\/v2\/comments?post=2120"}],"version-history":[{"count":10,"href":"https:\/\/asociacionelrosal.org\/es\/wp-json\/wp\/v2\/pages\/2120\/revisions"}],"predecessor-version":[{"id":3344,"href":"https:\/\/asociacionelrosal.org\/es\/wp-json\/wp\/v2\/pages\/2120\/revisions\/3344"}],"wp:attachment":[{"href":"https:\/\/asociacionelrosal.org\/es\/wp-json\/wp\/v2\/media?parent=2120"}],"curies":[{"name":"wp","href":"https:\/\/api.w.org\/{rel}","templated":true}]}}