{"id":2376,"date":"2023-05-24T17:47:07","date_gmt":"2023-05-24T17:47:07","guid":{"rendered":"https:\/\/asociacionelrosal.org\/es\/?page_id=2376"},"modified":"2023-07-10T21:29:20","modified_gmt":"2023-07-10T21:29:20","slug":"jabon-aloe-vera-puro","status":"publish","type":"page","link":"https:\/\/asociacionelrosal.org\/es\/jabon-aloe-vera-puro\/","title":{"rendered":"Jabon Aloe Vera Puro"},"content":{"rendered":"<div id='av_section_1'  class='avia-section av-ljxc9irs-99a0107ef1061494437511127131074d main_color avia-section-default avia-no-border-styling  avia-builder-el-0  el_before_av_hr  avia-builder-el-first  sticky-parent avia-bg-style-scroll container_wrap fullsize'  ><div class='container av-section-cont-open' ><main  role=\"main\" itemprop=\"mainContentOfPage\"  class='template-page content  av-content-full alpha units'><div class='post-entry post-entry-type-page post-entry-2376'><div class='entry-content-wrapper clearfix'>\n<div  class='flex_column av-lcyvmg-1beb8cebc7b71a1fd80ee6d78fc824b3 av_one_half  avia-builder-el-1  el_before_av_one_half  avia-builder-el-first  sticky-element first flex_column_div  '     ><p>\n<style type=\"text\/css\" data-created_by=\"avia_inline_auto\" id=\"style-css-av-lixanltx-2bd555fecddacc5d72bdd4672cf8f317\">\n#top .hr.hr-invisible.av-lixanltx-2bd555fecddacc5d72bdd4672cf8f317{\nheight:70px;\n}\n<\/style>\n<div  class='hr av-lixanltx-2bd555fecddacc5d72bdd4672cf8f317 hr-invisible  avia-builder-el-2  el_before_av_image  avia-builder-el-first '><span class='hr-inner '><span class=\"hr-inner-style\"><\/span><\/span><\/div><br \/>\n\n<style type=\"text\/css\" data-created_by=\"avia_inline_auto\" id=\"style-css-av-lixak4t3-995543b14b8613b5b86f7fb2272bc203\">\n.avia-image-container.av-lixak4t3-995543b14b8613b5b86f7fb2272bc203 img.avia_image{\nbox-shadow:none;\n}\n.avia-image-container.av-lixak4t3-995543b14b8613b5b86f7fb2272bc203 .av-image-caption-overlay-center{\ncolor:#ffffff;\n}\n<\/style>\n<div  class='avia-image-container av-lixak4t3-995543b14b8613b5b86f7fb2272bc203 av-styling- avia-align-center  avia-builder-el-3  el_after_av_hr  avia-builder-el-last '   itemprop=\"image\" itemscope=\"itemscope\" itemtype=\"https:\/\/schema.org\/ImageObject\" ><div class=\"avia-image-container-inner\"><div class=\"avia-image-overlay-wrap\"><img decoding=\"async\" class='wp-image-2840 avia-img-lazy-loading-not-2840 avia_image ' src=\"https:\/\/asociacionelrosal.org\/es\/wp-content\/uploads\/2023\/06\/Jabon-aloe-puro-1-1030x644.png\" alt='' title='Jabon aloe puro'  height=\"644\" width=\"1030\"  itemprop=\"thumbnailUrl\" srcset=\"https:\/\/asociacionelrosal.org\/es\/wp-content\/uploads\/2023\/06\/Jabon-aloe-puro-1-1030x644.png 1030w, https:\/\/asociacionelrosal.org\/es\/wp-content\/uploads\/2023\/06\/Jabon-aloe-puro-1-300x188.png 300w, https:\/\/asociacionelrosal.org\/es\/wp-content\/uploads\/2023\/06\/Jabon-aloe-puro-1-768x480.png 768w, https:\/\/asociacionelrosal.org\/es\/wp-content\/uploads\/2023\/06\/Jabon-aloe-puro-1-1536x960.png 1536w, https:\/\/asociacionelrosal.org\/es\/wp-content\/uploads\/2023\/06\/Jabon-aloe-puro-1-2048x1280.png 2048w, https:\/\/asociacionelrosal.org\/es\/wp-content\/uploads\/2023\/06\/Jabon-aloe-puro-1-1500x938.png 1500w, https:\/\/asociacionelrosal.org\/es\/wp-content\/uploads\/2023\/06\/Jabon-aloe-puro-1-705x441.png 705w\" sizes=\"(max-width: 1030px) 100vw, 1030px\" \/><\/div><\/div><\/div><\/p><\/div><div  class='flex_column av-jgyj6w-7c4b61449c5035985089f3928253f7dd av_one_half  avia-builder-el-4  el_after_av_one_half  avia-builder-el-last  flex_column_div  '     ><p>\n<style type=\"text\/css\" data-created_by=\"avia_inline_auto\" id=\"style-css-av-li1zubcm-190d0e1b51e410d2fbc3c8308599a242\">\n#top .av-special-heading.av-li1zubcm-190d0e1b51e410d2fbc3c8308599a242{\npadding-bottom:10px;\nfont-size:41px;\n}\nbody .av-special-heading.av-li1zubcm-190d0e1b51e410d2fbc3c8308599a242 .av-special-heading-tag .heading-char{\nfont-size:25px;\n}\n#top #wrap_all .av-special-heading.av-li1zubcm-190d0e1b51e410d2fbc3c8308599a242 .av-special-heading-tag{\nfont-size:41px;\n}\n.av-special-heading.av-li1zubcm-190d0e1b51e410d2fbc3c8308599a242 .av-subheading{\nfont-size:15px;\n}\n\n@media only screen and (min-width: 480px) and (max-width: 767px){ \n#top #wrap_all .av-special-heading.av-li1zubcm-190d0e1b51e410d2fbc3c8308599a242 .av-special-heading-tag{\nfont-size:0.8em;\n}\n}\n\n@media only screen and (max-width: 479px){ \n#top #wrap_all .av-special-heading.av-li1zubcm-190d0e1b51e410d2fbc3c8308599a242 .av-special-heading-tag{\nfont-size:0.8em;\n}\n}\n<\/style>\n<div  class='av-special-heading av-li1zubcm-190d0e1b51e410d2fbc3c8308599a242 av-special-heading-h2 blockquote modern-quote modern-centered  avia-builder-el-5  el_before_av_hr  avia-builder-el-first  av-inherit-size'><h2 class='av-special-heading-tag'  itemprop=\"headline\"  >Jab\u00f3n de Aloe Vera <\/h2><div class=\"special-heading-border\"><div class=\"special-heading-inner-border\"><\/div><\/div><\/div><br \/>\n\n<style type=\"text\/css\" data-created_by=\"avia_inline_auto\" id=\"style-css-av-li1zyjvx-fd4919157d0360dcb19c92dfa23eeff4\">\n#top .hr.hr-invisible.av-li1zyjvx-fd4919157d0360dcb19c92dfa23eeff4{\nmargin-top:-10px;\nheight:1px;\n}\n<\/style>\n<div  class='hr av-li1zyjvx-fd4919157d0360dcb19c92dfa23eeff4 hr-invisible  avia-builder-el-6  el_after_av_heading  el_before_av_textblock '><span class='hr-inner '><span class=\"hr-inner-style\"><\/span><\/span><\/div><br \/>\n\n<style type=\"text\/css\" data-created_by=\"avia_inline_auto\" id=\"style-css-av-li1zwvg8-393fe6d54ddf525214f3d80f86a270f9\">\n#top .av_textblock_section.av-li1zwvg8-393fe6d54ddf525214f3d80f86a270f9 .avia_textblock{\nfont-size:18px;\ntext-align:center;\n}\n<\/style>\n<section  class='av_textblock_section av-li1zwvg8-393fe6d54ddf525214f3d80f86a270f9 '   itemscope=\"itemscope\" itemtype=\"https:\/\/schema.org\/CreativeWork\" ><div class='avia_textblock'  itemprop=\"text\" ><p>Inspira con efecto Antienvejecimiento. &#8211; Doble efecto aloe vera contra la piel seca, para una buena sensaci\u00f3n de bienestar.<\/p>\n<\/div><\/section><br \/>\n<div  class='hr av-li1zyy6h-5027b79338db97799beb332eecdc115c hr-default  avia-builder-el-8  el_after_av_textblock  el_before_av_textblock '><span class='hr-inner '><span class=\"hr-inner-style\"><\/span><\/span><\/div><br \/>\n\n<style type=\"text\/css\" data-created_by=\"avia_inline_auto\" id=\"style-css-av-li1zy7gk-1ce920b59102f64b3f1203f918e37b67\">\n#top .av_textblock_section.av-li1zy7gk-1ce920b59102f64b3f1203f918e37b67 .avia_textblock{\nfont-size:15px;\n}\n<\/style>\n<section  class='av_textblock_section av-li1zy7gk-1ce920b59102f64b3f1203f918e37b67 '   itemscope=\"itemscope\" itemtype=\"https:\/\/schema.org\/CreativeWork\" ><div class='avia_textblock'  itemprop=\"text\" ><p>Descubra las propiedades vers\u00e1tiles de nuestro<em><strong> jab\u00f3n Aloe Vera- Aloe Puro<\/strong><\/em> &#8211; el cuidado ideal para cada tipo de piel. Con su combinaci\u00f3n \u00fanica de<em><strong> ingredientes naturales<\/strong><\/em>, nuestros jabones ofrecen numerosos beneficios para una <em><strong>piel sana y radiante<\/strong><\/em>.<\/p>\n<p>Regale a su piel un cuidado <em><strong>tonificante y revitalizante<\/strong><\/em> con nuestro jab\u00f3n Aloe Vera- Aloe Puro. Todo el poder del aloe vera para una piel <em><strong>joven y flexible<\/strong><\/em>. La combinaci\u00f3n \u00fanica de compuestos bioactivos de la planta de aloe vera hace que el aloe vera sea tan popular en el mundo de la cosm\u00e9tica. <em><strong>Al mejorar la elasticidad de la piel y reducir los poros, nuestro jab\u00f3n act\u00faa contra el acn\u00e9, las cicatrices y otros problemas cut\u00e1neos.<\/strong><\/em><\/p>\n<p>Adem\u00e1s de la calidad de nuestros productos, cuestiones como la <em><strong>sostenibilidad y el desarrollo<\/strong><\/em> son tambi\u00e9n muy importantes para nuestra asociaci\u00f3n. Uno de nuestros objetivos es crear mejores oportunidades educativas en las zonas rurales.<\/p>\n<p><em><strong>\u00bfA qu\u00e9 espera?<\/strong><\/em> Compruebe usted mismo la eficacia de nuestro Jab\u00f3n Aloe Vera Aloe Puro y ay\u00fadenos a crear un <em><strong>mundo m\u00e1s sostenible<\/strong><\/em>.<\/p>\n<\/div><\/section><br \/>\n<div  class='avia-button-wrap av-li23ate4-dfdb8a6e5987240fb1dcf310a851dbc2-wrap avia-button-center  avia-builder-el-10  el_after_av_textblock  avia-builder-el-last '>\n<style type=\"text\/css\" data-created_by=\"avia_inline_auto\" id=\"style-css-av-li23ate4-dfdb8a6e5987240fb1dcf310a851dbc2\">\n#top #wrap_all .avia-button.av-li23ate4-dfdb8a6e5987240fb1dcf310a851dbc2{\nfont-size:20px;\n-webkit-transition:all 0.4s ease-in-out;\n-moz-transition:all 0.4s ease-in-out;\n-ms-transition:all 0.4s ease-in-out;\n-o-transition:all 0.4s ease-in-out;\ntransition:all 0.4s ease-in-out;\n}\n<\/style>\n<a href='https:\/\/asociacionelrosal.org\/es\/aloe-vera\/'  class='avia-button av-li23ate4-dfdb8a6e5987240fb1dcf310a851dbc2 avia-icon_select-no avia-size-x-large avia-position-center avia-color-theme-color'  ><span class='avia_iconbox_title' >Da un click para saber mas de los beneficios del Aloe Vera<\/span><\/a><\/div><\/p><\/div>\n<\/div><\/div><\/main><!-- close content main element --><\/div><\/div><div id='after_section_1'  class='main_color av_default_container_wrap container_wrap fullsize'  ><div class='container av-section-cont-open' ><div class='template-page content  av-content-full alpha units'><div class='post-entry post-entry-type-page post-entry-2376'><div class='entry-content-wrapper clearfix'>\n\n<style type=\"text\/css\" data-created_by=\"avia_inline_auto\" id=\"style-css-av-li26vuh5-22c142bd656c958dc38576a11ef79888\">\n#top .hr.hr-invisible.av-li26vuh5-22c142bd656c958dc38576a11ef79888{\nheight:65px;\n}\n<\/style>\n<div  class='hr av-li26vuh5-22c142bd656c958dc38576a11ef79888 hr-invisible  avia-builder-el-11  el_after_av_section  el_before_av_one_fifth  avia-builder-el-first '><span class='hr-inner '><span class=\"hr-inner-style\"><\/span><\/span><\/div>\n<div  class='flex_column av-crkreg-02325ec2a9c91960774dd785c2321d7f av_one_fifth  avia-builder-el-12  el_after_av_hr  el_before_av_one_fifth  first flex_column_div  '     ><style type=\"text\/css\" data-created_by=\"avia_inline_auto\" id=\"style-css-av-li23mn5i-27e4b8f37461b13df5d3c7600b4b4629\">\n#top .av-special-heading.av-li23mn5i-27e4b8f37461b13df5d3c7600b4b4629{\npadding-bottom:10px;\n}\nbody .av-special-heading.av-li23mn5i-27e4b8f37461b13df5d3c7600b4b4629 .av-special-heading-tag .heading-char{\nfont-size:25px;\n}\n.av-special-heading.av-li23mn5i-27e4b8f37461b13df5d3c7600b4b4629 .av-subheading{\nfont-size:15px;\n}\n<\/style>\n<div  class='av-special-heading av-li23mn5i-27e4b8f37461b13df5d3c7600b4b4629 av-special-heading-h2  avia-builder-el-13  avia-builder-el-no-sibling '><h2 class='av-special-heading-tag'  itemprop=\"headline\"  >Los otros jabones<\/h2><div class=\"special-heading-border\"><div class=\"special-heading-inner-border\"><\/div><\/div><\/div><\/div>\n<div  class='flex_column av-bilw2w-5b227e62d3996260941ae7a3c823442c av_one_fifth  avia-builder-el-14  el_after_av_one_fifth  el_before_av_one_fifth  flex_column_div  '     ><p>\n<style type=\"text\/css\" data-created_by=\"avia_inline_auto\" id=\"style-css-av-li23xhyq-1764508090e99824b9e1cf2addda8b7c\">\n.avia_transform .avia-image-container.av-li23xhyq-1764508090e99824b9e1cf2addda8b7c{\n-webkit-animation-duration:2s;\n-moz-animation-duration:2s;\nanimation-duration:2s;\n}\n.avia-image-container.av-li23xhyq-1764508090e99824b9e1cf2addda8b7c img.avia_image{\nbox-shadow:none;\n}\n.avia-image-container.av-li23xhyq-1764508090e99824b9e1cf2addda8b7c .av-image-caption-overlay-center{\ncolor:#ffffff;\n}\n<\/style>\n<div  class='avia-image-container av-li23xhyq-1764508090e99824b9e1cf2addda8b7c av-styling- av-hover-grow av-hide-overflow avia_animated_image av-animated-when-visible-95 fade-in avia-align-center  avia-builder-el-15  el_before_av_textblock  avia-builder-el-first '   itemprop=\"image\" itemscope=\"itemscope\" itemtype=\"https:\/\/schema.org\/ImageObject\" ><div class=\"avia-image-container-inner\"><div class=\"avia-image-overlay-wrap\"><a href=\"https:\/\/asociacionelrosal.org\/es\/jabon-de-aloe-vera-y-papaya\/\" class='avia_image' ><img decoding=\"async\" class='wp-image-2832 avia-img-lazy-loading-not-2832 avia_image ' src=\"https:\/\/asociacionelrosal.org\/es\/wp-content\/uploads\/2023\/06\/Jabon-papaya-1030x689.png\" alt='' title='Jabon papaya'  height=\"689\" width=\"1030\"  itemprop=\"thumbnailUrl\" srcset=\"https:\/\/asociacionelrosal.org\/es\/wp-content\/uploads\/2023\/06\/Jabon-papaya-1030x689.png 1030w, https:\/\/asociacionelrosal.org\/es\/wp-content\/uploads\/2023\/06\/Jabon-papaya-300x201.png 300w, https:\/\/asociacionelrosal.org\/es\/wp-content\/uploads\/2023\/06\/Jabon-papaya-768x514.png 768w, https:\/\/asociacionelrosal.org\/es\/wp-content\/uploads\/2023\/06\/Jabon-papaya-1536x1028.png 1536w, https:\/\/asociacionelrosal.org\/es\/wp-content\/uploads\/2023\/06\/Jabon-papaya-2048x1370.png 2048w, https:\/\/asociacionelrosal.org\/es\/wp-content\/uploads\/2023\/06\/Jabon-papaya-1500x1004.png 1500w, https:\/\/asociacionelrosal.org\/es\/wp-content\/uploads\/2023\/06\/Jabon-papaya-705x472.png 705w\" sizes=\"(max-width: 1030px) 100vw, 1030px\" \/><\/a><\/div><\/div><\/div><br \/>\n\n<style type=\"text\/css\" data-created_by=\"avia_inline_auto\" id=\"style-css-av-li245aoj-44a3eb87380809760b7f21e4bd70a3ff\">\n#top .av_textblock_section.av-li245aoj-44a3eb87380809760b7f21e4bd70a3ff .avia_textblock{\ntext-align:center;\n}\n<\/style>\n<section  class='av_textblock_section av-li245aoj-44a3eb87380809760b7f21e4bd70a3ff '   itemscope=\"itemscope\" itemtype=\"https:\/\/schema.org\/CreativeWork\" ><div class='avia_textblock'  itemprop=\"text\" ><h3>Jabon de Aloe Vera y Papaya<\/h3>\n<\/div><\/section><\/p><\/div>\n<div  class='flex_column av-9jvdp4-f1ebfbf5d902372659deed6e78727307 av_one_fifth  avia-builder-el-17  el_after_av_one_fifth  el_before_av_one_fifth  flex_column_div  '     ><p>\n<style type=\"text\/css\" data-created_by=\"avia_inline_auto\" id=\"style-css-av-li23ynn0-506fc22b38e9c54f47a41886618eb8e2\">\n.avia_transform .avia-image-container.av-li23ynn0-506fc22b38e9c54f47a41886618eb8e2{\n-webkit-animation-duration:2s;\n-moz-animation-duration:2s;\nanimation-duration:2s;\n}\n.avia-image-container.av-li23ynn0-506fc22b38e9c54f47a41886618eb8e2 img.avia_image{\nbox-shadow:none;\n}\n.avia-image-container.av-li23ynn0-506fc22b38e9c54f47a41886618eb8e2 .av-image-caption-overlay-center{\ncolor:#ffffff;\n}\n<\/style>\n<div  class='avia-image-container av-li23ynn0-506fc22b38e9c54f47a41886618eb8e2 av-styling- av-hover-grow avia_animated_image av-animated-when-visible-95 fade-in avia-align-center  avia-builder-el-18  el_before_av_textblock  avia-builder-el-first '   itemprop=\"image\" itemscope=\"itemscope\" itemtype=\"https:\/\/schema.org\/ImageObject\" ><div class=\"avia-image-container-inner\"><div class=\"avia-image-overlay-wrap\"><a href=\"https:\/\/asociacionelrosal.org\/es\/jabon-de-aloe-vera-y-hierba-luisa\/\" class='avia_image' ><img decoding=\"async\" class='wp-image-2831 avia-img-lazy-loading-not-2831 avia_image ' src=\"https:\/\/asociacionelrosal.org\/es\/wp-content\/uploads\/2023\/06\/Jabon-hierba-luisa-1030x686.png\" alt='' title='Jabon hierba luisa'  height=\"686\" width=\"1030\"  itemprop=\"thumbnailUrl\" srcset=\"https:\/\/asociacionelrosal.org\/es\/wp-content\/uploads\/2023\/06\/Jabon-hierba-luisa-1030x686.png 1030w, https:\/\/asociacionelrosal.org\/es\/wp-content\/uploads\/2023\/06\/Jabon-hierba-luisa-300x200.png 300w, https:\/\/asociacionelrosal.org\/es\/wp-content\/uploads\/2023\/06\/Jabon-hierba-luisa-768x511.png 768w, https:\/\/asociacionelrosal.org\/es\/wp-content\/uploads\/2023\/06\/Jabon-hierba-luisa-1536x1023.png 1536w, https:\/\/asociacionelrosal.org\/es\/wp-content\/uploads\/2023\/06\/Jabon-hierba-luisa-2048x1364.png 2048w, https:\/\/asociacionelrosal.org\/es\/wp-content\/uploads\/2023\/06\/Jabon-hierba-luisa-1500x999.png 1500w, https:\/\/asociacionelrosal.org\/es\/wp-content\/uploads\/2023\/06\/Jabon-hierba-luisa-705x469.png 705w\" sizes=\"(max-width: 1030px) 100vw, 1030px\" \/><\/a><\/div><\/div><\/div><br \/>\n\n<style type=\"text\/css\" data-created_by=\"avia_inline_auto\" id=\"style-css-av-li245z26-c3bb1b9657ea24c8ea9193a9e81c8eff\">\n#top .av_textblock_section.av-li245z26-c3bb1b9657ea24c8ea9193a9e81c8eff .avia_textblock{\ntext-align:center;\n}\n<\/style>\n<section  class='av_textblock_section av-li245z26-c3bb1b9657ea24c8ea9193a9e81c8eff '   itemscope=\"itemscope\" itemtype=\"https:\/\/schema.org\/CreativeWork\" ><div class='avia_textblock'  itemprop=\"text\" ><h3>Jabon de Aloe Vera y Hierba Luisa<\/h3>\n<\/div><\/section><\/p><\/div>\n<div  class='flex_column av-ovyx4-e16d65ac1fd9d5ffb1aa73f95c1dd2d2 av_one_fifth  avia-builder-el-20  el_after_av_one_fifth  el_before_av_one_fifth  flex_column_div  '     ><p>\n<style type=\"text\/css\" data-created_by=\"avia_inline_auto\" id=\"style-css-av-li241mzf-3f03e6510cdd433d015bd2bf74cbafae\">\n.avia_transform .avia-image-container.av-li241mzf-3f03e6510cdd433d015bd2bf74cbafae{\n-webkit-animation-duration:2s;\n-moz-animation-duration:2s;\nanimation-duration:2s;\n}\n.avia-image-container.av-li241mzf-3f03e6510cdd433d015bd2bf74cbafae img.avia_image{\nbox-shadow:none;\n}\n.avia-image-container.av-li241mzf-3f03e6510cdd433d015bd2bf74cbafae .av-image-caption-overlay-center{\ncolor:#ffffff;\n}\n<\/style>\n<div  class='avia-image-container av-li241mzf-3f03e6510cdd433d015bd2bf74cbafae av-styling- av-hover-grow avia_animated_image av-animated-when-visible-95 fade-in avia-align-center  avia-builder-el-21  el_before_av_textblock  avia-builder-el-first '   itemprop=\"image\" itemscope=\"itemscope\" itemtype=\"https:\/\/schema.org\/ImageObject\" ><div class=\"avia-image-container-inner\"><div class=\"avia-image-overlay-wrap\"><a href=\"https:\/\/asociacionelrosal.org\/es\/jabon-de-aloe-vera-y-sangre-de-drago\/\" class='avia_image' ><img decoding=\"async\" class='wp-image-2833 avia-img-lazy-loading-not-2833 avia_image ' src=\"https:\/\/asociacionelrosal.org\/es\/wp-content\/uploads\/2023\/06\/Jabon-sangre-de-drago-1030x642.png\" alt='' title='Jabon sangre de drago'  height=\"642\" width=\"1030\"  itemprop=\"thumbnailUrl\" srcset=\"https:\/\/asociacionelrosal.org\/es\/wp-content\/uploads\/2023\/06\/Jabon-sangre-de-drago-1030x642.png 1030w, https:\/\/asociacionelrosal.org\/es\/wp-content\/uploads\/2023\/06\/Jabon-sangre-de-drago-300x187.png 300w, https:\/\/asociacionelrosal.org\/es\/wp-content\/uploads\/2023\/06\/Jabon-sangre-de-drago-768x479.png 768w, https:\/\/asociacionelrosal.org\/es\/wp-content\/uploads\/2023\/06\/Jabon-sangre-de-drago-1536x958.png 1536w, https:\/\/asociacionelrosal.org\/es\/wp-content\/uploads\/2023\/06\/Jabon-sangre-de-drago-2048x1277.png 2048w, https:\/\/asociacionelrosal.org\/es\/wp-content\/uploads\/2023\/06\/Jabon-sangre-de-drago-1500x935.png 1500w, https:\/\/asociacionelrosal.org\/es\/wp-content\/uploads\/2023\/06\/Jabon-sangre-de-drago-705x440.png 705w\" sizes=\"(max-width: 1030px) 100vw, 1030px\" \/><\/a><\/div><\/div><\/div><br \/>\n\n<style type=\"text\/css\" data-created_by=\"avia_inline_auto\" id=\"style-css-av-li246b96-02ec9f84337a38cdc00391f28d47e93a\">\n#top .av_textblock_section.av-li246b96-02ec9f84337a38cdc00391f28d47e93a .avia_textblock{\ntext-align:center;\n}\n<\/style>\n<section  class='av_textblock_section av-li246b96-02ec9f84337a38cdc00391f28d47e93a '   itemscope=\"itemscope\" itemtype=\"https:\/\/schema.org\/CreativeWork\" ><div class='avia_textblock'  itemprop=\"text\" ><h3>Jabon de Aloe Vera y Sangre de Drago<\/h3>\n<\/div><\/section><\/p><\/div>\n<div  class='flex_column av-61vey0-a0ddc4e2273eab6687f6bfce5dbed117 av_one_fifth  avia-builder-el-23  el_after_av_one_fifth  el_before_av_hr  flex_column_div  '     ><\/div>\n\n<style type=\"text\/css\" data-created_by=\"avia_inline_auto\" id=\"style-css-av-li26ye94-81432f972a95b2d7cf2ebe7ff05f66dd\">\n#top .hr.hr-invisible.av-li26ye94-81432f972a95b2d7cf2ebe7ff05f66dd{\nheight:80px;\n}\n<\/style>\n<div  class='hr av-li26ye94-81432f972a95b2d7cf2ebe7ff05f66dd hr-invisible  avia-builder-el-24  el_after_av_one_fifth  el_before_av_one_half '><span class='hr-inner '><span class=\"hr-inner-style\"><\/span><\/span><\/div>\n<div  class='flex_column av-420tns-0037282569ea206da08467b0a5fb6251 av_one_half  avia-builder-el-25  el_after_av_hr  el_before_av_one_half  first flex_column_div  '     ><div  class='avia-button-wrap av-li24nqrc-208ba3f176058e027292ba821bfb1945-wrap avia-button-center  avia-builder-el-26  avia-builder-el-no-sibling '>\n<style type=\"text\/css\" data-created_by=\"avia_inline_auto\" id=\"style-css-av-li24nqrc-208ba3f176058e027292ba821bfb1945\">\n#top #wrap_all .avia-button.av-li24nqrc-208ba3f176058e027292ba821bfb1945{\nfont-size:25px;\n-webkit-transition:all 0.4s ease-in-out;\n-moz-transition:all 0.4s ease-in-out;\n-ms-transition:all 0.4s ease-in-out;\n-o-transition:all 0.4s ease-in-out;\ntransition:all 0.4s ease-in-out;\n}\n<\/style>\n<a href='https:\/\/asociacionelrosal.org\/es\/nuestros-productos\/'  class='avia-button av-li24nqrc-208ba3f176058e027292ba821bfb1945 avia-icon_select-yes-left-icon avia-size-large avia-position-center avia-color-theme-color'  ><span class='avia_button_icon avia_button_icon_left' aria-hidden='true' data-av_icon='\ue874' data-av_iconfont='entypo-fontello'><\/span><span class='avia_iconbox_title' >Ver todo los productos<\/span><\/a><\/div><\/div>\n<div  class='flex_column av-2hbxfs-4dd66d743f0d603885c0049fd037a77f av_one_half  avia-builder-el-27  el_after_av_one_half  el_before_av_hr  flex_column_div  '     ><div  class='avia-button-wrap av-li24qa87-e16f961b337309f94632552d30148b68-wrap avia-button-center  avia-builder-el-28  avia-builder-el-no-sibling '>\n<style type=\"text\/css\" data-created_by=\"avia_inline_auto\" id=\"style-css-av-li24qa87-e16f961b337309f94632552d30148b68\">\n#top #wrap_all .avia-button.av-li24qa87-e16f961b337309f94632552d30148b68{\nfont-size:25px;\n-webkit-transition:all 0.4s ease-in-out;\n-moz-transition:all 0.4s ease-in-out;\n-ms-transition:all 0.4s ease-in-out;\n-o-transition:all 0.4s ease-in-out;\ntransition:all 0.4s ease-in-out;\n}\n<\/style>\n<a href='https:\/\/asociacionelrosal.org\/es\/ingredientes\/'  class='avia-button av-li24qa87-e16f961b337309f94632552d30148b68 avia-icon_select-yes-right-icon avia-size-large avia-position-center avia-color-theme-color'  ><span class='avia_iconbox_title' >Ver los ingredientes<\/span><span class='avia_button_icon avia_button_icon_right' aria-hidden='true' data-av_icon='\ue875' data-av_iconfont='entypo-fontello'><\/span><\/a><\/div><\/div>\n\n<style type=\"text\/css\" data-created_by=\"avia_inline_auto\" id=\"style-css-av-1y8cco-b294ac7d25383273f9e9ce6a5c185300\">\n#top .hr.hr-invisible.av-1y8cco-b294ac7d25383273f9e9ce6a5c185300{\nheight:80px;\n}\n<\/style>\n<div  class='hr av-1y8cco-b294ac7d25383273f9e9ce6a5c185300 hr-invisible  avia-builder-el-29  el_after_av_one_half  el_before_av_comments_list '><span class='hr-inner '><span class=\"hr-inner-style\"><\/span><\/span><\/div>\n<div  class='av-buildercomment av-av_comments_list-56c66b2695468e12d3120bc7169a9873'><\/div>\n","protected":false},"excerpt":{"rendered":"","protected":false},"author":3,"featured_media":0,"parent":0,"menu_order":0,"comment_status":"closed","ping_status":"closed","template":"","meta":{"footnotes":""},"class_list":["post-2376","page","type-page","status-publish","hentry"],"jetpack_sharing_enabled":true,"_links":{"self":[{"href":"https:\/\/asociacionelrosal.org\/es\/wp-json\/wp\/v2\/pages\/2376","targetHints":{"allow":["GET"]}}],"collection":[{"href":"https:\/\/asociacionelrosal.org\/es\/wp-json\/wp\/v2\/pages"}],"about":[{"href":"https:\/\/asociacionelrosal.org\/es\/wp-json\/wp\/v2\/types\/page"}],"author":[{"embeddable":true,"href":"https:\/\/asociacionelrosal.org\/es\/wp-json\/wp\/v2\/users\/3"}],"replies":[{"embeddable":true,"href":"https:\/\/asociacionelrosal.org\/es\/wp-json\/wp\/v2\/comments?post=2376"}],"version-history":[{"count":39,"href":"https:\/\/asociacionelrosal.org\/es\/wp-json\/wp\/v2\/pages\/2376\/revisions"}],"predecessor-version":[{"id":3035,"href":"https:\/\/asociacionelrosal.org\/es\/wp-json\/wp\/v2\/pages\/2376\/revisions\/3035"}],"wp:attachment":[{"href":"https:\/\/asociacionelrosal.org\/es\/wp-json\/wp\/v2\/media?parent=2376"}],"curies":[{"name":"wp","href":"https:\/\/api.w.org\/{rel}","templated":true}]}}