{"id":2419,"date":"2023-05-24T20:12:51","date_gmt":"2023-05-24T20:12:51","guid":{"rendered":"https:\/\/asociacionelrosal.org\/es\/?page_id=2419"},"modified":"2023-08-02T15:10:18","modified_gmt":"2023-08-02T15:10:18","slug":"valle-de-intag","status":"publish","type":"page","link":"https:\/\/asociacionelrosal.org\/es\/valle-de-intag\/","title":{"rendered":"Valle de Intag"},"content":{"rendered":"<div id='full_slider_1'  class='avia-fullwidth-slider main_color avia-shadow   avia-builder-el-0  el_before_av_textblock  avia-builder-el-first   container_wrap fullsize'  >\n<style type=\"text\/css\" data-created_by=\"avia_inline_auto\" id=\"style-css-av-linmm8e1-1178e2fc66a2926a817d1567fce5fc3f\">\n#top #wrap_all .avia-slideshow .av-slideshow-caption.av-linmm8e1-1178e2fc66a2926a817d1567fce5fc3f__0 .avia-caption-title{\nfont-size:50px;\n}\n#top .avia-slideshow .av-slideshow-caption.av-linmm8e1-1178e2fc66a2926a817d1567fce5fc3f__0 .avia-caption-content{\nfont-size:24px;\n}\n#top .avia-slideshow .av-slideshow-caption.av-linmm8e1-1178e2fc66a2926a817d1567fce5fc3f__0 .avia-caption-content p{\nfont-size:24px;\n}\n<\/style>\n<div  class='avia-slideshow av-linmm8e1-1178e2fc66a2926a817d1567fce5fc3f avia-slideshow-featured av_slideshow_full avia-slide-slider av-slideshow-ui av-control-default av-slideshow-manual av-loop-once av-loop-manual-endless av-default-height-applied   avia-slideshow-1' data-slideshow-options=\"{&quot;animation&quot;:&quot;slide&quot;,&quot;autoplay&quot;:false,&quot;loop_autoplay&quot;:&quot;once&quot;,&quot;interval&quot;:5,&quot;loop_manual&quot;:&quot;manual-endless&quot;,&quot;autoplay_stopper&quot;:false,&quot;noNavigation&quot;:false,&quot;bg_slider&quot;:false,&quot;keep_padding&quot;:false,&quot;hoverpause&quot;:false,&quot;show_slide_delay&quot;:0}\"  itemprop=\"image\" itemscope=\"itemscope\" itemtype=\"https:\/\/schema.org\/ImageObject\" ><ul class='avia-slideshow-inner ' style='padding-bottom: 28.666666666667%;'><li  class='avia-slideshow-slide av-linmm8e1-1178e2fc66a2926a817d1567fce5fc3f__0  av-single-slide slide-1 slide-odd'><div data-rel='slideshow-1' class='avia-slide-wrap '   ><div class='av-slideshow-caption av-linmm8e1-1178e2fc66a2926a817d1567fce5fc3f__0 caption_fullwidth caption_bottom caption_bottom_framed caption_framed'><div class=\"container caption_container\"><div class=\"slideshow_caption\"><div class=\"slideshow_inner_caption\"><div class=\"slideshow_align_caption\"><h2 class='avia-caption-title '  itemprop=\"name\" >El Valle de Intag<\/h2><div class='avia-caption-content '  itemprop=\"description\" ><p>Uno de las zonas con la biodiversidad mas grande del mundo pero un citio en peligro<\/p>\n<\/div><\/div><\/div><\/div><\/div><\/div><img decoding=\"async\" class=\"wp-image-2095 avia-img-lazy-loading-not-2095\"  src=\"https:\/\/asociacionelrosal.org\/es\/wp-content\/uploads\/2023\/05\/DSC06029-1500x430.jpg\" width=\"1500\" height=\"430\" title='DSC06029' alt=''  itemprop=\"thumbnailUrl\"   \/><\/div><\/li><\/ul><\/div><\/div><div id='after_full_slider_1'  class='main_color av_default_container_wrap container_wrap fullsize'  ><div class='container av-section-cont-open' ><div class='template-page content  av-content-full alpha units'><div class='post-entry post-entry-type-page post-entry-2419'><div class='entry-content-wrapper clearfix'>\n\n<style type=\"text\/css\" data-created_by=\"avia_inline_auto\" id=\"style-css-av-linmmz36-9b425d79377aa2388ec85b3a1b9f9dcf\">\n#top .av_textblock_section.av-linmmz36-9b425d79377aa2388ec85b3a1b9f9dcf .avia_textblock{\ntext-align:center;\n}\n<\/style>\n<section  class='av_textblock_section av-linmmz36-9b425d79377aa2388ec85b3a1b9f9dcf '   itemscope=\"itemscope\" itemtype=\"https:\/\/schema.org\/CreativeWork\" ><div class='avia_textblock'  itemprop=\"text\" ><p><em><strong>Cuando se sube a un autob\u00fas desde Otavalo en direcci\u00f3n a Cielo Verde<\/strong><\/em>, las \u00e1ridas laderas cambian lentamente y dan paso a un verde exuberante. La mayor parte del tiempo, la sinuosa carretera est\u00e1 envuelta en una espesa niebla, pero aqu\u00ed y all\u00e1 ofrece una vista de un valle con un r\u00edo salvaje fluyendo en su fondo. <em><strong>Aqu\u00ed y all\u00e1, las cascadas se precipitan en las profundidades o rocas escarpadas sobresalen de entre las copas de los \u00e1rboles.<\/strong> <\/em>Cuando por fin se llega al valle, la carretera cruza varias veces r\u00edos embravecidos llenos de pe\u00f1ascos. De derecha e izquierda se alzan escarpadas monta\u00f1as cubiertas de densa vegetaci\u00f3n o sembradas de ma\u00edz y jud\u00edas. Se ven casas ocasionales y se atraviesan peque\u00f1os asentamientos. <em><strong>Los colibr\u00edes revolotean alrededor de arbustos en flores, orqu\u00eddeas, bromelias, l\u00edquenes y helechos cubren las copas de los \u00e1rboles. Ahora ha llegado al Valle de Intag.<\/strong><\/em><\/p>\n<\/div><\/section>\n\n<style type=\"text\/css\" data-created_by=\"avia_inline_auto\" id=\"style-css-av-linnh2vn-f6db411084848dcb49b461d5e4923a5a\">\n#top .hr.hr-invisible.av-linnh2vn-f6db411084848dcb49b461d5e4923a5a{\nheight:65px;\n}\n<\/style>\n<div  class='hr av-linnh2vn-f6db411084848dcb49b461d5e4923a5a hr-invisible  avia-builder-el-2  el_after_av_textblock  el_before_av_image '><span class='hr-inner '><span class=\"hr-inner-style\"><\/span><\/span><\/div>\n\n<style type=\"text\/css\" data-created_by=\"avia_inline_auto\" id=\"style-css-av-lk71d5ai-1174038a8b551503d703e2e7bf34c898\">\n.avia-image-container.av-lk71d5ai-1174038a8b551503d703e2e7bf34c898 img.avia_image{\nbox-shadow:none;\n}\n.avia-image-container.av-lk71d5ai-1174038a8b551503d703e2e7bf34c898 .av-image-caption-overlay-center{\ncolor:#ffffff;\n}\n<\/style>\n<div  class='avia-image-container av-lk71d5ai-1174038a8b551503d703e2e7bf34c898 av-styling- avia-align-center  avia-builder-el-3  el_after_av_hr  el_before_av_hr '   itemprop=\"image\" itemscope=\"itemscope\" itemtype=\"https:\/\/schema.org\/ImageObject\" ><div class=\"avia-image-container-inner\"><div class=\"avia-image-overlay-wrap\"><img decoding=\"async\" class='wp-image-2702 avia-img-lazy-loading-not-2702 avia_image ' src=\"https:\/\/asociacionelrosal.org\/es\/wp-content\/uploads\/2023\/06\/image00173-1030x773.jpeg\" alt='' title='sdr'  height=\"773\" width=\"1030\"  itemprop=\"thumbnailUrl\" srcset=\"https:\/\/asociacionelrosal.org\/es\/wp-content\/uploads\/2023\/06\/image00173-1030x773.jpeg 1030w, https:\/\/asociacionelrosal.org\/es\/wp-content\/uploads\/2023\/06\/image00173-300x225.jpeg 300w, https:\/\/asociacionelrosal.org\/es\/wp-content\/uploads\/2023\/06\/image00173-768x576.jpeg 768w, https:\/\/asociacionelrosal.org\/es\/wp-content\/uploads\/2023\/06\/image00173-1536x1152.jpeg 1536w, https:\/\/asociacionelrosal.org\/es\/wp-content\/uploads\/2023\/06\/image00173-2048x1536.jpeg 2048w, https:\/\/asociacionelrosal.org\/es\/wp-content\/uploads\/2023\/06\/image00173-1500x1125.jpeg 1500w, https:\/\/asociacionelrosal.org\/es\/wp-content\/uploads\/2023\/06\/image00173-705x529.jpeg 705w\" sizes=\"(max-width: 1030px) 100vw, 1030px\" \/><\/div><\/div><\/div>\n\n<style type=\"text\/css\" data-created_by=\"avia_inline_auto\" id=\"style-css-av-cjoc8j-4120235744d6490f56ed91c74aab8edd\">\n#top .hr.hr-invisible.av-cjoc8j-4120235744d6490f56ed91c74aab8edd{\nheight:65px;\n}\n<\/style>\n<div  class='hr av-cjoc8j-4120235744d6490f56ed91c74aab8edd hr-invisible  avia-builder-el-4  el_after_av_image  el_before_av_heading '><span class='hr-inner '><span class=\"hr-inner-style\"><\/span><\/span><\/div>\n\n<style type=\"text\/css\" data-created_by=\"avia_inline_auto\" id=\"style-css-av-lk71eb1z-a9394c4385747563de7c94261ea6d359\">\n#top .av-special-heading.av-lk71eb1z-a9394c4385747563de7c94261ea6d359{\npadding-bottom:10px;\nfont-size:50px;\n}\nbody .av-special-heading.av-lk71eb1z-a9394c4385747563de7c94261ea6d359 .av-special-heading-tag .heading-char{\nfont-size:25px;\n}\n#top #wrap_all .av-special-heading.av-lk71eb1z-a9394c4385747563de7c94261ea6d359 .av-special-heading-tag{\nfont-size:50px;\n}\n.av-special-heading.av-lk71eb1z-a9394c4385747563de7c94261ea6d359 .av-subheading{\nfont-size:15px;\n}\n\n@media only screen and (min-width: 480px) and (max-width: 767px){ \n#top #wrap_all .av-special-heading.av-lk71eb1z-a9394c4385747563de7c94261ea6d359 .av-special-heading-tag{\nfont-size:0.8em;\n}\n}\n\n@media only screen and (max-width: 479px){ \n#top #wrap_all .av-special-heading.av-lk71eb1z-a9394c4385747563de7c94261ea6d359 .av-special-heading-tag{\nfont-size:0.8em;\n}\n}\n<\/style>\n<div  class='av-special-heading av-lk71eb1z-a9394c4385747563de7c94261ea6d359 av-special-heading-h2 blockquote modern-quote modern-centered  avia-builder-el-5  el_after_av_hr  el_before_av_hr  av-inherit-size'><h2 class='av-special-heading-tag'  itemprop=\"headline\"  >Informaci\u00f3n general<\/h2><div class=\"special-heading-border\"><div class=\"special-heading-inner-border\"><\/div><\/div><\/div>\n\n<style type=\"text\/css\" data-created_by=\"avia_inline_auto\" id=\"style-css-av-lk71kvuu-c4a9400a396cdb1fa464c9c74fa3727c\">\n#top .hr.hr-invisible.av-lk71kvuu-c4a9400a396cdb1fa464c9c74fa3727c{\nheight:20px;\n}\n<\/style>\n<div  class='hr av-lk71kvuu-c4a9400a396cdb1fa464c9c74fa3727c hr-invisible  avia-builder-el-6  el_after_av_heading  el_before_av_textblock '><span class='hr-inner '><span class=\"hr-inner-style\"><\/span><\/span><\/div>\n\n<style type=\"text\/css\" data-created_by=\"avia_inline_auto\" id=\"style-css-av-linmqeeq-5fabb18bc4fa3d3a9b28b5bb209a1339\">\n#top .av_textblock_section.av-linmqeeq-5fabb18bc4fa3d3a9b28b5bb209a1339 .avia_textblock{\ntext-align:center;\n}\n<\/style>\n<section  class='av_textblock_section av-linmqeeq-5fabb18bc4fa3d3a9b28b5bb209a1339 '   itemscope=\"itemscope\" itemtype=\"https:\/\/schema.org\/CreativeWork\" ><div class='avia_textblock'  itemprop=\"text\" ><h2><\/h2>\n<p><em><strong>El Valle de Intag se encuentra entre las altas monta\u00f1as de los Andes y la Costa Tropical<\/strong><\/em>. Aqu\u00ed existe una gran variedad de h\u00e1bitad y un sistema fluvial densamente ramificado alimenta los bosques nublados. En consecuencia, <em><strong>aqu\u00ed viven muchas especies animales y vegetales diferentes<\/strong><\/em>. Tambi\u00e9n hay mucha agricultura. <em><strong>La mayor\u00eda de las familias viven principalmente de forma autosuficiente y cultivan diferentes tipos de pl\u00e1tanos, yuca, ma\u00edz, frutas y aguacates, cr\u00edan cerdos, vacas, pollos, patos y peces.<\/strong> <\/em>Pero tambi\u00e9n <em><strong>hay una amplia zona de bosque primario<\/strong><\/em>, refugio de osos de anteojos, jaguares, armadillos, especies raras de anfibios, aves, insectos y plantas.<\/p>\n<\/div><\/section>\n\n<style type=\"text\/css\" data-created_by=\"avia_inline_auto\" id=\"style-css-av-akrtsz-df919ea171235ea525be2962ed6a1105\">\n#top .hr.hr-invisible.av-akrtsz-df919ea171235ea525be2962ed6a1105{\nheight:65px;\n}\n<\/style>\n<div  class='hr av-akrtsz-df919ea171235ea525be2962ed6a1105 hr-invisible  avia-builder-el-8  el_after_av_textblock  el_before_av_image '><span class='hr-inner '><span class=\"hr-inner-style\"><\/span><\/span><\/div>\n\n<style type=\"text\/css\" data-created_by=\"avia_inline_auto\" id=\"style-css-av-linmr0np-a3bebc986c22eea109cfb276c4cefce7\">\n.avia-image-container.av-linmr0np-a3bebc986c22eea109cfb276c4cefce7 img.avia_image{\nbox-shadow:none;\n}\n.avia-image-container.av-linmr0np-a3bebc986c22eea109cfb276c4cefce7 .av-image-caption-overlay-center{\ncolor:#ffffff;\n}\n<\/style>\n<div  class='avia-image-container av-linmr0np-a3bebc986c22eea109cfb276c4cefce7 av-styling- avia-align-center  avia-builder-el-9  el_after_av_hr  el_before_av_hr '   itemprop=\"image\" itemscope=\"itemscope\" itemtype=\"https:\/\/schema.org\/ImageObject\" ><div class=\"avia-image-container-inner\"><div class=\"avia-image-overlay-wrap\"><img decoding=\"async\" class='wp-image-2148 avia-img-lazy-loading-not-2148 avia_image ' src=\"https:\/\/asociacionelrosal.org\/es\/wp-content\/uploads\/2023\/05\/IMG_20230512_132316_5541.jpg\" alt='' title='IMG_20230512_132316_554(1)'  height=\"578\" width=\"1024\"  itemprop=\"thumbnailUrl\" srcset=\"https:\/\/asociacionelrosal.org\/es\/wp-content\/uploads\/2023\/05\/IMG_20230512_132316_5541.jpg 1024w, https:\/\/asociacionelrosal.org\/es\/wp-content\/uploads\/2023\/05\/IMG_20230512_132316_5541-300x169.jpg 300w, https:\/\/asociacionelrosal.org\/es\/wp-content\/uploads\/2023\/05\/IMG_20230512_132316_5541-768x434.jpg 768w, https:\/\/asociacionelrosal.org\/es\/wp-content\/uploads\/2023\/05\/IMG_20230512_132316_5541-705x398.jpg 705w\" sizes=\"(max-width: 1024px) 100vw, 1024px\" \/><\/div><\/div><\/div>\n\n<style type=\"text\/css\" data-created_by=\"avia_inline_auto\" id=\"style-css-av-9bo8qb-5667ca2382f67e85b9a5f8b83e7915ca\">\n#top .hr.hr-invisible.av-9bo8qb-5667ca2382f67e85b9a5f8b83e7915ca{\nheight:65px;\n}\n<\/style>\n<div  class='hr av-9bo8qb-5667ca2382f67e85b9a5f8b83e7915ca hr-invisible  avia-builder-el-10  el_after_av_image  el_before_av_heading '><span class='hr-inner '><span class=\"hr-inner-style\"><\/span><\/span><\/div>\n\n<style type=\"text\/css\" data-created_by=\"avia_inline_auto\" id=\"style-css-av-lk71f1xh-11e2bf5d55837af6f25a534e8d1a051b\">\n#top .av-special-heading.av-lk71f1xh-11e2bf5d55837af6f25a534e8d1a051b{\npadding-bottom:10px;\nfont-size:50px;\n}\nbody .av-special-heading.av-lk71f1xh-11e2bf5d55837af6f25a534e8d1a051b .av-special-heading-tag .heading-char{\nfont-size:25px;\n}\n#top #wrap_all .av-special-heading.av-lk71f1xh-11e2bf5d55837af6f25a534e8d1a051b .av-special-heading-tag{\nfont-size:50px;\n}\n.av-special-heading.av-lk71f1xh-11e2bf5d55837af6f25a534e8d1a051b .av-subheading{\nfont-size:15px;\n}\n\n@media only screen and (min-width: 480px) and (max-width: 767px){ \n#top #wrap_all .av-special-heading.av-lk71f1xh-11e2bf5d55837af6f25a534e8d1a051b .av-special-heading-tag{\nfont-size:0.8em;\n}\n}\n\n@media only screen and (max-width: 479px){ \n#top #wrap_all .av-special-heading.av-lk71f1xh-11e2bf5d55837af6f25a534e8d1a051b .av-special-heading-tag{\nfont-size:0.8em;\n}\n}\n<\/style>\n<div  class='av-special-heading av-lk71f1xh-11e2bf5d55837af6f25a534e8d1a051b av-special-heading-h2 blockquote modern-quote modern-centered  avia-builder-el-11  el_after_av_hr  el_before_av_hr  av-inherit-size'><h2 class='av-special-heading-tag'  itemprop=\"headline\"  >El Conflicto minerial en Intag<\/h2><div class=\"special-heading-border\"><div class=\"special-heading-inner-border\"><\/div><\/div><\/div>\n\n<style type=\"text\/css\" data-created_by=\"avia_inline_auto\" id=\"style-css-av-41m903-cd722d39901507144aa4fbd852abcca7\">\n#top .hr.hr-invisible.av-41m903-cd722d39901507144aa4fbd852abcca7{\nheight:20px;\n}\n<\/style>\n<div  class='hr av-41m903-cd722d39901507144aa4fbd852abcca7 hr-invisible  avia-builder-el-12  el_after_av_heading  el_before_av_textblock '><span class='hr-inner '><span class=\"hr-inner-style\"><\/span><\/span><\/div>\n\n<style type=\"text\/css\" data-created_by=\"avia_inline_auto\" id=\"style-css-av-linmrurq-6310d4da0fc690e169cdc72ddaa063ec\">\n#top .av_textblock_section.av-linmrurq-6310d4da0fc690e169cdc72ddaa063ec .avia_textblock{\ntext-align:center;\n}\n<\/style>\n<section  class='av_textblock_section av-linmrurq-6310d4da0fc690e169cdc72ddaa063ec '   itemscope=\"itemscope\" itemtype=\"https:\/\/schema.org\/CreativeWork\" ><div class='avia_textblock'  itemprop=\"text\" ><h2><\/h2>\n<p>Desde hace varias d\u00e9cadas, sin embargo, la regi\u00f3n est\u00e1 dividida. No s\u00f3lo los tesoros de la naturaleza est\u00e1n ricamente repartidos por aqu\u00ed:<em><strong> Bajo las ra\u00edces del bosque nuboso se almacenan los llamados recursos minerales, como oro, cobre y plata.<\/strong> <\/em>Mientras una parte de la poblaci\u00f3n ve en la miner\u00eda oportunidades -empleos, ampliaci\u00f3n de las infraestructuras, dinero para el desarrollo regional-, una parte mayor ve el peligro: la amenaza de la contaminaci\u00f3n de los r\u00edos, la tala de los bosques, el aumento de la erosi\u00f3n de la tierra&#8230; en resumen, la destrucci\u00f3n de los medios de vida de las personas y los animales de la regi\u00f3n. Por ello, este grupo de personas lleva a\u00f1os luchando con bastante \u00e9xito contra el creciente asentamiento de empresas mineras. Se han formado varias organizaciones que quieren mostrar alternativas a la miner\u00eda: Una de ellas cultiva caf\u00e9 de forma ecol\u00f3gica, otra produce arte y objetos utilitarios a partir de lufa y sisal, y otras se dedican al turismo comunitario sostenible.<\/p>\n<\/div><\/section>\n\n<style type=\"text\/css\" data-created_by=\"avia_inline_auto\" id=\"style-css-av-7v5t6b-80f1821831b1cbf5bab00fac64966145\">\n#top .hr.hr-invisible.av-7v5t6b-80f1821831b1cbf5bab00fac64966145{\nheight:65px;\n}\n<\/style>\n<div  class='hr av-7v5t6b-80f1821831b1cbf5bab00fac64966145 hr-invisible  avia-builder-el-14  el_after_av_textblock  el_before_av_video '><span class='hr-inner '><span class=\"hr-inner-style\"><\/span><\/span><\/div>\n\n<style type=\"text\/css\" data-created_by=\"avia_inline_auto\" id=\"style-css-av-linmskfi-b9190d2ad6ec64e387f9be5682cf1d20\">\n.avia-video.av-linmskfi-b9190d2ad6ec64e387f9be5682cf1d20{\nbackground-image:url(https:\/\/asociacionelrosal.org\/es\/wp-content\/uploads\/2023\/06\/impacto-mineria-1030x579.jpg);\n}\n<\/style>\n<div  class='avia-video av-linmskfi-b9190d2ad6ec64e387f9be5682cf1d20 avia-video-16-9 av-preview-image avia-video-load-always av-lazyload-immediate av-lazyload-video-embed'  itemprop=\"video\" itemtype=\"https:\/\/schema.org\/VideoObject\"  data-original_url='https:\/\/youtu.be\/Wxag5V3QP68'><script type='text\/html' class='av-video-tmpl'><div class='avia-iframe-wrap'><iframe loading=\"lazy\" title=\"El impacto minerial en el Valle de Intag\" width=\"1500\" height=\"844\" src=\"https:\/\/www.youtube.com\/embed\/Wxag5V3QP68?feature=oembed&autoplay=0&loop=0&controls=1&mute=0\" frameborder=\"0\" allow=\"accelerometer; autoplay; clipboard-write; encrypted-media; gyroscope; picture-in-picture; web-share\" allowfullscreen><\/iframe><\/div><\/script><div class='av-click-to-play-overlay'><div class=\"avia_playpause_icon\"><\/div><\/div><\/div>\n\n<style type=\"text\/css\" data-created_by=\"avia_inline_auto\" id=\"style-css-av-6gaqyr-aad85998427cec07a64f2d268b12bbac\">\n#top .hr.hr-invisible.av-6gaqyr-aad85998427cec07a64f2d268b12bbac{\nheight:65px;\n}\n<\/style>\n<div  class='hr av-6gaqyr-aad85998427cec07a64f2d268b12bbac hr-invisible  avia-builder-el-16  el_after_av_video  el_before_av_heading '><span class='hr-inner '><span class=\"hr-inner-style\"><\/span><\/span><\/div>\n\n<style type=\"text\/css\" data-created_by=\"avia_inline_auto\" id=\"style-css-av-lk71ftwr-d93965bd555a5dfcc5dbdfb4439290fc\">\n#top .av-special-heading.av-lk71ftwr-d93965bd555a5dfcc5dbdfb4439290fc{\npadding-bottom:10px;\nfont-size:50px;\n}\nbody .av-special-heading.av-lk71ftwr-d93965bd555a5dfcc5dbdfb4439290fc .av-special-heading-tag .heading-char{\nfont-size:25px;\n}\n#top #wrap_all .av-special-heading.av-lk71ftwr-d93965bd555a5dfcc5dbdfb4439290fc .av-special-heading-tag{\nfont-size:50px;\n}\n.av-special-heading.av-lk71ftwr-d93965bd555a5dfcc5dbdfb4439290fc .av-subheading{\nfont-size:15px;\n}\n\n@media only screen and (min-width: 480px) and (max-width: 767px){ \n#top #wrap_all .av-special-heading.av-lk71ftwr-d93965bd555a5dfcc5dbdfb4439290fc .av-special-heading-tag{\nfont-size:0.8em;\n}\n}\n\n@media only screen and (max-width: 479px){ \n#top #wrap_all .av-special-heading.av-lk71ftwr-d93965bd555a5dfcc5dbdfb4439290fc .av-special-heading-tag{\nfont-size:0.8em;\n}\n}\n<\/style>\n<div  class='av-special-heading av-lk71ftwr-d93965bd555a5dfcc5dbdfb4439290fc av-special-heading-h2 blockquote modern-quote modern-centered  avia-builder-el-17  el_after_av_hr  el_before_av_hr  av-inherit-size'><h2 class='av-special-heading-tag'  itemprop=\"headline\"  >Nuestro papel en la regi\u00f3n<\/h2><div class=\"special-heading-border\"><div class=\"special-heading-inner-border\"><\/div><\/div><\/div>\n\n<style type=\"text\/css\" data-created_by=\"avia_inline_auto\" id=\"style-css-av-1uo66r-99c3f3dd64f7a4b82432b985e4e5ad97\">\n#top .hr.hr-invisible.av-1uo66r-99c3f3dd64f7a4b82432b985e4e5ad97{\nheight:20px;\n}\n<\/style>\n<div  class='hr av-1uo66r-99c3f3dd64f7a4b82432b985e4e5ad97 hr-invisible  avia-builder-el-18  el_after_av_heading  el_before_av_textblock '><span class='hr-inner '><span class=\"hr-inner-style\"><\/span><\/span><\/div>\n\n<style type=\"text\/css\" data-created_by=\"avia_inline_auto\" id=\"style-css-av-linmtgfr-2334643ea8b484540e4c3f92a9291a9f\">\n#top .av_textblock_section.av-linmtgfr-2334643ea8b484540e4c3f92a9291a9f .avia_textblock{\ntext-align:center;\n}\n<\/style>\n<section  class='av_textblock_section av-linmtgfr-2334643ea8b484540e4c3f92a9291a9f '   itemscope=\"itemscope\" itemtype=\"https:\/\/schema.org\/CreativeWork\" ><div class='avia_textblock'  itemprop=\"text\" ><h2><\/h2>\n<p>Con nuestra producci\u00f3n de cosm\u00e9ticos naturales, tambi\u00e9n formamos parte de esta red.<em><strong> Por tanto, la compra de nuestros productos apoya un modo de vida sostenible que, seg\u00fan la Constituci\u00f3n ecuatoriana, hace posible el Buen Vivir y protege los derechos de la naturaleza -de la Pachamama (Madre Tierra)- que tambi\u00e9n est\u00e1n recogidos en la Constituci\u00f3n.<\/strong><\/em> Tambi\u00e9n ayuda a fortalecer los derechos de nosotras las mujeres, ya que tenemos un ingreso por la venta de nuestros productos que nos permite vivir de manera m\u00e1s independiente. Como demuestran los estudios, las mujeres trabajamos m\u00e1s, sobre todo en las zonas rurales, pero en la mayor\u00eda de los casos se trata de trabajo no remunerado, como cocinar, limpiar, lavar y cuidar de los familiares. As\u00ed que <em><strong>Naturaloe se ha convertido en un importante pilar para nosotras.<\/strong><\/em><\/p>\n<\/div><\/section>\n\n<style type=\"text\/css\" data-created_by=\"avia_inline_auto\" id=\"style-css-av-linnkjet-a65fa01ba049283d7e77b482e2ceffe2\">\n#top .hr.hr-invisible.av-linnkjet-a65fa01ba049283d7e77b482e2ceffe2{\nheight:60px;\n}\n<\/style>\n<div  class='hr av-linnkjet-a65fa01ba049283d7e77b482e2ceffe2 hr-invisible  avia-builder-el-20  el_after_av_textblock  el_before_av_one_half '><span class='hr-inner '><span class=\"hr-inner-style\"><\/span><\/span><\/div>\n<div  class='flex_column av-3loh4z-a562f92b7eb736655e9104e8dfa8a684 av_one_half  avia-builder-el-21  el_after_av_hr  el_before_av_one_half  first flex_column_div  '     ><div  class='avia-button-wrap av-linmvwa1-cd426a4b9fbd54ffeb81f16c47dc10e0-wrap avia-button-center  avia-builder-el-22  avia-builder-el-no-sibling '><a href=''  class='avia-button av-linmvwa1-cd426a4b9fbd54ffeb81f16c47dc10e0 avia-icon_select-yes-left-icon avia-size-x-large avia-position-center avia-color-theme-color'  ><span class='avia_button_icon avia_button_icon_left' aria-hidden='true' data-av_icon='\ue893' data-av_iconfont='entypo-fontello'><\/span><span class='avia_iconbox_title' >Leer mas sobre nosostros y nuestra historia <\/span><\/a><\/div><\/div>\n<div  class='flex_column av-2cgtgj-205caa1fb92ab7c59a0a4c53aab7d552 av_one_half  avia-builder-el-23  el_after_av_one_half  avia-builder-el-last  flex_column_div  '     ><div  class='avia-button-wrap av-linmx08j-c198e183735db5470f898fee71c15bf3-wrap avia-button-center  avia-builder-el-24  avia-builder-el-no-sibling '><a href='https:\/\/asociacionelrosal.org\/es\/nuestra-lucha-contra-la-mineria\/'  class='avia-button av-linmx08j-c198e183735db5470f898fee71c15bf3 avia-icon_select-yes-right-icon avia-size-x-large avia-position-center avia-color-theme-color'  ><span class='avia_iconbox_title' >Leer mas sobre nuestra lucha contra la mineria <\/span><span class='avia_button_icon avia_button_icon_right' aria-hidden='true' data-av_icon='\ue892' data-av_iconfont='entypo-fontello'><\/span><\/a><\/div><\/div>\n","protected":false},"excerpt":{"rendered":"","protected":false},"author":3,"featured_media":0,"parent":0,"menu_order":0,"comment_status":"closed","ping_status":"closed","template":"","meta":{"footnotes":""},"class_list":["post-2419","page","type-page","status-publish","hentry"],"jetpack_sharing_enabled":true,"_links":{"self":[{"href":"https:\/\/asociacionelrosal.org\/es\/wp-json\/wp\/v2\/pages\/2419","targetHints":{"allow":["GET"]}}],"collection":[{"href":"https:\/\/asociacionelrosal.org\/es\/wp-json\/wp\/v2\/pages"}],"about":[{"href":"https:\/\/asociacionelrosal.org\/es\/wp-json\/wp\/v2\/types\/page"}],"author":[{"embeddable":true,"href":"https:\/\/asociacionelrosal.org\/es\/wp-json\/wp\/v2\/users\/3"}],"replies":[{"embeddable":true,"href":"https:\/\/asociacionelrosal.org\/es\/wp-json\/wp\/v2\/comments?post=2419"}],"version-history":[{"count":7,"href":"https:\/\/asociacionelrosal.org\/es\/wp-json\/wp\/v2\/pages\/2419\/revisions"}],"predecessor-version":[{"id":3342,"href":"https:\/\/asociacionelrosal.org\/es\/wp-json\/wp\/v2\/pages\/2419\/revisions\/3342"}],"wp:attachment":[{"href":"https:\/\/asociacionelrosal.org\/es\/wp-json\/wp\/v2\/media?parent=2419"}],"curies":[{"name":"wp","href":"https:\/\/api.w.org\/{rel}","templated":true}]}}