{"id":2425,"date":"2023-05-24T20:14:41","date_gmt":"2023-05-24T20:14:41","guid":{"rendered":"https:\/\/asociacionelrosal.org\/es\/?page_id=2425"},"modified":"2023-07-10T21:30:31","modified_gmt":"2023-07-10T21:30:31","slug":"jabon-de-aloe-vera-y-hierba-luisa","status":"publish","type":"page","link":"https:\/\/asociacionelrosal.org\/es\/jabon-de-aloe-vera-y-hierba-luisa\/","title":{"rendered":"Jabon de Aloe Vera y Hierba Luisa"},"content":{"rendered":"<div id='av_section_1'  class='avia-section av-ljxcvotr-83a72671f8d1e733e0c3950ee991432d main_color avia-section-default avia-no-border-styling  avia-builder-el-0  el_before_av_hr  avia-builder-el-first  sticky-parent avia-bg-style-scroll container_wrap fullsize'  ><div class='container av-section-cont-open' ><main  role=\"main\" itemprop=\"mainContentOfPage\"  class='template-page content  av-content-full alpha units'><div class='post-entry post-entry-type-page post-entry-2425'><div class='entry-content-wrapper clearfix'>\n<div  class='flex_column av-10syixl-4ff187dc171fedad078d91dfdb83386c av_one_half  avia-builder-el-1  el_before_av_one_half  avia-builder-el-first  sticky-element first flex_column_div  '     ><p>\n<style type=\"text\/css\" data-created_by=\"avia_inline_auto\" id=\"style-css-av-lixb3198-b3d015c522d74bb096ff3b5d3f0e4c2a\">\n#top .hr.hr-invisible.av-lixb3198-b3d015c522d74bb096ff3b5d3f0e4c2a{\nheight:70px;\n}\n<\/style>\n<div  class='hr av-lixb3198-b3d015c522d74bb096ff3b5d3f0e4c2a hr-invisible  avia-builder-el-2  el_before_av_image  avia-builder-el-first '><span class='hr-inner '><span class=\"hr-inner-style\"><\/span><\/span><\/div><br \/>\n\n<style type=\"text\/css\" data-created_by=\"avia_inline_auto\" id=\"style-css-av-lixawoya-201d395bf046472764cc721fbba985eb\">\n.avia-image-container.av-lixawoya-201d395bf046472764cc721fbba985eb img.avia_image{\nbox-shadow:none;\n}\n.avia-image-container.av-lixawoya-201d395bf046472764cc721fbba985eb .av-image-caption-overlay-center{\ncolor:#ffffff;\n}\n<\/style>\n<div  class='avia-image-container av-lixawoya-201d395bf046472764cc721fbba985eb av-styling- avia-align-center  avia-builder-el-3  el_after_av_hr  avia-builder-el-last '   itemprop=\"image\" itemscope=\"itemscope\" itemtype=\"https:\/\/schema.org\/ImageObject\" ><div class=\"avia-image-container-inner\"><div class=\"avia-image-overlay-wrap\"><img decoding=\"async\" class='wp-image-2831 avia-img-lazy-loading-not-2831 avia_image ' src=\"https:\/\/asociacionelrosal.org\/es\/wp-content\/uploads\/2023\/06\/Jabon-hierba-luisa-1030x686.png\" alt='' title='Jabon hierba luisa'  height=\"686\" width=\"1030\"  itemprop=\"thumbnailUrl\" srcset=\"https:\/\/asociacionelrosal.org\/es\/wp-content\/uploads\/2023\/06\/Jabon-hierba-luisa-1030x686.png 1030w, https:\/\/asociacionelrosal.org\/es\/wp-content\/uploads\/2023\/06\/Jabon-hierba-luisa-300x200.png 300w, https:\/\/asociacionelrosal.org\/es\/wp-content\/uploads\/2023\/06\/Jabon-hierba-luisa-768x511.png 768w, https:\/\/asociacionelrosal.org\/es\/wp-content\/uploads\/2023\/06\/Jabon-hierba-luisa-1536x1023.png 1536w, https:\/\/asociacionelrosal.org\/es\/wp-content\/uploads\/2023\/06\/Jabon-hierba-luisa-2048x1364.png 2048w, https:\/\/asociacionelrosal.org\/es\/wp-content\/uploads\/2023\/06\/Jabon-hierba-luisa-1500x999.png 1500w, https:\/\/asociacionelrosal.org\/es\/wp-content\/uploads\/2023\/06\/Jabon-hierba-luisa-705x469.png 705w\" sizes=\"(max-width: 1030px) 100vw, 1030px\" \/><\/div><\/div><\/div><\/p><\/div><div  class='flex_column av-zvrto9-7ef5d00b7ee5e69b2bd77dd8cab4592d av_one_half  avia-builder-el-4  el_after_av_one_half  avia-builder-el-last  flex_column_div  '     ><p>\n<style type=\"text\/css\" data-created_by=\"avia_inline_auto\" id=\"style-css-av-lixay8w3-181c085d35470024f3f9dff5bc5c5321\">\n#top .av-special-heading.av-lixay8w3-181c085d35470024f3f9dff5bc5c5321{\npadding-bottom:10px;\nfont-size:41px;\n}\nbody .av-special-heading.av-lixay8w3-181c085d35470024f3f9dff5bc5c5321 .av-special-heading-tag .heading-char{\nfont-size:25px;\n}\n#top #wrap_all .av-special-heading.av-lixay8w3-181c085d35470024f3f9dff5bc5c5321 .av-special-heading-tag{\nfont-size:41px;\n}\n.av-special-heading.av-lixay8w3-181c085d35470024f3f9dff5bc5c5321 .av-subheading{\nfont-size:15px;\n}\n\n@media only screen and (min-width: 480px) and (max-width: 767px){ \n#top #wrap_all .av-special-heading.av-lixay8w3-181c085d35470024f3f9dff5bc5c5321 .av-special-heading-tag{\nfont-size:0.8em;\n}\n}\n\n@media only screen and (max-width: 479px){ \n#top #wrap_all .av-special-heading.av-lixay8w3-181c085d35470024f3f9dff5bc5c5321 .av-special-heading-tag{\nfont-size:0.8em;\n}\n}\n<\/style>\n<div  class='av-special-heading av-lixay8w3-181c085d35470024f3f9dff5bc5c5321 av-special-heading-h2 blockquote modern-quote modern-centered  avia-builder-el-5  el_before_av_hr  avia-builder-el-first  av-inherit-size'><h2 class='av-special-heading-tag'  itemprop=\"headline\"  >Jab\u00f3n de Aloe Vera y Hierba Luisa<\/h2><div class=\"special-heading-border\"><div class=\"special-heading-inner-border\"><\/div><\/div><\/div><br \/>\n\n<style type=\"text\/css\" data-created_by=\"avia_inline_auto\" id=\"style-css-av-y9p7bt-ec188c94573b2d1a5603bef7f6e0e572\">\n#top .hr.hr-invisible.av-y9p7bt-ec188c94573b2d1a5603bef7f6e0e572{\nmargin-top:-10px;\nheight:1px;\n}\n<\/style>\n<div  class='hr av-y9p7bt-ec188c94573b2d1a5603bef7f6e0e572 hr-invisible  avia-builder-el-6  el_after_av_heading  el_before_av_textblock '><span class='hr-inner '><span class=\"hr-inner-style\"><\/span><\/span><\/div><br \/>\n\n<style type=\"text\/css\" data-created_by=\"avia_inline_auto\" id=\"style-css-av-lixaym8b-4551298f24bfa94c70e1559227b69ab1\">\n#top .av_textblock_section.av-lixaym8b-4551298f24bfa94c70e1559227b69ab1 .avia_textblock{\nfont-size:18px;\ntext-align:center;\n}\n<\/style>\n<section  class='av_textblock_section av-lixaym8b-4551298f24bfa94c70e1559227b69ab1 '   itemscope=\"itemscope\" itemtype=\"https:\/\/schema.org\/CreativeWork\" ><div class='avia_textblock'  itemprop=\"text\" ><p>Descubra las propiedades vers\u00e1tiles de nuestro <em><strong>Jab\u00f3n de Aloe Vera y Hierba Luisa<\/strong><\/em> &#8211; y sobre el <em><strong>cuidado ideal para cada tipo de piel, gracias a su combinaci\u00f3n \u00fanica de ingredientes naturales<\/strong><\/em>, nuestro jab\u00f3n ofrece numerosos beneficios para una <em><strong>piel sana y radiante.<\/strong><\/em><\/p>\n<\/div><\/section><br \/>\n<div  class='hr av-w0zwa1-1f4bcb66b06e8f66e6bd595685d176d4 hr-default  avia-builder-el-8  el_after_av_textblock  el_before_av_textblock '><span class='hr-inner '><span class=\"hr-inner-style\"><\/span><\/span><\/div><br \/>\n\n<style type=\"text\/css\" data-created_by=\"avia_inline_auto\" id=\"style-css-av-lixaz0x2-0cbea8371eb01d27aba1402865d8d229\">\n#top .av_textblock_section.av-lixaz0x2-0cbea8371eb01d27aba1402865d8d229 .avia_textblock{\nfont-size:15px;\n}\n<\/style>\n<section  class='av_textblock_section av-lixaz0x2-0cbea8371eb01d27aba1402865d8d229 '   itemscope=\"itemscope\" itemtype=\"https:\/\/schema.org\/CreativeWork\" ><div class='avia_textblock'  itemprop=\"text\" ><p><em><strong>Mima tu piel con<\/strong><\/em> nuestro Jab\u00f3n de<strong><em> Aloe Vera y Hierba Luisa<\/em><\/strong> y dale un cuidado renovador y revitalizante. El alto contenido de Aloe Vera ecol\u00f3gico y Hierba Luisa no s\u00f3lo calma la piel seca y sensible, sino que tambi\u00e9n proporciona un cuidado \u00f3ptimo. Los aceites esenciales de Hierba Luisa tambi\u00e9n tienen un <em><strong>maravilloso efecto calmante sobre su piel<\/strong><\/em> y ayudan a <em><strong>prevenir<\/strong> <\/em>el <em><strong>envejecimiento<\/strong><\/em> prematuro. Experimente c\u00f3mo su piel se vuelve suave, flexible y fresca despu\u00e9s de cada aplicaci\u00f3n.<\/p>\n<p>Adem\u00e1s de la calidad de nuestros productos, cuestiones como la sostenibilidad y el desarrollo tambi\u00e9n tienen una gran prioridad en nuestra asociaci\u00f3n.\u00a0 Uno de <em>nuestros objetivos<\/em> es compartir nuestros valores con otras personas. Nuestros productos de alta calidad convencen a la gente del valor de la naturaleza.<\/p>\n<p><em><strong>\u00bfA qu\u00e9 esperas?<\/strong><\/em> Conv\u00e9ncete de la eficacia de nuestro jab\u00f3n de Aloe Vera y Hierba Luisa y ap\u00f3yanos en la creaci\u00f3n de un mundo m\u00e1s sostenible.<\/p>\n<p><strong>\u00a0<\/strong><\/p>\n<\/div><\/section><br \/>\n<div  class='avia-button-wrap av-lixazl5o-113733125d429ac62787d7b365bf9547-wrap avia-button-center  avia-builder-el-10  el_after_av_textblock  avia-builder-el-last '>\n<style type=\"text\/css\" data-created_by=\"avia_inline_auto\" id=\"style-css-av-lixazl5o-113733125d429ac62787d7b365bf9547\">\n#top #wrap_all .avia-button.av-lixazl5o-113733125d429ac62787d7b365bf9547{\nfont-size:20px;\n-webkit-transition:all 0.4s ease-in-out;\n-moz-transition:all 0.4s ease-in-out;\n-ms-transition:all 0.4s ease-in-out;\n-o-transition:all 0.4s ease-in-out;\ntransition:all 0.4s ease-in-out;\n}\n<\/style>\n<a href=''  class='avia-button av-lixazl5o-113733125d429ac62787d7b365bf9547 avia-icon_select-no avia-size-x-large avia-position-center avia-color-theme-color'  ><span class='avia_iconbox_title' >Da un click para saber mas sobre los beneficios de la Hierba Luisa<\/span><\/a><\/div><\/p><\/div>\n<\/div><\/div><\/main><!-- close content main element --><\/div><\/div><div id='after_section_1'  class='main_color av_default_container_wrap container_wrap fullsize'  ><div class='container av-section-cont-open' ><div class='template-page content  av-content-full alpha units'><div class='post-entry post-entry-type-page post-entry-2425'><div class='entry-content-wrapper clearfix'>\n\n<style type=\"text\/css\" data-created_by=\"avia_inline_auto\" id=\"style-css-av-vbvm9l-904354d4c07fa488bd5ce802eb1bfffc\">\n#top .hr.hr-invisible.av-vbvm9l-904354d4c07fa488bd5ce802eb1bfffc{\nheight:65px;\n}\n<\/style>\n<div  class='hr av-vbvm9l-904354d4c07fa488bd5ce802eb1bfffc hr-invisible  avia-builder-el-11  el_after_av_section  el_before_av_one_fifth  avia-builder-el-first '><span class='hr-inner '><span class=\"hr-inner-style\"><\/span><\/span><\/div>\n<div  class='flex_column av-r0t21l-c538421494f0036ff610061d69a32ed3 av_one_fifth  avia-builder-el-12  el_after_av_hr  el_before_av_one_fifth  first flex_column_div  '     ><style type=\"text\/css\" data-created_by=\"avia_inline_auto\" id=\"style-css-av-pie92h-9f8f7b8f26d62c0604fd4233698ea2a8\">\n#top .av-special-heading.av-pie92h-9f8f7b8f26d62c0604fd4233698ea2a8{\npadding-bottom:10px;\n}\nbody .av-special-heading.av-pie92h-9f8f7b8f26d62c0604fd4233698ea2a8 .av-special-heading-tag .heading-char{\nfont-size:25px;\n}\n.av-special-heading.av-pie92h-9f8f7b8f26d62c0604fd4233698ea2a8 .av-subheading{\nfont-size:15px;\n}\n<\/style>\n<div  class='av-special-heading av-pie92h-9f8f7b8f26d62c0604fd4233698ea2a8 av-special-heading-h2  avia-builder-el-13  avia-builder-el-no-sibling '><h2 class='av-special-heading-tag'  itemprop=\"headline\"  >Los otros jabones<\/h2><div class=\"special-heading-border\"><div class=\"special-heading-inner-border\"><\/div><\/div><\/div><\/div>\n<div  class='flex_column av-o9mvt5-f90542a227735439478904a6df02ff0d av_one_fifth  avia-builder-el-14  el_after_av_one_fifth  el_before_av_one_fifth  flex_column_div  '     ><p>\n<style type=\"text\/css\" data-created_by=\"avia_inline_auto\" id=\"style-css-av-lixb0rej-0ddd095a346b7814446e3ca357107adf\">\n.avia_transform .avia-image-container.av-lixb0rej-0ddd095a346b7814446e3ca357107adf{\n-webkit-animation-duration:2s;\n-moz-animation-duration:2s;\nanimation-duration:2s;\n}\n.avia-image-container.av-lixb0rej-0ddd095a346b7814446e3ca357107adf img.avia_image{\nbox-shadow:none;\n}\n.avia-image-container.av-lixb0rej-0ddd095a346b7814446e3ca357107adf .av-image-caption-overlay-center{\ncolor:#ffffff;\n}\n<\/style>\n<div  class='avia-image-container av-lixb0rej-0ddd095a346b7814446e3ca357107adf av-styling- av-hover-grow avia_animated_image av-animated-when-visible-95 fade-in avia-align-center  avia-builder-el-15  el_before_av_textblock  avia-builder-el-first '   itemprop=\"image\" itemscope=\"itemscope\" itemtype=\"https:\/\/schema.org\/ImageObject\" ><div class=\"avia-image-container-inner\"><div class=\"avia-image-overlay-wrap\"><a href=\"https:\/\/asociacionelrosal.org\/es\/jabon-aloe-vera-puro\/\" class='avia_image' ><img decoding=\"async\" class='wp-image-2840 avia-img-lazy-loading-not-2840 avia_image ' src=\"https:\/\/asociacionelrosal.org\/es\/wp-content\/uploads\/2023\/06\/Jabon-aloe-puro-1-1030x644.png\" alt='' title='Jabon aloe puro'  height=\"644\" width=\"1030\"  itemprop=\"thumbnailUrl\" srcset=\"https:\/\/asociacionelrosal.org\/es\/wp-content\/uploads\/2023\/06\/Jabon-aloe-puro-1-1030x644.png 1030w, https:\/\/asociacionelrosal.org\/es\/wp-content\/uploads\/2023\/06\/Jabon-aloe-puro-1-300x188.png 300w, https:\/\/asociacionelrosal.org\/es\/wp-content\/uploads\/2023\/06\/Jabon-aloe-puro-1-768x480.png 768w, https:\/\/asociacionelrosal.org\/es\/wp-content\/uploads\/2023\/06\/Jabon-aloe-puro-1-1536x960.png 1536w, https:\/\/asociacionelrosal.org\/es\/wp-content\/uploads\/2023\/06\/Jabon-aloe-puro-1-2048x1280.png 2048w, https:\/\/asociacionelrosal.org\/es\/wp-content\/uploads\/2023\/06\/Jabon-aloe-puro-1-1500x938.png 1500w, https:\/\/asociacionelrosal.org\/es\/wp-content\/uploads\/2023\/06\/Jabon-aloe-puro-1-705x441.png 705w\" sizes=\"(max-width: 1030px) 100vw, 1030px\" \/><\/a><\/div><\/div><\/div><br \/>\n\n<style type=\"text\/css\" data-created_by=\"avia_inline_auto\" id=\"style-css-av-lixb1g7i-9145724e4732289a229fd78107b09584\">\n#top .av_textblock_section.av-lixb1g7i-9145724e4732289a229fd78107b09584 .avia_textblock{\ntext-align:center;\n}\n<\/style>\n<section  class='av_textblock_section av-lixb1g7i-9145724e4732289a229fd78107b09584 '   itemscope=\"itemscope\" itemtype=\"https:\/\/schema.org\/CreativeWork\" ><div class='avia_textblock'  itemprop=\"text\" ><h3>Jab\u00f3n de Aloe Puro<\/h3>\n<\/div><\/section><\/p><\/div>\n<div  class='flex_column av-m9lfm1-acb3174c0ac92085900208939208d979 av_one_fifth  avia-builder-el-17  el_after_av_one_fifth  el_before_av_one_fifth  flex_column_div  '     ><p>\n<style type=\"text\/css\" data-created_by=\"avia_inline_auto\" id=\"style-css-av-k37ptl-c69a2d159c1aaace1b02ec00d27920a9\">\n.avia_transform .avia-image-container.av-k37ptl-c69a2d159c1aaace1b02ec00d27920a9{\n-webkit-animation-duration:2s;\n-moz-animation-duration:2s;\nanimation-duration:2s;\n}\n.avia-image-container.av-k37ptl-c69a2d159c1aaace1b02ec00d27920a9 img.avia_image{\nbox-shadow:none;\n}\n.avia-image-container.av-k37ptl-c69a2d159c1aaace1b02ec00d27920a9 .av-image-caption-overlay-center{\ncolor:#ffffff;\n}\n<\/style>\n<div  class='avia-image-container av-k37ptl-c69a2d159c1aaace1b02ec00d27920a9 av-styling- av-hover-grow av-hide-overflow avia_animated_image av-animated-when-visible-95 fade-in avia-align-center  avia-builder-el-18  el_before_av_textblock  avia-builder-el-first '   itemprop=\"image\" itemscope=\"itemscope\" itemtype=\"https:\/\/schema.org\/ImageObject\" ><div class=\"avia-image-container-inner\"><div class=\"avia-image-overlay-wrap\"><a href=\"https:\/\/asociacionelrosal.org\/es\/jabon-de-aloe-vera-y-papaya\/\" class='avia_image' ><img decoding=\"async\" class='wp-image-2832 avia-img-lazy-loading-not-2832 avia_image ' src=\"https:\/\/asociacionelrosal.org\/es\/wp-content\/uploads\/2023\/06\/Jabon-papaya-1030x689.png\" alt='' title='Jabon papaya'  height=\"689\" width=\"1030\"  itemprop=\"thumbnailUrl\" srcset=\"https:\/\/asociacionelrosal.org\/es\/wp-content\/uploads\/2023\/06\/Jabon-papaya-1030x689.png 1030w, https:\/\/asociacionelrosal.org\/es\/wp-content\/uploads\/2023\/06\/Jabon-papaya-300x201.png 300w, https:\/\/asociacionelrosal.org\/es\/wp-content\/uploads\/2023\/06\/Jabon-papaya-768x514.png 768w, https:\/\/asociacionelrosal.org\/es\/wp-content\/uploads\/2023\/06\/Jabon-papaya-1536x1028.png 1536w, https:\/\/asociacionelrosal.org\/es\/wp-content\/uploads\/2023\/06\/Jabon-papaya-2048x1370.png 2048w, https:\/\/asociacionelrosal.org\/es\/wp-content\/uploads\/2023\/06\/Jabon-papaya-1500x1004.png 1500w, https:\/\/asociacionelrosal.org\/es\/wp-content\/uploads\/2023\/06\/Jabon-papaya-705x472.png 705w\" sizes=\"(max-width: 1030px) 100vw, 1030px\" \/><\/a><\/div><\/div><\/div><br \/>\n\n<style type=\"text\/css\" data-created_by=\"avia_inline_auto\" id=\"style-css-av-jdh5c9-b203c33b5c9193e080027bf4b694dc4c\">\n#top .av_textblock_section.av-jdh5c9-b203c33b5c9193e080027bf4b694dc4c .avia_textblock{\ntext-align:center;\n}\n<\/style>\n<section  class='av_textblock_section av-jdh5c9-b203c33b5c9193e080027bf4b694dc4c '   itemscope=\"itemscope\" itemtype=\"https:\/\/schema.org\/CreativeWork\" ><div class='avia_textblock'  itemprop=\"text\" ><h3>Jab\u00f3n de Aloe Vera y Papaya<\/h3>\n<\/div><\/section><\/p><\/div>\n<div  class='flex_column av-i3jzg9-cfefed7857496cf0351dbd4f8abb4980 av_one_fifth  avia-builder-el-20  el_after_av_one_fifth  el_before_av_one_fifth  flex_column_div  '     ><p>\n<style type=\"text\/css\" data-created_by=\"avia_inline_auto\" id=\"style-css-av-fjcspl-0caeb7e07e9bbde020afa120bb5e02b1\">\n.avia_transform .avia-image-container.av-fjcspl-0caeb7e07e9bbde020afa120bb5e02b1{\n-webkit-animation-duration:2s;\n-moz-animation-duration:2s;\nanimation-duration:2s;\n}\n.avia-image-container.av-fjcspl-0caeb7e07e9bbde020afa120bb5e02b1 img.avia_image{\nbox-shadow:none;\n}\n.avia-image-container.av-fjcspl-0caeb7e07e9bbde020afa120bb5e02b1 .av-image-caption-overlay-center{\ncolor:#ffffff;\n}\n<\/style>\n<div  class='avia-image-container av-fjcspl-0caeb7e07e9bbde020afa120bb5e02b1 av-styling- av-hover-grow avia_animated_image av-animated-when-visible-95 fade-in avia-align-center  avia-builder-el-21  el_before_av_textblock  avia-builder-el-first '   itemprop=\"image\" itemscope=\"itemscope\" itemtype=\"https:\/\/schema.org\/ImageObject\" ><div class=\"avia-image-container-inner\"><div class=\"avia-image-overlay-wrap\"><a href=\"https:\/\/asociacionelrosal.org\/es\/jabon-de-aloe-vera-y-sangre-de-drago\/\" class='avia_image' ><img decoding=\"async\" class='wp-image-2833 avia-img-lazy-loading-not-2833 avia_image ' src=\"https:\/\/asociacionelrosal.org\/es\/wp-content\/uploads\/2023\/06\/Jabon-sangre-de-drago-1030x642.png\" alt='' title='Jabon sangre de drago'  height=\"642\" width=\"1030\"  itemprop=\"thumbnailUrl\" srcset=\"https:\/\/asociacionelrosal.org\/es\/wp-content\/uploads\/2023\/06\/Jabon-sangre-de-drago-1030x642.png 1030w, https:\/\/asociacionelrosal.org\/es\/wp-content\/uploads\/2023\/06\/Jabon-sangre-de-drago-300x187.png 300w, https:\/\/asociacionelrosal.org\/es\/wp-content\/uploads\/2023\/06\/Jabon-sangre-de-drago-768x479.png 768w, https:\/\/asociacionelrosal.org\/es\/wp-content\/uploads\/2023\/06\/Jabon-sangre-de-drago-1536x958.png 1536w, https:\/\/asociacionelrosal.org\/es\/wp-content\/uploads\/2023\/06\/Jabon-sangre-de-drago-2048x1277.png 2048w, https:\/\/asociacionelrosal.org\/es\/wp-content\/uploads\/2023\/06\/Jabon-sangre-de-drago-1500x935.png 1500w, https:\/\/asociacionelrosal.org\/es\/wp-content\/uploads\/2023\/06\/Jabon-sangre-de-drago-705x440.png 705w\" sizes=\"(max-width: 1030px) 100vw, 1030px\" \/><\/a><\/div><\/div><\/div><br \/>\n\n<style type=\"text\/css\" data-created_by=\"avia_inline_auto\" id=\"style-css-av-ecxvkp-182f3c1fb5235415949a65c6369f4538\">\n#top .av_textblock_section.av-ecxvkp-182f3c1fb5235415949a65c6369f4538 .avia_textblock{\ntext-align:center;\n}\n<\/style>\n<section  class='av_textblock_section av-ecxvkp-182f3c1fb5235415949a65c6369f4538 '   itemscope=\"itemscope\" itemtype=\"https:\/\/schema.org\/CreativeWork\" ><div class='avia_textblock'  itemprop=\"text\" ><h3>Jab\u00f3n de Aloe Vera y Sangre de Drago<\/h3>\n<\/div><\/section><\/p><\/div>\n<div  class='flex_column av-brn92x-6f1a34f7d9604e2247e2fa5e85d52844 av_one_fifth  avia-builder-el-23  el_after_av_one_fifth  el_before_av_hr  flex_column_div  '     ><\/div>\n\n<style type=\"text\/css\" data-created_by=\"avia_inline_auto\" id=\"style-css-av-bdp2dl-7c9e041fb66b3cd8078ebb1cb944fc6a\">\n#top .hr.hr-invisible.av-bdp2dl-7c9e041fb66b3cd8078ebb1cb944fc6a{\nheight:80px;\n}\n<\/style>\n<div  class='hr av-bdp2dl-7c9e041fb66b3cd8078ebb1cb944fc6a hr-invisible  avia-builder-el-24  el_after_av_one_fifth  el_before_av_one_half '><span class='hr-inner '><span class=\"hr-inner-style\"><\/span><\/span><\/div>\n<div  class='flex_column av-9cv3y1-18eb5df64fe1e0413e003a3ee0544f6e av_one_half  avia-builder-el-25  el_after_av_hr  el_before_av_one_half  first flex_column_div  '     ><div  class='avia-button-wrap av-7w1qvd-61ea6958d791a3efe92221f25837902e-wrap avia-button-center  avia-builder-el-26  avia-builder-el-no-sibling '>\n<style type=\"text\/css\" data-created_by=\"avia_inline_auto\" id=\"style-css-av-7w1qvd-61ea6958d791a3efe92221f25837902e\">\n#top #wrap_all .avia-button.av-7w1qvd-61ea6958d791a3efe92221f25837902e{\nfont-size:25px;\n-webkit-transition:all 0.4s ease-in-out;\n-moz-transition:all 0.4s ease-in-out;\n-ms-transition:all 0.4s ease-in-out;\n-o-transition:all 0.4s ease-in-out;\ntransition:all 0.4s ease-in-out;\n}\n<\/style>\n<a href='https:\/\/asociacionelrosal.org\/es\/nuestros-productos\/'  class='avia-button av-7w1qvd-61ea6958d791a3efe92221f25837902e avia-icon_select-yes-left-icon avia-size-large avia-position-center avia-color-theme-color'  ><span class='avia_button_icon avia_button_icon_left' aria-hidden='true' data-av_icon='\ue874' data-av_iconfont='entypo-fontello'><\/span><span class='avia_iconbox_title' >Ver todo los productos<\/span><\/a><\/div><\/div>\n<div  class='flex_column av-55skwp-4a43a6cc63b67dd15e8ba30750739473 av_one_half  avia-builder-el-27  el_after_av_one_half  el_before_av_hr  flex_column_div  '     ><div  class='avia-button-wrap av-4rrlw9-75bde54eac6686942d814634b2aea954-wrap avia-button-center  avia-builder-el-28  avia-builder-el-no-sibling '>\n<style type=\"text\/css\" data-created_by=\"avia_inline_auto\" id=\"style-css-av-4rrlw9-75bde54eac6686942d814634b2aea954\">\n#top #wrap_all .avia-button.av-4rrlw9-75bde54eac6686942d814634b2aea954{\nfont-size:25px;\n-webkit-transition:all 0.4s ease-in-out;\n-moz-transition:all 0.4s ease-in-out;\n-ms-transition:all 0.4s ease-in-out;\n-o-transition:all 0.4s ease-in-out;\ntransition:all 0.4s ease-in-out;\n}\n<\/style>\n<a href='https:\/\/asociacionelrosal.org\/es\/ingredientes\/'  class='avia-button av-4rrlw9-75bde54eac6686942d814634b2aea954 avia-icon_select-yes-right-icon avia-size-large avia-position-center avia-color-theme-color'  ><span class='avia_iconbox_title' >Ver los ingredientes<\/span><span class='avia_button_icon avia_button_icon_right' aria-hidden='true' data-av_icon='\ue875' data-av_iconfont='entypo-fontello'><\/span><\/a><\/div><\/div>\n\n<style type=\"text\/css\" data-created_by=\"avia_inline_auto\" id=\"style-css-av-30qg2x-1e5a4f8b8c4ca891eb9cd25a055e7fd4\">\n#top .hr.hr-invisible.av-30qg2x-1e5a4f8b8c4ca891eb9cd25a055e7fd4{\nheight:80px;\n}\n<\/style>\n<div  class='hr av-30qg2x-1e5a4f8b8c4ca891eb9cd25a055e7fd4 hr-invisible  avia-builder-el-29  el_after_av_one_half  el_before_av_comments_list '><span class='hr-inner '><span class=\"hr-inner-style\"><\/span><\/span><\/div>\n<div  class='av-buildercomment av-av_comments_list-56c66b2695468e12d3120bc7169a9873'><\/div>\n","protected":false},"excerpt":{"rendered":"","protected":false},"author":3,"featured_media":0,"parent":0,"menu_order":0,"comment_status":"closed","ping_status":"closed","template":"","meta":{"footnotes":""},"class_list":["post-2425","page","type-page","status-publish","hentry"],"jetpack_sharing_enabled":true,"_links":{"self":[{"href":"https:\/\/asociacionelrosal.org\/es\/wp-json\/wp\/v2\/pages\/2425","targetHints":{"allow":["GET"]}}],"collection":[{"href":"https:\/\/asociacionelrosal.org\/es\/wp-json\/wp\/v2\/pages"}],"about":[{"href":"https:\/\/asociacionelrosal.org\/es\/wp-json\/wp\/v2\/types\/page"}],"author":[{"embeddable":true,"href":"https:\/\/asociacionelrosal.org\/es\/wp-json\/wp\/v2\/users\/3"}],"replies":[{"embeddable":true,"href":"https:\/\/asociacionelrosal.org\/es\/wp-json\/wp\/v2\/comments?post=2425"}],"version-history":[{"count":8,"href":"https:\/\/asociacionelrosal.org\/es\/wp-json\/wp\/v2\/pages\/2425\/revisions"}],"predecessor-version":[{"id":3036,"href":"https:\/\/asociacionelrosal.org\/es\/wp-json\/wp\/v2\/pages\/2425\/revisions\/3036"}],"wp:attachment":[{"href":"https:\/\/asociacionelrosal.org\/es\/wp-json\/wp\/v2\/media?parent=2425"}],"curies":[{"name":"wp","href":"https:\/\/api.w.org\/{rel}","templated":true}]}}