{"id":2428,"date":"2023-05-24T20:15:10","date_gmt":"2023-05-24T20:15:10","guid":{"rendered":"https:\/\/asociacionelrosal.org\/es\/?page_id=2428"},"modified":"2023-07-10T21:32:55","modified_gmt":"2023-07-10T21:32:55","slug":"jabon-de-aloe-vera-y-sangre-de-drago","status":"publish","type":"page","link":"https:\/\/asociacionelrosal.org\/es\/jabon-de-aloe-vera-y-sangre-de-drago\/","title":{"rendered":"Jab\u00f3n de Aloe Vera y Sangre de Drago"},"content":{"rendered":"<div id='av_section_1'  class='avia-section av-ljxd19hl-7922223a849378a13978dc0fe93b1807 main_color avia-section-default avia-no-border-styling  avia-builder-el-0  el_before_av_hr  avia-builder-el-first  sticky-parent avia-bg-style-scroll container_wrap fullsize'  ><div class='container av-section-cont-open' ><main  role=\"main\" itemprop=\"mainContentOfPage\"  class='template-page content  av-content-full alpha units'><div class='post-entry post-entry-type-page post-entry-2428'><div class='entry-content-wrapper clearfix'>\n<div  class='flex_column av-112z1bw-b01b083c9bfd9f2949e572ae9321244c av_one_half  avia-builder-el-1  el_before_av_one_half  avia-builder-el-first  sticky-element first flex_column_div  '     ><p>\n<style type=\"text\/css\" data-created_by=\"avia_inline_auto\" id=\"style-css-av-lixbdvaw-60a0b4076b2ae0ea206335b4d6b13e47\">\n#top .hr.hr-invisible.av-lixbdvaw-60a0b4076b2ae0ea206335b4d6b13e47{\nheight:70px;\n}\n<\/style>\n<div  class='hr av-lixbdvaw-60a0b4076b2ae0ea206335b4d6b13e47 hr-invisible  avia-builder-el-2  el_before_av_image  avia-builder-el-first '><span class='hr-inner '><span class=\"hr-inner-style\"><\/span><\/span><\/div><br \/>\n\n<style type=\"text\/css\" data-created_by=\"avia_inline_auto\" id=\"style-css-av-lixbdmoq-45c20b90a745897f3dc9d7b53966bce4\">\n.avia-image-container.av-lixbdmoq-45c20b90a745897f3dc9d7b53966bce4 img.avia_image{\nbox-shadow:none;\n}\n.avia-image-container.av-lixbdmoq-45c20b90a745897f3dc9d7b53966bce4 .av-image-caption-overlay-center{\ncolor:#ffffff;\n}\n<\/style>\n<div  class='avia-image-container av-lixbdmoq-45c20b90a745897f3dc9d7b53966bce4 av-styling- avia-align-center  avia-builder-el-3  el_after_av_hr  avia-builder-el-last '   itemprop=\"image\" itemscope=\"itemscope\" itemtype=\"https:\/\/schema.org\/ImageObject\" ><div class=\"avia-image-container-inner\"><div class=\"avia-image-overlay-wrap\"><img decoding=\"async\" class='wp-image-2833 avia-img-lazy-loading-not-2833 avia_image ' src=\"https:\/\/asociacionelrosal.org\/es\/wp-content\/uploads\/2023\/06\/Jabon-sangre-de-drago-1030x642.png\" alt='' title='Jabon sangre de drago'  height=\"642\" width=\"1030\"  itemprop=\"thumbnailUrl\" srcset=\"https:\/\/asociacionelrosal.org\/es\/wp-content\/uploads\/2023\/06\/Jabon-sangre-de-drago-1030x642.png 1030w, https:\/\/asociacionelrosal.org\/es\/wp-content\/uploads\/2023\/06\/Jabon-sangre-de-drago-300x187.png 300w, https:\/\/asociacionelrosal.org\/es\/wp-content\/uploads\/2023\/06\/Jabon-sangre-de-drago-768x479.png 768w, https:\/\/asociacionelrosal.org\/es\/wp-content\/uploads\/2023\/06\/Jabon-sangre-de-drago-1536x958.png 1536w, https:\/\/asociacionelrosal.org\/es\/wp-content\/uploads\/2023\/06\/Jabon-sangre-de-drago-2048x1277.png 2048w, https:\/\/asociacionelrosal.org\/es\/wp-content\/uploads\/2023\/06\/Jabon-sangre-de-drago-1500x935.png 1500w, https:\/\/asociacionelrosal.org\/es\/wp-content\/uploads\/2023\/06\/Jabon-sangre-de-drago-705x440.png 705w\" sizes=\"(max-width: 1030px) 100vw, 1030px\" \/><\/div><\/div><\/div><\/p><\/div><div  class='flex_column av-zwbbu4-5fb75b2cce4343b5618e22111aa2f862 av_one_half  avia-builder-el-4  el_after_av_one_half  avia-builder-el-last  flex_column_div  '     ><p>\n<style type=\"text\/css\" data-created_by=\"avia_inline_auto\" id=\"style-css-av-lixbelfn-fb220c75db8ba2bdb292d3714981728a\">\n#top .av-special-heading.av-lixbelfn-fb220c75db8ba2bdb292d3714981728a{\npadding-bottom:10px;\nfont-size:41px;\n}\nbody .av-special-heading.av-lixbelfn-fb220c75db8ba2bdb292d3714981728a .av-special-heading-tag .heading-char{\nfont-size:25px;\n}\n#top #wrap_all .av-special-heading.av-lixbelfn-fb220c75db8ba2bdb292d3714981728a .av-special-heading-tag{\nfont-size:41px;\n}\n.av-special-heading.av-lixbelfn-fb220c75db8ba2bdb292d3714981728a .av-subheading{\nfont-size:15px;\n}\n\n@media only screen and (min-width: 480px) and (max-width: 767px){ \n#top #wrap_all .av-special-heading.av-lixbelfn-fb220c75db8ba2bdb292d3714981728a .av-special-heading-tag{\nfont-size:0.8em;\n}\n}\n\n@media only screen and (max-width: 479px){ \n#top #wrap_all .av-special-heading.av-lixbelfn-fb220c75db8ba2bdb292d3714981728a .av-special-heading-tag{\nfont-size:0.8em;\n}\n}\n<\/style>\n<div  class='av-special-heading av-lixbelfn-fb220c75db8ba2bdb292d3714981728a av-special-heading-h2 blockquote modern-quote modern-centered  avia-builder-el-5  el_before_av_hr  avia-builder-el-first  av-inherit-size'><h2 class='av-special-heading-tag'  itemprop=\"headline\"  >Jab\u00f3n de Aloe Vera y Sangre de Drago<\/h2><div class=\"special-heading-border\"><div class=\"special-heading-inner-border\"><\/div><\/div><\/div><br \/>\n\n<style type=\"text\/css\" data-created_by=\"avia_inline_auto\" id=\"style-css-av-3dvhek-15fa6a75106cb700a48bc3f78fc16cad\">\n#top .hr.hr-invisible.av-3dvhek-15fa6a75106cb700a48bc3f78fc16cad{\nmargin-top:-10px;\nheight:1px;\n}\n<\/style>\n<div  class='hr av-3dvhek-15fa6a75106cb700a48bc3f78fc16cad hr-invisible  avia-builder-el-6  el_after_av_heading  el_before_av_textblock '><span class='hr-inner '><span class=\"hr-inner-style\"><\/span><\/span><\/div><br \/>\n\n<style type=\"text\/css\" data-created_by=\"avia_inline_auto\" id=\"style-css-av-lixbf3xw-e8629e8a52ef5eb03af31ff7853d6b9f\">\n#top .av_textblock_section.av-lixbf3xw-e8629e8a52ef5eb03af31ff7853d6b9f .avia_textblock{\nfont-size:18px;\ntext-align:center;\n}\n<\/style>\n<section  class='av_textblock_section av-lixbf3xw-e8629e8a52ef5eb03af31ff7853d6b9f '   itemscope=\"itemscope\" itemtype=\"https:\/\/schema.org\/CreativeWork\" ><div class='avia_textblock'  itemprop=\"text\" ><p>Perfecto para quienes sufren irritaciones cut\u00e1neas. <strong><em>Protege la piel gracias a las propiedades antimicrobianas y antiinflamatorias de Sangre de Drago.<\/em><\/strong><\/p>\n<\/div><\/section><br \/>\n<div  class='hr av-vqfo0c-d8986de2a45bd2bb101c2ab150ae5eae hr-default  avia-builder-el-8  el_after_av_textblock  el_before_av_textblock '><span class='hr-inner '><span class=\"hr-inner-style\"><\/span><\/span><\/div><br \/>\n\n<style type=\"text\/css\" data-created_by=\"avia_inline_auto\" id=\"style-css-av-lixbfh83-36e3cfb09248de5507f58326b86b4ea4\">\n#top .av_textblock_section.av-lixbfh83-36e3cfb09248de5507f58326b86b4ea4 .avia_textblock{\nfont-size:15px;\n}\n<\/style>\n<section  class='av_textblock_section av-lixbfh83-36e3cfb09248de5507f58326b86b4ea4 '   itemscope=\"itemscope\" itemtype=\"https:\/\/schema.org\/CreativeWork\" ><div class='avia_textblock'  itemprop=\"text\" ><p><em><strong>Descubra las vers\u00e1tiles propiedades de nuestro jab\u00f3n de Aloe Vera y Sangre de Drago<\/strong><\/em>, el cuidado ideal para todo tipo de pieles. Con su combinaci\u00f3n \u00fanica de ingredientes naturales, nuestro jab\u00f3n ofrece numerosos beneficios para una piel sana y radiante.<\/p>\n<p>D\u00e9 a su piel un tratamiento lujoso y estimulante con nuestro Jab\u00f3n de Aloe Vera y Sangre de Drago. El alto contenido de Aloe Vera org\u00e1nico y Sangre de Drago resulta en un efecto sin\u00e9rgico de los dos ingredientes.<em><strong> La Sangre de Drago, como antibi\u00f3tico natural, es extremadamente eficaz en el proceso de curaci\u00f3n de la piel. Sus propiedades antiinflamatorias ayudan en la lucha contra el acn\u00e9 y otras irritaciones de la piel.<\/strong><\/em><\/p>\n<p>Adem\u00e1s de la calidad de nuestros productos, cuestiones como la sostenibilidad y el desarrollo tambi\u00e9n tienen una gran prioridad en nuestra asociaci\u00f3n. <em><strong>Uno de nuestros objetivos es promover la igualdad de derechos para las mujeres.<\/strong><\/em><\/p>\n<p><strong><em>\u00bfA qu\u00e9 espera?<\/em><\/strong> Conv\u00e9nzase de la eficacia de nuestro jab\u00f3n de Aloe Vera y Hierba Luisa y ap\u00f3yenos en la creaci\u00f3n de un mundo m\u00e1s sostenible.<\/p>\n<\/div><\/section><br \/>\n<div  class='avia-button-wrap av-lixbg3qx-fb5853438cd055a6790a26ade04431e7-wrap avia-button-center  avia-builder-el-10  el_after_av_textblock  avia-builder-el-last '>\n<style type=\"text\/css\" data-created_by=\"avia_inline_auto\" id=\"style-css-av-lixbg3qx-fb5853438cd055a6790a26ade04431e7\">\n#top #wrap_all .avia-button.av-lixbg3qx-fb5853438cd055a6790a26ade04431e7{\nfont-size:20px;\n-webkit-transition:all 0.4s ease-in-out;\n-moz-transition:all 0.4s ease-in-out;\n-ms-transition:all 0.4s ease-in-out;\n-o-transition:all 0.4s ease-in-out;\ntransition:all 0.4s ease-in-out;\n}\n<\/style>\n<a href='https:\/\/asociacionelrosal.org\/es\/sangre-de-drago\/'  class='avia-button av-lixbg3qx-fb5853438cd055a6790a26ade04431e7 avia-icon_select-no avia-size-x-large avia-position-center avia-color-theme-color'  ><span class='avia_iconbox_title' >Click para saber mas sobre los beneficios del sangre de drago<\/span><\/a><\/div><\/p><\/div>\n<\/div><\/div><\/main><!-- close content main element --><\/div><\/div><div id='after_section_1'  class='main_color av_default_container_wrap container_wrap fullsize'  ><div class='container av-section-cont-open' ><div class='template-page content  av-content-full alpha units'><div class='post-entry post-entry-type-page post-entry-2428'><div class='entry-content-wrapper clearfix'>\n\n<style type=\"text\/css\" data-created_by=\"avia_inline_auto\" id=\"style-css-av-u0jnoc-652a52f2cfefaef29beba2266407b663\">\n#top .hr.hr-invisible.av-u0jnoc-652a52f2cfefaef29beba2266407b663{\nheight:65px;\n}\n<\/style>\n<div  class='hr av-u0jnoc-652a52f2cfefaef29beba2266407b663 hr-invisible  avia-builder-el-11  el_after_av_section  el_before_av_one_fifth  avia-builder-el-first '><span class='hr-inner '><span class=\"hr-inner-style\"><\/span><\/span><\/div>\n<div  class='flex_column av-rmq8jg-ecc5d11650a89ef7c897d9378d4a44a5 av_one_fifth  avia-builder-el-12  el_after_av_hr  el_before_av_one_fifth  first flex_column_div  '     ><style type=\"text\/css\" data-created_by=\"avia_inline_auto\" id=\"style-css-av-q31zrg-601d7de97c2d834c7907786425d6eb82\">\n#top .av-special-heading.av-q31zrg-601d7de97c2d834c7907786425d6eb82{\npadding-bottom:10px;\n}\nbody .av-special-heading.av-q31zrg-601d7de97c2d834c7907786425d6eb82 .av-special-heading-tag .heading-char{\nfont-size:25px;\n}\n.av-special-heading.av-q31zrg-601d7de97c2d834c7907786425d6eb82 .av-subheading{\nfont-size:15px;\n}\n<\/style>\n<div  class='av-special-heading av-q31zrg-601d7de97c2d834c7907786425d6eb82 av-special-heading-h2  avia-builder-el-13  avia-builder-el-no-sibling '><h2 class='av-special-heading-tag'  itemprop=\"headline\"  >Los otros jab\u00f3nes<\/h2><div class=\"special-heading-border\"><div class=\"special-heading-inner-border\"><\/div><\/div><\/div><\/div>\n<div  class='flex_column av-oesa70-273de04acdacfd311a6e5a7084c55e2d av_one_fifth  avia-builder-el-14  el_after_av_one_fifth  el_before_av_one_fifth  flex_column_div  '     ><p>\n<style type=\"text\/css\" data-created_by=\"avia_inline_auto\" id=\"style-css-av-lixbgxr2-dab63adff76b1270443927387517b5ea\">\n.avia_transform .avia-image-container.av-lixbgxr2-dab63adff76b1270443927387517b5ea{\n-webkit-animation-duration:2s;\n-moz-animation-duration:2s;\nanimation-duration:2s;\n}\n.avia-image-container.av-lixbgxr2-dab63adff76b1270443927387517b5ea img.avia_image{\nbox-shadow:none;\n}\n.avia-image-container.av-lixbgxr2-dab63adff76b1270443927387517b5ea .av-image-caption-overlay-center{\ncolor:#ffffff;\n}\n<\/style>\n<div  class='avia-image-container av-lixbgxr2-dab63adff76b1270443927387517b5ea av-styling- av-hover-grow avia_animated_image av-animated-when-visible-95 fade-in avia-align-center  avia-builder-el-15  el_before_av_textblock  avia-builder-el-first '   itemprop=\"image\" itemscope=\"itemscope\" itemtype=\"https:\/\/schema.org\/ImageObject\" ><div class=\"avia-image-container-inner\"><div class=\"avia-image-overlay-wrap\"><a href=\"https:\/\/asociacionelrosal.org\/es\/jabon-aloe-vera-puro\/\" class='avia_image' ><img decoding=\"async\" class='wp-image-2840 avia-img-lazy-loading-not-2840 avia_image ' src=\"https:\/\/asociacionelrosal.org\/es\/wp-content\/uploads\/2023\/06\/Jabon-aloe-puro-1-1030x644.png\" alt='' title='Jabon aloe puro'  height=\"644\" width=\"1030\"  itemprop=\"thumbnailUrl\" srcset=\"https:\/\/asociacionelrosal.org\/es\/wp-content\/uploads\/2023\/06\/Jabon-aloe-puro-1-1030x644.png 1030w, https:\/\/asociacionelrosal.org\/es\/wp-content\/uploads\/2023\/06\/Jabon-aloe-puro-1-300x188.png 300w, https:\/\/asociacionelrosal.org\/es\/wp-content\/uploads\/2023\/06\/Jabon-aloe-puro-1-768x480.png 768w, https:\/\/asociacionelrosal.org\/es\/wp-content\/uploads\/2023\/06\/Jabon-aloe-puro-1-1536x960.png 1536w, https:\/\/asociacionelrosal.org\/es\/wp-content\/uploads\/2023\/06\/Jabon-aloe-puro-1-2048x1280.png 2048w, https:\/\/asociacionelrosal.org\/es\/wp-content\/uploads\/2023\/06\/Jabon-aloe-puro-1-1500x938.png 1500w, https:\/\/asociacionelrosal.org\/es\/wp-content\/uploads\/2023\/06\/Jabon-aloe-puro-1-705x441.png 705w\" sizes=\"(max-width: 1030px) 100vw, 1030px\" \/><\/a><\/div><\/div><\/div><br \/>\n\n<style type=\"text\/css\" data-created_by=\"avia_inline_auto\" id=\"style-css-av-lixbh7gb-735bb59660697ccfa09ca4793b797730\">\n#top .av_textblock_section.av-lixbh7gb-735bb59660697ccfa09ca4793b797730 .avia_textblock{\ntext-align:center;\n}\n<\/style>\n<section  class='av_textblock_section av-lixbh7gb-735bb59660697ccfa09ca4793b797730 '   itemscope=\"itemscope\" itemtype=\"https:\/\/schema.org\/CreativeWork\" ><div class='avia_textblock'  itemprop=\"text\" ><h3>Jab\u00f3n de Aloe Vera Puro<\/h3>\n<\/div><\/section><\/p><\/div>\n<div  class='flex_column av-n4oh3w-43d9ddd93aec0fe0089eddbfd19753a8 av_one_fifth  avia-builder-el-17  el_after_av_one_fifth  el_before_av_one_fifth  flex_column_div  '     ><p>\n<style type=\"text\/css\" data-created_by=\"avia_inline_auto\" id=\"style-css-av-l8vf0s-27de003ddd4dd61e09f7df86ceb75c73\">\n.avia_transform .avia-image-container.av-l8vf0s-27de003ddd4dd61e09f7df86ceb75c73{\n-webkit-animation-duration:2s;\n-moz-animation-duration:2s;\nanimation-duration:2s;\n}\n.avia-image-container.av-l8vf0s-27de003ddd4dd61e09f7df86ceb75c73 img.avia_image{\nbox-shadow:none;\n}\n.avia-image-container.av-l8vf0s-27de003ddd4dd61e09f7df86ceb75c73 .av-image-caption-overlay-center{\ncolor:#ffffff;\n}\n<\/style>\n<div  class='avia-image-container av-l8vf0s-27de003ddd4dd61e09f7df86ceb75c73 av-styling- av-hover-grow av-hide-overflow avia_animated_image av-animated-when-visible-95 fade-in avia-align-center  avia-builder-el-18  el_before_av_textblock  avia-builder-el-first '   itemprop=\"image\" itemscope=\"itemscope\" itemtype=\"https:\/\/schema.org\/ImageObject\" ><div class=\"avia-image-container-inner\"><div class=\"avia-image-overlay-wrap\"><a href=\"https:\/\/asociacionelrosal.org\/es\/jabon-de-aloe-vera-y-papaya\/\" class='avia_image' ><img decoding=\"async\" class='wp-image-2832 avia-img-lazy-loading-not-2832 avia_image ' src=\"https:\/\/asociacionelrosal.org\/es\/wp-content\/uploads\/2023\/06\/Jabon-papaya-1030x689.png\" alt='' title='Jabon papaya'  height=\"689\" width=\"1030\"  itemprop=\"thumbnailUrl\" srcset=\"https:\/\/asociacionelrosal.org\/es\/wp-content\/uploads\/2023\/06\/Jabon-papaya-1030x689.png 1030w, https:\/\/asociacionelrosal.org\/es\/wp-content\/uploads\/2023\/06\/Jabon-papaya-300x201.png 300w, https:\/\/asociacionelrosal.org\/es\/wp-content\/uploads\/2023\/06\/Jabon-papaya-768x514.png 768w, https:\/\/asociacionelrosal.org\/es\/wp-content\/uploads\/2023\/06\/Jabon-papaya-1536x1028.png 1536w, https:\/\/asociacionelrosal.org\/es\/wp-content\/uploads\/2023\/06\/Jabon-papaya-2048x1370.png 2048w, https:\/\/asociacionelrosal.org\/es\/wp-content\/uploads\/2023\/06\/Jabon-papaya-1500x1004.png 1500w, https:\/\/asociacionelrosal.org\/es\/wp-content\/uploads\/2023\/06\/Jabon-papaya-705x472.png 705w\" sizes=\"(max-width: 1030px) 100vw, 1030px\" \/><\/a><\/div><\/div><\/div><br \/>\n\n<style type=\"text\/css\" data-created_by=\"avia_inline_auto\" id=\"style-css-av-jqs6po-349ef41be2d3f1fd3ff35a181d0b2569\">\n#top .av_textblock_section.av-jqs6po-349ef41be2d3f1fd3ff35a181d0b2569 .avia_textblock{\ntext-align:center;\n}\n<\/style>\n<section  class='av_textblock_section av-jqs6po-349ef41be2d3f1fd3ff35a181d0b2569 '   itemscope=\"itemscope\" itemtype=\"https:\/\/schema.org\/CreativeWork\" ><div class='avia_textblock'  itemprop=\"text\" ><h3>Jab\u00f3n de Aloe Vera y Papaya<\/h3>\n<\/div><\/section><\/p><\/div>\n<div  class='flex_column av-gyzaks-6f11af5c5df0de79740e76d917b14ab1 av_one_fifth  avia-builder-el-20  el_after_av_one_fifth  el_before_av_one_fifth  flex_column_div  '     ><p>\n<style type=\"text\/css\" data-created_by=\"avia_inline_auto\" id=\"style-css-av-fso8bw-c8d9dfc1e71403441ce182d12930c3cc\">\n.avia_transform .avia-image-container.av-fso8bw-c8d9dfc1e71403441ce182d12930c3cc{\n-webkit-animation-duration:2s;\n-moz-animation-duration:2s;\nanimation-duration:2s;\n}\n.avia-image-container.av-fso8bw-c8d9dfc1e71403441ce182d12930c3cc img.avia_image{\nbox-shadow:none;\n}\n.avia-image-container.av-fso8bw-c8d9dfc1e71403441ce182d12930c3cc .av-image-caption-overlay-center{\ncolor:#ffffff;\n}\n<\/style>\n<div  class='avia-image-container av-fso8bw-c8d9dfc1e71403441ce182d12930c3cc av-styling- av-hover-grow avia_animated_image av-animated-when-visible-95 fade-in avia-align-center  avia-builder-el-21  el_before_av_textblock  avia-builder-el-first '   itemprop=\"image\" itemscope=\"itemscope\" itemtype=\"https:\/\/schema.org\/ImageObject\" ><div class=\"avia-image-container-inner\"><div class=\"avia-image-overlay-wrap\"><a href=\"https:\/\/asociacionelrosal.org\/es\/jabon-de-aloe-vera-y-hierba-luisa\/\" class='avia_image' ><img decoding=\"async\" class='wp-image-2831 avia-img-lazy-loading-not-2831 avia_image ' src=\"https:\/\/asociacionelrosal.org\/es\/wp-content\/uploads\/2023\/06\/Jabon-hierba-luisa-1030x686.png\" alt='' title='Jabon hierba luisa'  height=\"686\" width=\"1030\"  itemprop=\"thumbnailUrl\" srcset=\"https:\/\/asociacionelrosal.org\/es\/wp-content\/uploads\/2023\/06\/Jabon-hierba-luisa-1030x686.png 1030w, https:\/\/asociacionelrosal.org\/es\/wp-content\/uploads\/2023\/06\/Jabon-hierba-luisa-300x200.png 300w, https:\/\/asociacionelrosal.org\/es\/wp-content\/uploads\/2023\/06\/Jabon-hierba-luisa-768x511.png 768w, https:\/\/asociacionelrosal.org\/es\/wp-content\/uploads\/2023\/06\/Jabon-hierba-luisa-1536x1023.png 1536w, https:\/\/asociacionelrosal.org\/es\/wp-content\/uploads\/2023\/06\/Jabon-hierba-luisa-2048x1364.png 2048w, https:\/\/asociacionelrosal.org\/es\/wp-content\/uploads\/2023\/06\/Jabon-hierba-luisa-1500x999.png 1500w, https:\/\/asociacionelrosal.org\/es\/wp-content\/uploads\/2023\/06\/Jabon-hierba-luisa-705x469.png 705w\" sizes=\"(max-width: 1030px) 100vw, 1030px\" \/><\/a><\/div><\/div><\/div><br \/>\n\n<style type=\"text\/css\" data-created_by=\"avia_inline_auto\" id=\"style-css-av-ebc08s-d2b8a2baacc1bbff2041e27165d5e329\">\n#top .av_textblock_section.av-ebc08s-d2b8a2baacc1bbff2041e27165d5e329 .avia_textblock{\ntext-align:center;\n}\n<\/style>\n<section  class='av_textblock_section av-ebc08s-d2b8a2baacc1bbff2041e27165d5e329 '   itemscope=\"itemscope\" itemtype=\"https:\/\/schema.org\/CreativeWork\" ><div class='avia_textblock'  itemprop=\"text\" ><h3>Jab\u00f3n de Aloe Vera y Hierba Luisa<\/h3>\n<\/div><\/section><\/p><\/div>\n<div  class='flex_column av-cu0fb0-84ef7a40cbd4aed92598099ac4d81439 av_one_fifth  avia-builder-el-23  el_after_av_one_fifth  el_before_av_hr  flex_column_div  '     ><\/div>\n\n<style type=\"text\/css\" data-created_by=\"avia_inline_auto\" id=\"style-css-av-aavlqk-855e040700af478ad2ab1e0655f1fdef\">\n#top .hr.hr-invisible.av-aavlqk-855e040700af478ad2ab1e0655f1fdef{\nheight:80px;\n}\n<\/style>\n<div  class='hr av-aavlqk-855e040700af478ad2ab1e0655f1fdef hr-invisible  avia-builder-el-24  el_after_av_one_fifth  el_before_av_one_half '><span class='hr-inner '><span class=\"hr-inner-style\"><\/span><\/span><\/div>\n<div  class='flex_column av-8stvfw-6b28b24d550131288658cad19a1192de av_one_half  avia-builder-el-25  el_after_av_hr  el_before_av_one_half  first flex_column_div  '     ><div  class='avia-button-wrap av-72yxos-a5e5076906f7f4d7de41edd7a6e86045-wrap avia-button-center  avia-builder-el-26  avia-builder-el-no-sibling '>\n<style type=\"text\/css\" data-created_by=\"avia_inline_auto\" id=\"style-css-av-72yxos-a5e5076906f7f4d7de41edd7a6e86045\">\n#top #wrap_all .avia-button.av-72yxos-a5e5076906f7f4d7de41edd7a6e86045{\nfont-size:25px;\n-webkit-transition:all 0.4s ease-in-out;\n-moz-transition:all 0.4s ease-in-out;\n-ms-transition:all 0.4s ease-in-out;\n-o-transition:all 0.4s ease-in-out;\ntransition:all 0.4s ease-in-out;\n}\n<\/style>\n<a href='https:\/\/asociacionelrosal.org\/es\/nuestros-productos\/'  class='avia-button av-72yxos-a5e5076906f7f4d7de41edd7a6e86045 avia-icon_select-yes-left-icon avia-size-large avia-position-center avia-color-theme-color'  ><span class='avia_button_icon avia_button_icon_left' aria-hidden='true' data-av_icon='\ue874' data-av_iconfont='entypo-fontello'><\/span><span class='avia_iconbox_title' >Ver todo los productos<\/span><\/a><\/div><\/div>\n<div  class='flex_column av-kyang-c3814a51ba5cf56f47a54bb069e3708b av_one_half  avia-builder-el-27  el_after_av_one_half  el_before_av_hr  flex_column_div  '     ><div  class='avia-button-wrap av-4jcyu4-67beacbc0091a8370e65269d7080c6f3-wrap avia-button-center  avia-builder-el-28  avia-builder-el-no-sibling '>\n<style type=\"text\/css\" data-created_by=\"avia_inline_auto\" id=\"style-css-av-4jcyu4-67beacbc0091a8370e65269d7080c6f3\">\n#top #wrap_all .avia-button.av-4jcyu4-67beacbc0091a8370e65269d7080c6f3{\nfont-size:25px;\n-webkit-transition:all 0.4s ease-in-out;\n-moz-transition:all 0.4s ease-in-out;\n-ms-transition:all 0.4s ease-in-out;\n-o-transition:all 0.4s ease-in-out;\ntransition:all 0.4s ease-in-out;\n}\n<\/style>\n<a href='https:\/\/asociacionelrosal.org\/es\/ingredientes\/'  class='avia-button av-4jcyu4-67beacbc0091a8370e65269d7080c6f3 avia-icon_select-yes-right-icon avia-size-large avia-position-center avia-color-theme-color'  ><span class='avia_iconbox_title' >Ver los ingredientes<\/span><span class='avia_button_icon avia_button_icon_right' aria-hidden='true' data-av_icon='\ue875' data-av_iconfont='entypo-fontello'><\/span><\/a><\/div><\/div>\n\n<style type=\"text\/css\" data-created_by=\"avia_inline_auto\" id=\"style-css-av-32me2k-115740c9d1123d390224437a31dcfa81\">\n#top .hr.hr-invisible.av-32me2k-115740c9d1123d390224437a31dcfa81{\nheight:80px;\n}\n<\/style>\n<div  class='hr av-32me2k-115740c9d1123d390224437a31dcfa81 hr-invisible  avia-builder-el-29  el_after_av_one_half  el_before_av_comments_list '><span class='hr-inner '><span class=\"hr-inner-style\"><\/span><\/span><\/div>\n<div  class='av-buildercomment av-av_comments_list-56c66b2695468e12d3120bc7169a9873'><\/div>\n","protected":false},"excerpt":{"rendered":"","protected":false},"author":3,"featured_media":0,"parent":0,"menu_order":0,"comment_status":"closed","ping_status":"closed","template":"","meta":{"footnotes":""},"class_list":["post-2428","page","type-page","status-publish","hentry"],"jetpack_sharing_enabled":true,"_links":{"self":[{"href":"https:\/\/asociacionelrosal.org\/es\/wp-json\/wp\/v2\/pages\/2428","targetHints":{"allow":["GET"]}}],"collection":[{"href":"https:\/\/asociacionelrosal.org\/es\/wp-json\/wp\/v2\/pages"}],"about":[{"href":"https:\/\/asociacionelrosal.org\/es\/wp-json\/wp\/v2\/types\/page"}],"author":[{"embeddable":true,"href":"https:\/\/asociacionelrosal.org\/es\/wp-json\/wp\/v2\/users\/3"}],"replies":[{"embeddable":true,"href":"https:\/\/asociacionelrosal.org\/es\/wp-json\/wp\/v2\/comments?post=2428"}],"version-history":[{"count":5,"href":"https:\/\/asociacionelrosal.org\/es\/wp-json\/wp\/v2\/pages\/2428\/revisions"}],"predecessor-version":[{"id":3038,"href":"https:\/\/asociacionelrosal.org\/es\/wp-json\/wp\/v2\/pages\/2428\/revisions\/3038"}],"wp:attachment":[{"href":"https:\/\/asociacionelrosal.org\/es\/wp-json\/wp\/v2\/media?parent=2428"}],"curies":[{"name":"wp","href":"https:\/\/api.w.org\/{rel}","templated":true}]}}