{"id":2432,"date":"2023-05-24T20:16:25","date_gmt":"2023-05-24T20:16:25","guid":{"rendered":"https:\/\/asociacionelrosal.org\/es\/?page_id=2432"},"modified":"2023-07-31T22:49:37","modified_gmt":"2023-07-31T22:49:37","slug":"crema-de-aloe-vera-corporal","status":"publish","type":"page","link":"https:\/\/asociacionelrosal.org\/es\/crema-de-aloe-vera-corporal\/","title":{"rendered":"Crema de Aloe Vera &#8211; Corporal"},"content":{"rendered":"<div id='av_section_1'  class='avia-section av-ljxc1h5l-6a54560c270faf59b9896b59e2c86d14 main_color avia-section-default avia-no-border-styling  avia-builder-el-0  el_before_av_hr  avia-builder-el-first  avia-bg-style-scroll container_wrap fullsize'  ><div class='container av-section-cont-open' ><main  role=\"main\" itemprop=\"mainContentOfPage\"  class='template-page content  av-content-full alpha units'><div class='post-entry post-entry-type-page post-entry-2432'><div class='entry-content-wrapper clearfix'>\n<div  class='flex_column av-p0tbkw-87fa2cefbf7d442c863306f589a1fb35 av_one_half  avia-builder-el-1  el_before_av_one_half  avia-builder-el-first  first flex_column_div  '     ><style type=\"text\/css\" data-created_by=\"avia_inline_auto\" id=\"style-css-av-lixc2yja-efa1e1d9044d155e0a911bc63b5a6dc8\">\n.avia-image-container.av-lixc2yja-efa1e1d9044d155e0a911bc63b5a6dc8 img.avia_image{\nbox-shadow:none;\n}\n.avia-image-container.av-lixc2yja-efa1e1d9044d155e0a911bc63b5a6dc8 .av-image-caption-overlay-center{\ncolor:#ffffff;\n}\n<\/style>\n<div  class='avia-image-container av-lixc2yja-efa1e1d9044d155e0a911bc63b5a6dc8 av-styling- avia-align-center  avia-builder-el-2  avia-builder-el-no-sibling '   itemprop=\"image\" itemscope=\"itemscope\" itemtype=\"https:\/\/schema.org\/ImageObject\" ><div class=\"avia-image-container-inner\"><div class=\"avia-image-overlay-wrap\"><img decoding=\"async\" class='wp-image-2829 avia-img-lazy-loading-not-2829 avia_image ' src=\"https:\/\/asociacionelrosal.org\/es\/wp-content\/uploads\/2023\/06\/Crema-corporal-773x1030.png\" alt='' title='Crema corporal'  height=\"1030\" width=\"773\"  itemprop=\"thumbnailUrl\" srcset=\"https:\/\/asociacionelrosal.org\/es\/wp-content\/uploads\/2023\/06\/Crema-corporal-773x1030.png 773w, https:\/\/asociacionelrosal.org\/es\/wp-content\/uploads\/2023\/06\/Crema-corporal-225x300.png 225w, https:\/\/asociacionelrosal.org\/es\/wp-content\/uploads\/2023\/06\/Crema-corporal-768x1024.png 768w, https:\/\/asociacionelrosal.org\/es\/wp-content\/uploads\/2023\/06\/Crema-corporal-1152x1536.png 1152w, https:\/\/asociacionelrosal.org\/es\/wp-content\/uploads\/2023\/06\/Crema-corporal-1536x2048.png 1536w, https:\/\/asociacionelrosal.org\/es\/wp-content\/uploads\/2023\/06\/Crema-corporal-1125x1500.png 1125w, https:\/\/asociacionelrosal.org\/es\/wp-content\/uploads\/2023\/06\/Crema-corporal-529x705.png 529w\" sizes=\"(max-width: 773px) 100vw, 773px\" \/><\/div><\/div><\/div><\/div><div  class='flex_column av-2cur0g-95e6acf95b77d4acf9a9e7f1721ef080 av_one_half  avia-builder-el-3  el_after_av_one_half  avia-builder-el-last  flex_column_div  '     ><p>\n<style type=\"text\/css\" data-created_by=\"avia_inline_auto\" id=\"style-css-av-lixc48qj-98bfa925c56beb7630c0e190243c4edf\">\n#top .av-special-heading.av-lixc48qj-98bfa925c56beb7630c0e190243c4edf{\npadding-bottom:10px;\nfont-size:41px;\n}\nbody .av-special-heading.av-lixc48qj-98bfa925c56beb7630c0e190243c4edf .av-special-heading-tag .heading-char{\nfont-size:25px;\n}\n#top #wrap_all .av-special-heading.av-lixc48qj-98bfa925c56beb7630c0e190243c4edf .av-special-heading-tag{\nfont-size:41px;\n}\n.av-special-heading.av-lixc48qj-98bfa925c56beb7630c0e190243c4edf .av-subheading{\nfont-size:15px;\n}\n\n@media only screen and (min-width: 480px) and (max-width: 767px){ \n#top #wrap_all .av-special-heading.av-lixc48qj-98bfa925c56beb7630c0e190243c4edf .av-special-heading-tag{\nfont-size:0.8em;\n}\n}\n\n@media only screen and (max-width: 479px){ \n#top #wrap_all .av-special-heading.av-lixc48qj-98bfa925c56beb7630c0e190243c4edf .av-special-heading-tag{\nfont-size:0.8em;\n}\n}\n<\/style>\n<div  class='av-special-heading av-lixc48qj-98bfa925c56beb7630c0e190243c4edf av-special-heading-h2 blockquote modern-quote modern-centered  avia-builder-el-4  el_before_av_hr  avia-builder-el-first  av-inherit-size'><h2 class='av-special-heading-tag'  itemprop=\"headline\"  >Crema de Aloe Vera &#8211; Corporal<\/h2><div class=\"special-heading-border\"><div class=\"special-heading-inner-border\"><\/div><\/div><\/div><br \/>\n\n<style type=\"text\/css\" data-created_by=\"avia_inline_auto\" id=\"style-css-av-lwk96o-4e48a5e1312318d0e43aab756adde1fa\">\n#top .hr.hr-invisible.av-lwk96o-4e48a5e1312318d0e43aab756adde1fa{\nmargin-top:-10px;\nheight:1px;\n}\n<\/style>\n<div  class='hr av-lwk96o-4e48a5e1312318d0e43aab756adde1fa hr-invisible  avia-builder-el-5  el_after_av_heading  el_before_av_textblock '><span class='hr-inner '><span class=\"hr-inner-style\"><\/span><\/span><\/div><br \/>\n\n<style type=\"text\/css\" data-created_by=\"avia_inline_auto\" id=\"style-css-av-lixc4gc4-dc7ab1b5a96a3dc38c72f89d2ef4e7e0\">\n#top .av_textblock_section.av-lixc4gc4-dc7ab1b5a96a3dc38c72f89d2ef4e7e0 .avia_textblock{\nfont-size:18px;\ntext-align:center;\n}\n<\/style>\n<section  class='av_textblock_section av-lixc4gc4-dc7ab1b5a96a3dc38c72f89d2ef4e7e0 '   itemscope=\"itemscope\" itemtype=\"https:\/\/schema.org\/CreativeWork\" ><div class='avia_textblock'  itemprop=\"text\" ><p>Regeneraci\u00f3n de las c\u00e9lulas muertas &#8211; para un aspecto joven de la piel de todo el cuerpo.<\/p>\n<\/div><\/section><br \/>\n<div  class='avia-button-wrap av-lixk61z9-48c041aa257cc211a2bea9389cb1e033-wrap avia-button-center  avia-builder-el-7  el_after_av_textblock  el_before_av_hr '>\n<style type=\"text\/css\" data-created_by=\"avia_inline_auto\" id=\"style-css-av-lixk61z9-48c041aa257cc211a2bea9389cb1e033\">\n#top #wrap_all .avia-button.av-lixk61z9-48c041aa257cc211a2bea9389cb1e033{\nfont-size:22px;\n-webkit-transition:all 0.4s ease-in-out;\n-moz-transition:all 0.4s ease-in-out;\n-ms-transition:all 0.4s ease-in-out;\n-o-transition:all 0.4s ease-in-out;\ntransition:all 0.4s ease-in-out;\n}\n<\/style>\n<a href='https:\/\/asociacionelrosal.org\/es\/carta-de-ventas\/'  class='avia-button av-lixk61z9-48c041aa257cc211a2bea9389cb1e033 avia-icon_select-no avia-size-large avia-position-center avia-color-theme-color'  ><span class='avia_iconbox_title' >Comprar los productos<\/span><\/a><\/div><br \/>\n<div  class='hr av-kh0z28-aec78a35a39584469d4ad367a04b3ff4 hr-default  avia-builder-el-8  el_after_av_button  el_before_av_textblock '><span class='hr-inner '><span class=\"hr-inner-style\"><\/span><\/span><\/div><br \/>\n\n<style type=\"text\/css\" data-created_by=\"avia_inline_auto\" id=\"style-css-av-lixc54rx-17b04ca0cd6edaba88c9919aa67b5c1a\">\n#top .av_textblock_section.av-lixc54rx-17b04ca0cd6edaba88c9919aa67b5c1a .avia_textblock{\nfont-size:15px;\n}\n<\/style>\n<section  class='av_textblock_section av-lixc54rx-17b04ca0cd6edaba88c9919aa67b5c1a '   itemscope=\"itemscope\" itemtype=\"https:\/\/schema.org\/CreativeWork\" ><div class='avia_textblock'  itemprop=\"text\" ><p><em><strong>La planta de Aloe Vera se utiliza con fines medicinales desde hace miles de a\u00f1os.<\/strong><\/em><\/p>\n<p>Gracias al<strong> <em>cultivo ecol\u00f3gico<\/em> <\/strong>y al<em><strong> alto contenido de aloe vera<\/strong><\/em>, nuestras cremas son ideales para todo tipo de pieles.<\/p>\n<p>La<em><strong> alta concentraci\u00f3n de vitaminas<\/strong><\/em> favorece la <em><strong>producci\u00f3n de col\u00e1geno de la piel<\/strong><\/em>. Adem\u00e1s de las vitaminas, la interacci\u00f3n sin\u00e9rgica de los compuestos bioactivos del aloe vera es la causa del \u00e9xito de los resultados del cuidado de la piel.<\/p>\n<p>En resumen, la crema <em><strong>garantiza una hidrataci\u00f3n \u00f3ptima de la piel<\/strong><\/em>.<\/p>\n<p>Adem\u00e1s, las <em><strong>propiedades antiinflamatorias<\/strong><\/em> del aloe vera contribuyen a <em><strong>mejorar y proteger la estructura de la piel.<\/strong><\/em><\/p>\n<p>Completado por el <strong><em>efecto calmante de la crema<\/em><\/strong>, es ideal para el cuidado facial diario, pero tambi\u00e9n para el tratamiento del acn\u00e9 y de cualquier tipo de quemaduras de la piel.<\/p>\n<p><em><strong>La crema facial se diferencia de la corporal<\/strong><\/em> en que contiene<em><strong> una proporci\u00f3n a\u00fan mayor de aloe vera<\/strong><\/em>. Adem\u00e1s de mejorar los resultados, esto hace que la consistencia de la crema facial sea m\u00e1s espesa.<\/p>\n<p>Adem\u00e1s de la calidad de nuestros productos,<em><strong> ayuda a la sostenibilidad y el desarrollo <\/strong><\/em>tambi\u00e9n tienen una gran<em><strong> prioridad en nuestra Asociaci\u00f3n Femenina<\/strong><\/em>. Uno de nuestros objetivos es promover la igualdad de derechos para las mujeres.<\/p>\n<p>\u00bfA qu\u00e9 esperas? <em><strong>Conv\u00e9ncete de la eficacia de nuestras cremas<\/strong>.<\/em> Cuida tu piel de la forma m\u00e1s natural.<\/p>\n<\/div><\/section><br \/>\n<div  class='avia-button-wrap av-lixc5had-efbd4775c40e39b6e34845d8f87e996f-wrap avia-button-center  avia-builder-el-10  el_after_av_textblock  avia-builder-el-last '>\n<style type=\"text\/css\" data-created_by=\"avia_inline_auto\" id=\"style-css-av-lixc5had-efbd4775c40e39b6e34845d8f87e996f\">\n#top #wrap_all .avia-button.av-lixc5had-efbd4775c40e39b6e34845d8f87e996f{\nfont-size:20px;\n-webkit-transition:all 0.4s ease-in-out;\n-moz-transition:all 0.4s ease-in-out;\n-ms-transition:all 0.4s ease-in-out;\n-o-transition:all 0.4s ease-in-out;\ntransition:all 0.4s ease-in-out;\n}\n<\/style>\n<a href='https:\/\/asociacionelrosal.org\/es\/aloe-vera\/'  class='avia-button av-lixc5had-efbd4775c40e39b6e34845d8f87e996f avia-icon_select-no avia-size-x-large avia-position-center avia-color-theme-color'  ><span class='avia_iconbox_title' >Saber mas sobre los beneficios de la Aloe Vera<\/span><\/a><\/div><\/p><\/div><\/div><\/div><\/main><!-- close content main element --><\/div><\/div><div id='after_section_1'  class='main_color av_default_container_wrap container_wrap fullsize'  ><div class='container av-section-cont-open' ><div class='template-page content  av-content-full alpha units'><div class='post-entry post-entry-type-page post-entry-2432'><div class='entry-content-wrapper clearfix'><div  class='hr av-hszr6o-39d0011d4fd1d76c1b153afd2c110ef5 hr-default  avia-builder-el-11  el_after_av_section  el_before_av_one_fifth  avia-builder-el-first '><span class='hr-inner '><span class=\"hr-inner-style\"><\/span><\/span><\/div><\/p>\n<div  class='flex_column av-g8wia8-7a8a150a8f50ac5ffb5db055a9f6929a av_one_fifth  avia-builder-el-12  el_after_av_hr  el_before_av_one_fifth  first flex_column_div  '     ><style type=\"text\/css\" data-created_by=\"avia_inline_auto\" id=\"style-css-av-lixc67ee-2b434ad95e96919f8d21f98c58f3154f\">\n#top .av-special-heading.av-lixc67ee-2b434ad95e96919f8d21f98c58f3154f{\npadding-bottom:10px;\n}\nbody .av-special-heading.av-lixc67ee-2b434ad95e96919f8d21f98c58f3154f .av-special-heading-tag .heading-char{\nfont-size:25px;\n}\n.av-special-heading.av-lixc67ee-2b434ad95e96919f8d21f98c58f3154f .av-subheading{\nfont-size:15px;\n}\n<\/style>\n<div  class='av-special-heading av-lixc67ee-2b434ad95e96919f8d21f98c58f3154f av-special-heading-h2  avia-builder-el-13  avia-builder-el-no-sibling '><h2 class='av-special-heading-tag'  itemprop=\"headline\"  >La Otra Crema<\/h2><div class=\"special-heading-border\"><div class=\"special-heading-inner-border\"><\/div><\/div><\/div><\/div>\n<div  class='flex_column av-dv2g00-e228a4afbfa1c41f214d8b0c929a06b7 av_one_fifth  avia-builder-el-14  el_after_av_one_fifth  el_before_av_one_fourth  flex_column_div  '     ><\/div>\n<div  class='flex_column av-cnrl68-c8f34d4c79a4b836508dec5f333445a1 av_one_fourth  avia-builder-el-15  el_after_av_one_fifth  el_before_av_hr  flex_column_div  '     ><p>\n<style type=\"text\/css\" data-created_by=\"avia_inline_auto\" id=\"style-css-av-lixc6xyd-6498bd306abc1ab959b9f5ac9cc9ce17\">\n.avia_transform .avia-image-container.av-lixc6xyd-6498bd306abc1ab959b9f5ac9cc9ce17{\n-webkit-animation-duration:2s;\n-moz-animation-duration:2s;\nanimation-duration:2s;\n}\n.avia-image-container.av-lixc6xyd-6498bd306abc1ab959b9f5ac9cc9ce17 img.avia_image{\nbox-shadow:none;\n}\n.avia-image-container.av-lixc6xyd-6498bd306abc1ab959b9f5ac9cc9ce17 .av-image-caption-overlay-center{\ncolor:#ffffff;\n}\n<\/style>\n<div  class='avia-image-container av-lixc6xyd-6498bd306abc1ab959b9f5ac9cc9ce17 av-styling- av-hover-grow av-hide-overflow avia_animated_image av-animated-when-visible-95 fade-in avia-align-center  avia-builder-el-16  el_before_av_textblock  avia-builder-el-first '   itemprop=\"image\" itemscope=\"itemscope\" itemtype=\"https:\/\/schema.org\/ImageObject\" ><div class=\"avia-image-container-inner\"><div class=\"avia-image-overlay-wrap\"><a href=\"https:\/\/asociacionelrosal.org\/es\/crema-de-aloe-vera-facial\/\" class='avia_image' ><img decoding=\"async\" class='wp-image-2837 avia-img-lazy-loading-not-2837 avia_image ' src=\"https:\/\/asociacionelrosal.org\/es\/wp-content\/uploads\/2023\/06\/Crema-facial-742x1030.png\" alt='' title='Crema facial'  height=\"1030\" width=\"742\"  itemprop=\"thumbnailUrl\" srcset=\"https:\/\/asociacionelrosal.org\/es\/wp-content\/uploads\/2023\/06\/Crema-facial-742x1030.png 742w, https:\/\/asociacionelrosal.org\/es\/wp-content\/uploads\/2023\/06\/Crema-facial-216x300.png 216w, https:\/\/asociacionelrosal.org\/es\/wp-content\/uploads\/2023\/06\/Crema-facial-768x1067.png 768w, https:\/\/asociacionelrosal.org\/es\/wp-content\/uploads\/2023\/06\/Crema-facial-508x705.png 508w, https:\/\/asociacionelrosal.org\/es\/wp-content\/uploads\/2023\/06\/Crema-facial.png 1080w\" sizes=\"(max-width: 742px) 100vw, 742px\" \/><\/a><\/div><\/div><\/div><br \/>\n\n<style type=\"text\/css\" data-created_by=\"avia_inline_auto\" id=\"style-css-av-lixc7cqa-4ac1cfa56c9f12a029bce551992df0a6\">\n#top .av_textblock_section.av-lixc7cqa-4ac1cfa56c9f12a029bce551992df0a6 .avia_textblock{\ntext-align:center;\n}\n<\/style>\n<section  class='av_textblock_section av-lixc7cqa-4ac1cfa56c9f12a029bce551992df0a6 '   itemscope=\"itemscope\" itemtype=\"https:\/\/schema.org\/CreativeWork\" ><div class='avia_textblock'  itemprop=\"text\" ><h3>Crema de Aloe Vera &#8211; Facial<\/h3>\n<\/div><\/section><\/p><\/div>\n\n<style type=\"text\/css\" data-created_by=\"avia_inline_auto\" id=\"style-css-av-ay62xc-c9e58677d118f71902376742fe728dce\">\n#top .hr.hr-invisible.av-ay62xc-c9e58677d118f71902376742fe728dce{\nheight:80px;\n}\n<\/style>\n<div  class='hr av-ay62xc-c9e58677d118f71902376742fe728dce hr-invisible  avia-builder-el-18  el_after_av_one_fourth  el_before_av_one_half '><span class='hr-inner '><span class=\"hr-inner-style\"><\/span><\/span><\/div>\n<div  class='flex_column av-90u5j4-7dfa6e3fd52f857d4c668c643a244c4d av_one_half  avia-builder-el-19  el_after_av_hr  el_before_av_one_half  first flex_column_div  '     ><div  class='avia-button-wrap av-p26q8-847da3206adaab861d43a41c6803bcc8-wrap avia-button-center  avia-builder-el-20  avia-builder-el-no-sibling '>\n<style type=\"text\/css\" data-created_by=\"avia_inline_auto\" id=\"style-css-av-p26q8-847da3206adaab861d43a41c6803bcc8\">\n#top #wrap_all .avia-button.av-p26q8-847da3206adaab861d43a41c6803bcc8{\nfont-size:25px;\n-webkit-transition:all 0.4s ease-in-out;\n-moz-transition:all 0.4s ease-in-out;\n-ms-transition:all 0.4s ease-in-out;\n-o-transition:all 0.4s ease-in-out;\ntransition:all 0.4s ease-in-out;\n}\n<\/style>\n<a href='https:\/\/asociacionelrosal.org\/es\/nuestros-productos\/'  class='avia-button av-p26q8-847da3206adaab861d43a41c6803bcc8 avia-icon_select-yes-left-icon avia-size-large avia-position-center avia-color-theme-color'  ><span class='avia_button_icon avia_button_icon_left' aria-hidden='true' data-av_icon='\ue874' data-av_iconfont='entypo-fontello'><\/span><span class='avia_iconbox_title' >Ver todo los productos<\/span><\/a><\/div><\/div>\n<div  class='flex_column av-6fnln4-db832dfbe1323cd73677f2fc80f23978 av_one_half  avia-builder-el-21  el_after_av_one_half  el_before_av_hr  flex_column_div  '     ><div  class='avia-button-wrap av-3qqvi8-0ed2abc402150c90e237997a44d9291d-wrap avia-button-center  avia-builder-el-22  avia-builder-el-no-sibling '>\n<style type=\"text\/css\" data-created_by=\"avia_inline_auto\" id=\"style-css-av-3qqvi8-0ed2abc402150c90e237997a44d9291d\">\n#top #wrap_all .avia-button.av-3qqvi8-0ed2abc402150c90e237997a44d9291d{\nfont-size:25px;\n-webkit-transition:all 0.4s ease-in-out;\n-moz-transition:all 0.4s ease-in-out;\n-ms-transition:all 0.4s ease-in-out;\n-o-transition:all 0.4s ease-in-out;\ntransition:all 0.4s ease-in-out;\n}\n<\/style>\n<a href='https:\/\/asociacionelrosal.org\/es\/ingredientes\/'  class='avia-button av-3qqvi8-0ed2abc402150c90e237997a44d9291d avia-icon_select-yes-right-icon avia-size-large avia-position-center avia-color-theme-color'  ><span class='avia_iconbox_title' >Ver los ingredientes<\/span><span class='avia_button_icon avia_button_icon_right' aria-hidden='true' data-av_icon='\ue875' data-av_iconfont='entypo-fontello'><\/span><\/a><\/div><\/div>\n\n<style type=\"text\/css\" data-created_by=\"avia_inline_auto\" id=\"style-css-av-1ydx0g-b24a4b515f13dfcb101b3b8c59999ca8\">\n#top .hr.hr-invisible.av-1ydx0g-b24a4b515f13dfcb101b3b8c59999ca8{\nheight:80px;\n}\n<\/style>\n<div  class='hr av-1ydx0g-b24a4b515f13dfcb101b3b8c59999ca8 hr-invisible  avia-builder-el-23  el_after_av_one_half  el_before_av_comments_list '><span class='hr-inner '><span class=\"hr-inner-style\"><\/span><\/span><\/div>\n<div  class='av-buildercomment av-ljx4eome-83d858a77fa8b2dedfaf73f0975db496'><\/div>\n","protected":false},"excerpt":{"rendered":"","protected":false},"author":3,"featured_media":0,"parent":0,"menu_order":0,"comment_status":"closed","ping_status":"closed","template":"","meta":{"footnotes":""},"class_list":["post-2432","page","type-page","status-publish","hentry"],"jetpack_sharing_enabled":true,"_links":{"self":[{"href":"https:\/\/asociacionelrosal.org\/es\/wp-json\/wp\/v2\/pages\/2432","targetHints":{"allow":["GET"]}}],"collection":[{"href":"https:\/\/asociacionelrosal.org\/es\/wp-json\/wp\/v2\/pages"}],"about":[{"href":"https:\/\/asociacionelrosal.org\/es\/wp-json\/wp\/v2\/types\/page"}],"author":[{"embeddable":true,"href":"https:\/\/asociacionelrosal.org\/es\/wp-json\/wp\/v2\/users\/3"}],"replies":[{"embeddable":true,"href":"https:\/\/asociacionelrosal.org\/es\/wp-json\/wp\/v2\/comments?post=2432"}],"version-history":[{"count":15,"href":"https:\/\/asociacionelrosal.org\/es\/wp-json\/wp\/v2\/pages\/2432\/revisions"}],"predecessor-version":[{"id":3338,"href":"https:\/\/asociacionelrosal.org\/es\/wp-json\/wp\/v2\/pages\/2432\/revisions\/3338"}],"wp:attachment":[{"href":"https:\/\/asociacionelrosal.org\/es\/wp-json\/wp\/v2\/media?parent=2432"}],"curies":[{"name":"wp","href":"https:\/\/api.w.org\/{rel}","templated":true}]}}