{"id":2435,"date":"2023-05-24T20:17:08","date_gmt":"2023-05-24T20:17:08","guid":{"rendered":"https:\/\/asociacionelrosal.org\/es\/?page_id=2435"},"modified":"2023-07-10T21:19:00","modified_gmt":"2023-07-10T21:19:00","slug":"shampoo-de-aloe-vera","status":"publish","type":"page","link":"https:\/\/asociacionelrosal.org\/es\/shampoo-de-aloe-vera\/","title":{"rendered":"Shampoo de Aloe Vera"},"content":{"rendered":"<div id='av_section_1'  class='avia-section av-ljxd3y93-36bcd28a916e4ecb775e0b5d1846631f main_color avia-section-default avia-no-border-styling  avia-builder-el-0  el_before_av_hr  avia-builder-el-first  sticky-parent avia-bg-style-scroll container_wrap fullsize'  ><div class='container av-section-cont-open' ><main  role=\"main\" itemprop=\"mainContentOfPage\"  class='template-page content  av-content-full alpha units'><div class='post-entry post-entry-type-page post-entry-2435'><div class='entry-content-wrapper clearfix'>\n<div  class='flex_column av-mwlmfn-2ba033701a28ae785db16be5a3a1e444 av_one_half  avia-builder-el-1  el_before_av_one_half  avia-builder-el-first  sticky-element first flex_column_div  '     ><style type=\"text\/css\" data-created_by=\"avia_inline_auto\" id=\"style-css-av-lixbjtb7-a6471546e593fdaefe4f5992cef552a4\">\n.avia-image-container.av-lixbjtb7-a6471546e593fdaefe4f5992cef552a4 img.avia_image{\nbox-shadow:none;\n}\n.avia-image-container.av-lixbjtb7-a6471546e593fdaefe4f5992cef552a4 .av-image-caption-overlay-center{\ncolor:#ffffff;\n}\n<\/style>\n<div  class='avia-image-container av-lixbjtb7-a6471546e593fdaefe4f5992cef552a4 av-styling- avia-align-center  avia-builder-el-2  avia-builder-el-no-sibling '   itemprop=\"image\" itemscope=\"itemscope\" itemtype=\"https:\/\/schema.org\/ImageObject\" ><div class=\"avia-image-container-inner\"><div class=\"avia-image-overlay-wrap\"><img decoding=\"async\" class='wp-image-2834 avia-img-lazy-loading-not-2834 avia_image ' src=\"https:\/\/asociacionelrosal.org\/es\/wp-content\/uploads\/2023\/06\/Shampoo-aloe-773x1030.png\" alt='' title='Shampoo aloe'  height=\"1030\" width=\"773\"  itemprop=\"thumbnailUrl\" srcset=\"https:\/\/asociacionelrosal.org\/es\/wp-content\/uploads\/2023\/06\/Shampoo-aloe-773x1030.png 773w, https:\/\/asociacionelrosal.org\/es\/wp-content\/uploads\/2023\/06\/Shampoo-aloe-225x300.png 225w, https:\/\/asociacionelrosal.org\/es\/wp-content\/uploads\/2023\/06\/Shampoo-aloe-768x1024.png 768w, https:\/\/asociacionelrosal.org\/es\/wp-content\/uploads\/2023\/06\/Shampoo-aloe-1152x1536.png 1152w, https:\/\/asociacionelrosal.org\/es\/wp-content\/uploads\/2023\/06\/Shampoo-aloe-1536x2048.png 1536w, https:\/\/asociacionelrosal.org\/es\/wp-content\/uploads\/2023\/06\/Shampoo-aloe-1125x1500.png 1125w, https:\/\/asociacionelrosal.org\/es\/wp-content\/uploads\/2023\/06\/Shampoo-aloe-529x705.png 529w\" sizes=\"(max-width: 773px) 100vw, 773px\" \/><\/div><\/div><\/div><\/div><div  class='flex_column av-kmvvnn-44fe1a88dcc6d6c54066183dbbd685dd av_one_half  avia-builder-el-3  el_after_av_one_half  avia-builder-el-last  flex_column_div  '     ><p>\n<style type=\"text\/css\" data-created_by=\"avia_inline_auto\" id=\"style-css-av-lixbkrcz-2bbc23a55d5737006bec4940b79e7d30\">\n#top .av-special-heading.av-lixbkrcz-2bbc23a55d5737006bec4940b79e7d30{\npadding-bottom:10px;\nfont-size:41px;\n}\nbody .av-special-heading.av-lixbkrcz-2bbc23a55d5737006bec4940b79e7d30 .av-special-heading-tag .heading-char{\nfont-size:25px;\n}\n#top #wrap_all .av-special-heading.av-lixbkrcz-2bbc23a55d5737006bec4940b79e7d30 .av-special-heading-tag{\nfont-size:41px;\n}\n.av-special-heading.av-lixbkrcz-2bbc23a55d5737006bec4940b79e7d30 .av-subheading{\nfont-size:15px;\n}\n\n@media only screen and (min-width: 480px) and (max-width: 767px){ \n#top #wrap_all .av-special-heading.av-lixbkrcz-2bbc23a55d5737006bec4940b79e7d30 .av-special-heading-tag{\nfont-size:0.8em;\n}\n}\n\n@media only screen and (max-width: 479px){ \n#top #wrap_all .av-special-heading.av-lixbkrcz-2bbc23a55d5737006bec4940b79e7d30 .av-special-heading-tag{\nfont-size:0.8em;\n}\n}\n<\/style>\n<div  class='av-special-heading av-lixbkrcz-2bbc23a55d5737006bec4940b79e7d30 av-special-heading-h2 blockquote modern-quote modern-centered  avia-builder-el-4  el_before_av_hr  avia-builder-el-first  av-inherit-size'><h2 class='av-special-heading-tag'  itemprop=\"headline\"  >Shampoo de Aloe Vera Puro<\/h2><div class=\"special-heading-border\"><div class=\"special-heading-inner-border\"><\/div><\/div><\/div><br \/>\n\n<style type=\"text\/css\" data-created_by=\"avia_inline_auto\" id=\"style-css-av-jnj5r7-7e363d9e4668eac31b47b28aa9e4388f\">\n#top .hr.hr-invisible.av-jnj5r7-7e363d9e4668eac31b47b28aa9e4388f{\nmargin-top:-10px;\nheight:1px;\n}\n<\/style>\n<div  class='hr av-jnj5r7-7e363d9e4668eac31b47b28aa9e4388f hr-invisible  avia-builder-el-5  el_after_av_heading  el_before_av_textblock '><span class='hr-inner '><span class=\"hr-inner-style\"><\/span><\/span><\/div><br \/>\n\n<style type=\"text\/css\" data-created_by=\"avia_inline_auto\" id=\"style-css-av-lixbkz5n-2fd63006786411b8688a7adcf5e3a559\">\n#top .av_textblock_section.av-lixbkz5n-2fd63006786411b8688a7adcf5e3a559 .avia_textblock{\nfont-size:18px;\ntext-align:center;\n}\n<\/style>\n<section  class='av_textblock_section av-lixbkz5n-2fd63006786411b8688a7adcf5e3a559 '   itemscope=\"itemscope\" itemtype=\"https:\/\/schema.org\/CreativeWork\" ><div class='avia_textblock'  itemprop=\"text\" ><p>Limpia e hidrata el cabello con el poder de las <strong>sustancias naturales.<\/strong><\/p>\n<\/div><\/section><br \/>\n<div  class='hr av-i34jwj-d357e57e776f83a179de771a5375144b hr-default  avia-builder-el-7  el_after_av_textblock  el_before_av_textblock '><span class='hr-inner '><span class=\"hr-inner-style\"><\/span><\/span><\/div><br \/>\n\n<style type=\"text\/css\" data-created_by=\"avia_inline_auto\" id=\"style-css-av-lixbljjn-27d90ada2db656eca2930c23b62497e0\">\n#top .av_textblock_section.av-lixbljjn-27d90ada2db656eca2930c23b62497e0 .avia_textblock{\nfont-size:15px;\n}\n<\/style>\n<section  class='av_textblock_section av-lixbljjn-27d90ada2db656eca2930c23b62497e0 '   itemscope=\"itemscope\" itemtype=\"https:\/\/schema.org\/CreativeWork\" ><div class='avia_textblock'  itemprop=\"text\" ><p>Como planta curativa milagrosa, el aloe vera no s\u00f3lo es adecuado para el cuidado de la piel, sino que tambi\u00e9n es<strong><em> excelente para el cuidado del cabello<\/em><\/strong>.<\/p>\n<p><strong><em>Nuestro shampoo repara el cabello de todo tipo.<\/em><\/strong><\/p>\n<p>La capacidad distintiva de retenci\u00f3n de agua del <strong><em>aloe vera conduce a una hidrataci\u00f3n \u00f3ptima<\/em><\/strong>. El agua se absorbe continuamente del aire y se almacena directamente en el cabello.<\/p>\n<p>Las enzimas y los tensioactivos del aloe vera <strong><em>eliminan la suciedad, la grasa y las c\u00e9lulas muertas del cuero cabelludo<\/em><\/strong>. Nuestro shampoo a base de aloe vera ecol\u00f3gico<strong><em> hidrata, limpia y fortalece el cabello de forma suave y eficaz.<\/em><\/strong><\/p>\n<p>Adem\u00e1s de la calidad de nuestros productos, cuestiones como la <strong><em>sostenibilidad y el desarrollo<\/em><\/strong> tambi\u00e9n tienen una gran prioridad en nuestra asociaci\u00f3n. Uno de nuestros objetivos es <strong><em>crear mejores oportunidades educativas en las zonas rurales.<\/em><\/strong><\/p>\n<p>\u00bfQu\u00e9 esperas? <strong><em>Dale a tu cabello y cuero cabelludo el cuidado que se merece<\/em><\/strong>: m\u00edmalo con nuestros productos ecol\u00f3gicos.<\/p>\n<\/div><\/section><br \/>\n<div  class='avia-button-wrap av-lixbluyh-137ee004ed398c2b5428edb505f7b50b-wrap avia-button-center  avia-builder-el-9  el_after_av_textblock  avia-builder-el-last '>\n<style type=\"text\/css\" data-created_by=\"avia_inline_auto\" id=\"style-css-av-lixbluyh-137ee004ed398c2b5428edb505f7b50b\">\n#top #wrap_all .avia-button.av-lixbluyh-137ee004ed398c2b5428edb505f7b50b{\nfont-size:20px;\n-webkit-transition:all 0.4s ease-in-out;\n-moz-transition:all 0.4s ease-in-out;\n-ms-transition:all 0.4s ease-in-out;\n-o-transition:all 0.4s ease-in-out;\ntransition:all 0.4s ease-in-out;\n}\n<\/style>\n<a href='https:\/\/asociacionelrosal.org\/es\/aloe-vera\/'  class='avia-button av-lixbluyh-137ee004ed398c2b5428edb505f7b50b avia-icon_select-no avia-size-x-large avia-position-center avia-color-theme-color'  ><span class='avia_iconbox_title' >Da un click para saber mas sobre los beneficios de la Aloe Vera<\/span><\/a><\/div><\/p><\/div><\/div><\/div><\/main><!-- close content main element --><\/div><\/div><div id='after_section_1'  class='main_color av_default_container_wrap container_wrap fullsize'  ><div class='container av-section-cont-open' ><div class='template-page content  av-content-full alpha units'><div class='post-entry post-entry-type-page post-entry-2435'><div class='entry-content-wrapper clearfix'>\n<style type=\"text\/css\" data-created_by=\"avia_inline_auto\" id=\"style-css-av-du7kw3-1289815ba71ba327ebda15fcc9eb617c\">\n#top .hr.hr-invisible.av-du7kw3-1289815ba71ba327ebda15fcc9eb617c{\nheight:50px;\n}\n<\/style>\n<div  class='hr av-du7kw3-1289815ba71ba327ebda15fcc9eb617c hr-invisible  avia-builder-el-10  el_after_av_section  el_before_av_one_fifth  avia-builder-el-first '><span class='hr-inner '><span class=\"hr-inner-style\"><\/span><\/span><\/div><\/p>\n<div  class='flex_column av-ce15fn-f7c0a214a7b3c1eaaaac864c7a7dedc7 av_one_fifth  avia-builder-el-11  el_after_av_hr  el_before_av_one_fourth  first flex_column_div  '     ><style type=\"text\/css\" data-created_by=\"avia_inline_auto\" id=\"style-css-av-lixbrnbn-fdd2c574351f12b04dd383bc40bbba07\">\n#top .av-special-heading.av-lixbrnbn-fdd2c574351f12b04dd383bc40bbba07{\npadding-bottom:10px;\n}\nbody .av-special-heading.av-lixbrnbn-fdd2c574351f12b04dd383bc40bbba07 .av-special-heading-tag .heading-char{\nfont-size:25px;\n}\n.av-special-heading.av-lixbrnbn-fdd2c574351f12b04dd383bc40bbba07 .av-subheading{\nfont-size:15px;\n}\n<\/style>\n<div  class='av-special-heading av-lixbrnbn-fdd2c574351f12b04dd383bc40bbba07 av-special-heading-h2  avia-builder-el-12  avia-builder-el-no-sibling '><h2 class='av-special-heading-tag'  itemprop=\"headline\"  >Los otros Shampoos<\/h2><div class=\"special-heading-border\"><div class=\"special-heading-inner-border\"><\/div><\/div><\/div><\/div>\n<div  class='flex_column av-ayyl5v-0bf61814c345191735983a1c56fcc35d av_one_fourth  avia-builder-el-13  el_after_av_one_fifth  el_before_av_one_fourth  flex_column_div  '     ><p>\n<style type=\"text\/css\" data-created_by=\"avia_inline_auto\" id=\"style-css-av-lixbn7pf-0b47479425cc6f5dc4226d7b8c08d44f\">\n.avia_transform .avia-image-container.av-lixbn7pf-0b47479425cc6f5dc4226d7b8c08d44f{\n-webkit-animation-duration:2s;\n-moz-animation-duration:2s;\nanimation-duration:2s;\n}\n.avia-image-container.av-lixbn7pf-0b47479425cc6f5dc4226d7b8c08d44f img.avia_image{\nbox-shadow:none;\n}\n.avia-image-container.av-lixbn7pf-0b47479425cc6f5dc4226d7b8c08d44f .av-image-caption-overlay-center{\ncolor:#ffffff;\n}\n<\/style>\n<div  class='avia-image-container av-lixbn7pf-0b47479425cc6f5dc4226d7b8c08d44f av-styling- av-hover-grow av-hide-overflow avia_animated_image av-animated-when-visible-95 fade-in avia-align-center  avia-builder-el-14  el_before_av_textblock  avia-builder-el-first '   itemprop=\"image\" itemscope=\"itemscope\" itemtype=\"https:\/\/schema.org\/ImageObject\" ><div class=\"avia-image-container-inner\"><div class=\"avia-image-overlay-wrap\"><a href=\"https:\/\/asociacionelrosal.org\/es\/shampoo-de-aloe-vera-y-papaya\/\" class='avia_image' ><img decoding=\"async\" class='wp-image-2835 avia-img-lazy-loading-not-2835 avia_image ' src=\"https:\/\/asociacionelrosal.org\/es\/wp-content\/uploads\/2023\/06\/shampoo-papaya-772x1030.png\" alt='' title='shampoo papaya'  height=\"1030\" width=\"772\"  itemprop=\"thumbnailUrl\" srcset=\"https:\/\/asociacionelrosal.org\/es\/wp-content\/uploads\/2023\/06\/shampoo-papaya-772x1030.png 772w, https:\/\/asociacionelrosal.org\/es\/wp-content\/uploads\/2023\/06\/shampoo-papaya-225x300.png 225w, https:\/\/asociacionelrosal.org\/es\/wp-content\/uploads\/2023\/06\/shampoo-papaya-768x1024.png 768w, https:\/\/asociacionelrosal.org\/es\/wp-content\/uploads\/2023\/06\/shampoo-papaya-1152x1536.png 1152w, https:\/\/asociacionelrosal.org\/es\/wp-content\/uploads\/2023\/06\/shampoo-papaya-1536x2048.png 1536w, https:\/\/asociacionelrosal.org\/es\/wp-content\/uploads\/2023\/06\/shampoo-papaya-1125x1500.png 1125w, https:\/\/asociacionelrosal.org\/es\/wp-content\/uploads\/2023\/06\/shampoo-papaya-529x705.png 529w\" sizes=\"(max-width: 772px) 100vw, 772px\" \/><\/a><\/div><\/div><\/div><br \/>\n\n<style type=\"text\/css\" data-created_by=\"avia_inline_auto\" id=\"style-css-av-lixbnlvl-aa7a30516648ec7a858fa204f0fa5750\">\n#top .av_textblock_section.av-lixbnlvl-aa7a30516648ec7a858fa204f0fa5750 .avia_textblock{\ntext-align:center;\n}\n<\/style>\n<section  class='av_textblock_section av-lixbnlvl-aa7a30516648ec7a858fa204f0fa5750 '   itemscope=\"itemscope\" itemtype=\"https:\/\/schema.org\/CreativeWork\" ><div class='avia_textblock'  itemprop=\"text\" ><h3>Shampoo de Aloe Vera y Papaya<\/h3>\n<\/div><\/section><\/p><\/div>\n<div  class='flex_column av-9ej4g3-17f3c8c14d72373f19b696d247436e50 av_one_fourth  avia-builder-el-16  el_after_av_one_fourth  el_before_av_hr  flex_column_div  '     ><p>\n<style type=\"text\/css\" data-created_by=\"avia_inline_auto\" id=\"style-css-av-lixbo9ut-ec8680dc99ec2dbdd00dcd15cc4fa695\">\n.avia_transform .avia-image-container.av-lixbo9ut-ec8680dc99ec2dbdd00dcd15cc4fa695{\n-webkit-animation-duration:2s;\n-moz-animation-duration:2s;\nanimation-duration:2s;\n}\n.avia-image-container.av-lixbo9ut-ec8680dc99ec2dbdd00dcd15cc4fa695 img.avia_image{\nbox-shadow:none;\n}\n.avia-image-container.av-lixbo9ut-ec8680dc99ec2dbdd00dcd15cc4fa695 .av-image-caption-overlay-center{\ncolor:#ffffff;\n}\n<\/style>\n<div  class='avia-image-container av-lixbo9ut-ec8680dc99ec2dbdd00dcd15cc4fa695 av-styling- av-hover-grow avia_animated_image av-animated-when-visible-95 fade-in avia-align-center  avia-builder-el-17  el_before_av_textblock  avia-builder-el-first '   itemprop=\"image\" itemscope=\"itemscope\" itemtype=\"https:\/\/schema.org\/ImageObject\" ><div class=\"avia-image-container-inner\"><div class=\"avia-image-overlay-wrap\"><a href=\"https:\/\/asociacionelrosal.org\/es\/shampoo-de-aloe-vera-y-ortiga\/\" class='avia_image' ><img decoding=\"async\" class='wp-image-2836 avia-img-lazy-loading-not-2836 avia_image ' src=\"https:\/\/asociacionelrosal.org\/es\/wp-content\/uploads\/2023\/06\/Shamppoo-ortiga-772x1030.png\" alt='' title='Shamppoo ortiga'  height=\"1030\" width=\"772\"  itemprop=\"thumbnailUrl\" srcset=\"https:\/\/asociacionelrosal.org\/es\/wp-content\/uploads\/2023\/06\/Shamppoo-ortiga-772x1030.png 772w, https:\/\/asociacionelrosal.org\/es\/wp-content\/uploads\/2023\/06\/Shamppoo-ortiga-225x300.png 225w, https:\/\/asociacionelrosal.org\/es\/wp-content\/uploads\/2023\/06\/Shamppoo-ortiga-768x1024.png 768w, https:\/\/asociacionelrosal.org\/es\/wp-content\/uploads\/2023\/06\/Shamppoo-ortiga-1152x1536.png 1152w, https:\/\/asociacionelrosal.org\/es\/wp-content\/uploads\/2023\/06\/Shamppoo-ortiga-1536x2048.png 1536w, https:\/\/asociacionelrosal.org\/es\/wp-content\/uploads\/2023\/06\/Shamppoo-ortiga-1125x1500.png 1125w, https:\/\/asociacionelrosal.org\/es\/wp-content\/uploads\/2023\/06\/Shamppoo-ortiga-529x705.png 529w\" sizes=\"(max-width: 772px) 100vw, 772px\" \/><\/a><\/div><\/div><\/div><br \/>\n\n<style type=\"text\/css\" data-created_by=\"avia_inline_auto\" id=\"style-css-av-lixbomw6-7a9ae1e7f99aa0e52e16d6e4eb67620b\">\n#top .av_textblock_section.av-lixbomw6-7a9ae1e7f99aa0e52e16d6e4eb67620b .avia_textblock{\ntext-align:center;\n}\n<\/style>\n<section  class='av_textblock_section av-lixbomw6-7a9ae1e7f99aa0e52e16d6e4eb67620b '   itemscope=\"itemscope\" itemtype=\"https:\/\/schema.org\/CreativeWork\" ><div class='avia_textblock'  itemprop=\"text\" ><h3>Shampoo de Aloe Vera y Ortiga<\/h3>\n<\/div><\/section><\/p><\/div>\n\n<style type=\"text\/css\" data-created_by=\"avia_inline_auto\" id=\"style-css-av-75h65f-7a3aa40f29e208b38fdc6979aadc5226\">\n#top .hr.hr-invisible.av-75h65f-7a3aa40f29e208b38fdc6979aadc5226{\nheight:80px;\n}\n<\/style>\n<div  class='hr av-75h65f-7a3aa40f29e208b38fdc6979aadc5226 hr-invisible  avia-builder-el-19  el_after_av_one_fourth  el_before_av_one_half '><span class='hr-inner '><span class=\"hr-inner-style\"><\/span><\/span><\/div>\n<div  class='flex_column av-688yvn-6c5fbe724277adaa97fbc1f5298e7890 av_one_half  avia-builder-el-20  el_after_av_hr  el_before_av_one_half  first flex_column_div  '     ><div  class='avia-button-wrap av-lixbpez7-04f49baeda94a2acc2613b59bdfda387-wrap avia-button-center  avia-builder-el-21  avia-builder-el-no-sibling '>\n<style type=\"text\/css\" data-created_by=\"avia_inline_auto\" id=\"style-css-av-lixbpez7-04f49baeda94a2acc2613b59bdfda387\">\n#top #wrap_all .avia-button.av-lixbpez7-04f49baeda94a2acc2613b59bdfda387{\nfont-size:25px;\n-webkit-transition:all 0.4s ease-in-out;\n-moz-transition:all 0.4s ease-in-out;\n-ms-transition:all 0.4s ease-in-out;\n-o-transition:all 0.4s ease-in-out;\ntransition:all 0.4s ease-in-out;\n}\n<\/style>\n<a href='https:\/\/asociacionelrosal.org\/es\/nuestros-productos\/'  class='avia-button av-lixbpez7-04f49baeda94a2acc2613b59bdfda387 avia-icon_select-yes-left-icon avia-size-large avia-position-center avia-color-theme-color'  ><span class='avia_button_icon avia_button_icon_left' aria-hidden='true' data-av_icon='\ue874' data-av_iconfont='entypo-fontello'><\/span><span class='avia_iconbox_title' >Ver todo los productos<\/span><\/a><\/div><\/div>\n<div  class='flex_column av-48lnxv-e835705e6f467b435f49f127629516a4 av_one_half  avia-builder-el-22  el_after_av_one_half  el_before_av_hr  flex_column_div  '     ><div  class='avia-button-wrap av-lixbp7ai-49c8d4c9cce5f064861550fb9695da05-wrap avia-button-center  avia-builder-el-23  avia-builder-el-no-sibling '>\n<style type=\"text\/css\" data-created_by=\"avia_inline_auto\" id=\"style-css-av-lixbp7ai-49c8d4c9cce5f064861550fb9695da05\">\n#top #wrap_all .avia-button.av-lixbp7ai-49c8d4c9cce5f064861550fb9695da05{\nfont-size:25px;\n-webkit-transition:all 0.4s ease-in-out;\n-moz-transition:all 0.4s ease-in-out;\n-ms-transition:all 0.4s ease-in-out;\n-o-transition:all 0.4s ease-in-out;\ntransition:all 0.4s ease-in-out;\n}\n<\/style>\n<a href='https:\/\/asociacionelrosal.org\/es\/ingredientes\/'  class='avia-button av-lixbp7ai-49c8d4c9cce5f064861550fb9695da05 avia-icon_select-yes-right-icon avia-size-large avia-position-center avia-color-theme-color'  ><span class='avia_iconbox_title' >Ver los ingredientes<\/span><span class='avia_button_icon avia_button_icon_right' aria-hidden='true' data-av_icon='\ue875' data-av_iconfont='entypo-fontello'><\/span><\/a><\/div><\/div>\n\n<style type=\"text\/css\" data-created_by=\"avia_inline_auto\" id=\"style-css-av-7mef7-78cb3cd3a822d767ca122281ca5abff5\">\n#top .hr.hr-invisible.av-7mef7-78cb3cd3a822d767ca122281ca5abff5{\nheight:80px;\n}\n<\/style>\n<div  class='hr av-7mef7-78cb3cd3a822d767ca122281ca5abff5 hr-invisible  avia-builder-el-24  el_after_av_one_half  el_before_av_comments_list '><span class='hr-inner '><span class=\"hr-inner-style\"><\/span><\/span><\/div>\n<div  class='av-buildercomment av-av_comments_list-56c66b2695468e12d3120bc7169a9873'><\/div>\n","protected":false},"excerpt":{"rendered":"","protected":false},"author":3,"featured_media":0,"parent":0,"menu_order":0,"comment_status":"closed","ping_status":"closed","template":"","meta":{"footnotes":""},"class_list":["post-2435","page","type-page","status-publish","hentry"],"jetpack_sharing_enabled":true,"_links":{"self":[{"href":"https:\/\/asociacionelrosal.org\/es\/wp-json\/wp\/v2\/pages\/2435","targetHints":{"allow":["GET"]}}],"collection":[{"href":"https:\/\/asociacionelrosal.org\/es\/wp-json\/wp\/v2\/pages"}],"about":[{"href":"https:\/\/asociacionelrosal.org\/es\/wp-json\/wp\/v2\/types\/page"}],"author":[{"embeddable":true,"href":"https:\/\/asociacionelrosal.org\/es\/wp-json\/wp\/v2\/users\/3"}],"replies":[{"embeddable":true,"href":"https:\/\/asociacionelrosal.org\/es\/wp-json\/wp\/v2\/comments?post=2435"}],"version-history":[{"count":8,"href":"https:\/\/asociacionelrosal.org\/es\/wp-json\/wp\/v2\/pages\/2435\/revisions"}],"predecessor-version":[{"id":3029,"href":"https:\/\/asociacionelrosal.org\/es\/wp-json\/wp\/v2\/pages\/2435\/revisions\/3029"}],"wp:attachment":[{"href":"https:\/\/asociacionelrosal.org\/es\/wp-json\/wp\/v2\/media?parent=2435"}],"curies":[{"name":"wp","href":"https:\/\/api.w.org\/{rel}","templated":true}]}}