{"id":2437,"date":"2023-05-24T20:17:44","date_gmt":"2023-05-24T20:17:44","guid":{"rendered":"https:\/\/asociacionelrosal.org\/es\/?page_id=2437"},"modified":"2023-08-02T15:53:55","modified_gmt":"2023-08-02T15:53:55","slug":"shampoo-de-aloe-vera-y-papaya","status":"publish","type":"page","link":"https:\/\/asociacionelrosal.org\/es\/shampoo-de-aloe-vera-y-papaya\/","title":{"rendered":"Shampoo de Aloe Vera y Papaya"},"content":{"rendered":"<div id='av_section_1'  class='avia-section av-ljxdftn4-7d0d8ac26781c73fa58931c18fde486d main_color avia-section-default avia-no-border-styling  avia-builder-el-0  el_before_av_hr  avia-builder-el-first  sticky-parent avia-bg-style-scroll container_wrap fullsize'  ><div class='container av-section-cont-open' ><main  role=\"main\" itemprop=\"mainContentOfPage\"  class='template-page content  av-content-full alpha units'><div class='post-entry post-entry-type-page post-entry-2437'><div class='entry-content-wrapper clearfix'>\n<div  class='flex_column av-v3o1ud-53b101f959de4c39ec3e16a0f9ea575a av_one_half  avia-builder-el-1  el_before_av_one_half  avia-builder-el-first  sticky-element first flex_column_div  '     ><style type=\"text\/css\" data-created_by=\"avia_inline_auto\" id=\"style-css-av-lixbu3b2-7dfeda7ed9db9a946a199b6cbf3d48e8\">\n.avia-image-container.av-lixbu3b2-7dfeda7ed9db9a946a199b6cbf3d48e8 img.avia_image{\nbox-shadow:none;\n}\n.avia-image-container.av-lixbu3b2-7dfeda7ed9db9a946a199b6cbf3d48e8 .av-image-caption-overlay-center{\ncolor:#ffffff;\n}\n<\/style>\n<div  class='avia-image-container av-lixbu3b2-7dfeda7ed9db9a946a199b6cbf3d48e8 av-styling- avia-align-center  avia-builder-el-2  avia-builder-el-no-sibling '   itemprop=\"image\" itemscope=\"itemscope\" itemtype=\"https:\/\/schema.org\/ImageObject\" ><div class=\"avia-image-container-inner\"><div class=\"avia-image-overlay-wrap\"><img decoding=\"async\" class='wp-image-2835 avia-img-lazy-loading-not-2835 avia_image ' src=\"https:\/\/asociacionelrosal.org\/es\/wp-content\/uploads\/2023\/06\/shampoo-papaya-772x1030.png\" alt='' title='shampoo papaya'  height=\"1030\" width=\"772\"  itemprop=\"thumbnailUrl\" srcset=\"https:\/\/asociacionelrosal.org\/es\/wp-content\/uploads\/2023\/06\/shampoo-papaya-772x1030.png 772w, https:\/\/asociacionelrosal.org\/es\/wp-content\/uploads\/2023\/06\/shampoo-papaya-225x300.png 225w, https:\/\/asociacionelrosal.org\/es\/wp-content\/uploads\/2023\/06\/shampoo-papaya-768x1024.png 768w, https:\/\/asociacionelrosal.org\/es\/wp-content\/uploads\/2023\/06\/shampoo-papaya-1152x1536.png 1152w, https:\/\/asociacionelrosal.org\/es\/wp-content\/uploads\/2023\/06\/shampoo-papaya-1536x2048.png 1536w, https:\/\/asociacionelrosal.org\/es\/wp-content\/uploads\/2023\/06\/shampoo-papaya-1125x1500.png 1125w, https:\/\/asociacionelrosal.org\/es\/wp-content\/uploads\/2023\/06\/shampoo-papaya-529x705.png 529w\" sizes=\"(max-width: 772px) 100vw, 772px\" \/><\/div><\/div><\/div><\/div><div  class='flex_column av-tafddh-b03b875f61baf8e7112f8cefab86172d av_one_half  avia-builder-el-3  el_after_av_one_half  avia-builder-el-last  flex_column_div  '     ><p>\n<style type=\"text\/css\" data-created_by=\"avia_inline_auto\" id=\"style-css-av-lixbud9s-21187725c20cb0107c1ae85c417e89e5\">\n#top .av-special-heading.av-lixbud9s-21187725c20cb0107c1ae85c417e89e5{\npadding-bottom:10px;\nfont-size:41px;\n}\nbody .av-special-heading.av-lixbud9s-21187725c20cb0107c1ae85c417e89e5 .av-special-heading-tag .heading-char{\nfont-size:25px;\n}\n#top #wrap_all .av-special-heading.av-lixbud9s-21187725c20cb0107c1ae85c417e89e5 .av-special-heading-tag{\nfont-size:41px;\n}\n.av-special-heading.av-lixbud9s-21187725c20cb0107c1ae85c417e89e5 .av-subheading{\nfont-size:15px;\n}\n\n@media only screen and (min-width: 480px) and (max-width: 767px){ \n#top #wrap_all .av-special-heading.av-lixbud9s-21187725c20cb0107c1ae85c417e89e5 .av-special-heading-tag{\nfont-size:0.8em;\n}\n}\n\n@media only screen and (max-width: 479px){ \n#top #wrap_all .av-special-heading.av-lixbud9s-21187725c20cb0107c1ae85c417e89e5 .av-special-heading-tag{\nfont-size:0.8em;\n}\n}\n<\/style>\n<div  class='av-special-heading av-lixbud9s-21187725c20cb0107c1ae85c417e89e5 av-special-heading-h2 blockquote modern-quote modern-centered  avia-builder-el-4  el_before_av_hr  avia-builder-el-first  av-inherit-size'><h2 class='av-special-heading-tag'  itemprop=\"headline\"  >Shampoo de Aloe Vera y Papaya<\/h2><div class=\"special-heading-border\"><div class=\"special-heading-inner-border\"><\/div><\/div><\/div><br \/>\n\n<style type=\"text\/css\" data-created_by=\"avia_inline_auto\" id=\"style-css-av-9ozlx-2cba0462a11d38f01dc411ee7c337545\">\n#top .hr.hr-invisible.av-9ozlx-2cba0462a11d38f01dc411ee7c337545{\nmargin-top:-10px;\nheight:1px;\n}\n<\/style>\n<div  class='hr av-9ozlx-2cba0462a11d38f01dc411ee7c337545 hr-invisible  avia-builder-el-5  el_after_av_heading  el_before_av_textblock '><span class='hr-inner '><span class=\"hr-inner-style\"><\/span><\/span><\/div><br \/>\n\n<style type=\"text\/css\" data-created_by=\"avia_inline_auto\" id=\"style-css-av-lixbuls7-ff1c09213bb58aaa124b26ecd4336029\">\n#top .av_textblock_section.av-lixbuls7-ff1c09213bb58aaa124b26ecd4336029 .avia_textblock{\nfont-size:18px;\ntext-align:center;\n}\n<\/style>\n<section  class='av_textblock_section av-lixbuls7-ff1c09213bb58aaa124b26ecd4336029 '   itemscope=\"itemscope\" itemtype=\"https:\/\/schema.org\/CreativeWork\" ><div class='avia_textblock'  itemprop=\"text\" ><p>Proporciona al cabello un cuidado especial- Ideal para cabellos claros o te\u00f1idos.<\/p>\n<\/div><\/section><br \/>\n<div  class='hr av-pj46px-e75bafe93b2d551539415c899200ac1c hr-default  avia-builder-el-7  el_after_av_textblock  el_before_av_textblock '><span class='hr-inner '><span class=\"hr-inner-style\"><\/span><\/span><\/div><br \/>\n\n<style type=\"text\/css\" data-created_by=\"avia_inline_auto\" id=\"style-css-av-lixbv4uu-083a5c3f4917bcd0fbcd7bb5dc6e40cb\">\n#top .av_textblock_section.av-lixbv4uu-083a5c3f4917bcd0fbcd7bb5dc6e40cb .avia_textblock{\nfont-size:15px;\n}\n<\/style>\n<section  class='av_textblock_section av-lixbv4uu-083a5c3f4917bcd0fbcd7bb5dc6e40cb '   itemscope=\"itemscope\" itemtype=\"https:\/\/schema.org\/CreativeWork\" ><div class='avia_textblock'  itemprop=\"text\" ><p>Como planta curativa milagrosa, el aloe vera no s\u00f3lo es adecuado para el cuidado de la piel, sino que tambi\u00e9n es excelente para el cuidado del cabello.<\/p>\n<p>Nuestro shampoo repara el cabello de todo tipo. <em><strong>El shampoo de Aloe Vera y Papaya est\u00e1 especialmente indicado para cabellos claros y te\u00f1idos.<\/strong><\/em><\/p>\n<p>La papaya es extremadamente rica en vitaminas, antioxidantes y minerales. La s\u00edntesis de estos nutrientes fortalece el cabello, aport\u00e1ndole flexibilidad y un brillo extraordinario.<\/p>\n<p>El aloe vera y la papaya se complementan perfectamente en sus propiedades limpiadoras y acondicionadoras. <strong><em>Las personas con cabello seco, fino o quebradizo notar\u00e1n r\u00e1pidamente cambios positivos con nuestro shampoo.<\/em><\/strong><\/p>\n<p>Adem\u00e1s de la calidad de nuestros productos, cuestiones como la sostenibilidad y el desarrollo son tambi\u00e9n muy importantes para nuestra asociaci\u00f3n. Uno de nuestros objetivos es crear una alternativa econ\u00f3mica. Queremos que m\u00e1s personas del valle de \u00cdntag puedan vivir sin Miner\u00eda.<\/p>\n<p>\u00bfQu\u00e9 esperas? Dale a tu cabello el cuidado que se merece &#8211; consi\u00e9ntelo con nuestros productos org\u00e1nicos.<\/p>\n<\/div><\/section><br \/>\n<div  class='avia-button-wrap av-lixbvgh4-da07faff02e1cbe8ff2d2c980f773ddb-wrap avia-button-center  avia-builder-el-9  el_after_av_textblock  avia-builder-el-last '>\n<style type=\"text\/css\" data-created_by=\"avia_inline_auto\" id=\"style-css-av-lixbvgh4-da07faff02e1cbe8ff2d2c980f773ddb\">\n#top #wrap_all .avia-button.av-lixbvgh4-da07faff02e1cbe8ff2d2c980f773ddb{\nfont-size:20px;\n-webkit-transition:all 0.4s ease-in-out;\n-moz-transition:all 0.4s ease-in-out;\n-ms-transition:all 0.4s ease-in-out;\n-o-transition:all 0.4s ease-in-out;\ntransition:all 0.4s ease-in-out;\n}\n<\/style>\n<a href='https:\/\/asociacionelrosal.org\/es\/papaya\/'  class='avia-button av-lixbvgh4-da07faff02e1cbe8ff2d2c980f773ddb avia-icon_select-no avia-size-x-large avia-position-center avia-color-theme-color'  ><span class='avia_iconbox_title' >Saber mas sobre los beneficios de la Papaya<\/span><\/a><\/div><\/p><\/div><\/div><\/div><\/main><!-- close content main element --><\/div><\/div><div id='after_section_1'  class='main_color av_default_container_wrap container_wrap fullsize'  ><div class='container av-section-cont-open' ><div class='template-page content  av-content-full alpha units'><div class='post-entry post-entry-type-page post-entry-2437'><div class='entry-content-wrapper clearfix'>\n<style type=\"text\/css\" data-created_by=\"avia_inline_auto\" id=\"style-css-av-nfpf8l-df2f254401bab21d19f9858c27fa288b\">\n#top .hr.hr-invisible.av-nfpf8l-df2f254401bab21d19f9858c27fa288b{\nheight:65px;\n}\n<\/style>\n<div  class='hr av-nfpf8l-df2f254401bab21d19f9858c27fa288b hr-invisible  avia-builder-el-10  el_after_av_section  el_before_av_one_fifth  avia-builder-el-first '><span class='hr-inner '><span class=\"hr-inner-style\"><\/span><\/span><\/div><\/p>\n<div  class='flex_column av-k791b9-d4fca676d5299894551ff3f388dd814a av_one_fifth  avia-builder-el-11  el_after_av_hr  el_before_av_one_fourth  first flex_column_div  '     ><style type=\"text\/css\" data-created_by=\"avia_inline_auto\" id=\"style-css-av-j5ynp1-7fa99006a196e73eb4457e174c633973\">\n#top .av-special-heading.av-j5ynp1-7fa99006a196e73eb4457e174c633973{\npadding-bottom:10px;\n}\nbody .av-special-heading.av-j5ynp1-7fa99006a196e73eb4457e174c633973 .av-special-heading-tag .heading-char{\nfont-size:25px;\n}\n.av-special-heading.av-j5ynp1-7fa99006a196e73eb4457e174c633973 .av-subheading{\nfont-size:15px;\n}\n<\/style>\n<div  class='av-special-heading av-j5ynp1-7fa99006a196e73eb4457e174c633973 av-special-heading-h2  avia-builder-el-12  avia-builder-el-no-sibling '><h2 class='av-special-heading-tag'  itemprop=\"headline\"  >Los otros Shampoos<\/h2><div class=\"special-heading-border\"><div class=\"special-heading-inner-border\"><\/div><\/div><\/div><\/div>\n<div  class='flex_column av-i65ndh-da2cefb65936a4d37c8d6e7b83e328f4 av_one_fourth  avia-builder-el-13  el_after_av_one_fifth  el_before_av_one_fourth  flex_column_div  '     ><p>\n<style type=\"text\/css\" data-created_by=\"avia_inline_auto\" id=\"style-css-av-lixbw6nc-44bd9cab5920ac535cfd52cab6d3e35a\">\n.avia_transform .avia-image-container.av-lixbw6nc-44bd9cab5920ac535cfd52cab6d3e35a{\n-webkit-animation-duration:2s;\n-moz-animation-duration:2s;\nanimation-duration:2s;\n}\n.avia-image-container.av-lixbw6nc-44bd9cab5920ac535cfd52cab6d3e35a img.avia_image{\nbox-shadow:none;\n}\n.avia-image-container.av-lixbw6nc-44bd9cab5920ac535cfd52cab6d3e35a .av-image-caption-overlay-center{\ncolor:#ffffff;\n}\n<\/style>\n<div  class='avia-image-container av-lixbw6nc-44bd9cab5920ac535cfd52cab6d3e35a av-styling- av-hover-grow av-hide-overflow avia_animated_image av-animated-when-visible-95 fade-in avia-align-center  avia-builder-el-14  el_before_av_textblock  avia-builder-el-first '   itemprop=\"image\" itemscope=\"itemscope\" itemtype=\"https:\/\/schema.org\/ImageObject\" ><div class=\"avia-image-container-inner\"><div class=\"avia-image-overlay-wrap\"><a href=\"https:\/\/asociacionelrosal.org\/es\/shampoo-de-aloe-vera\/\" class='avia_image' ><img decoding=\"async\" class='wp-image-2834 avia-img-lazy-loading-not-2834 avia_image ' src=\"https:\/\/asociacionelrosal.org\/es\/wp-content\/uploads\/2023\/06\/Shampoo-aloe-773x1030.png\" alt='' title='Shampoo aloe'  height=\"1030\" width=\"773\"  itemprop=\"thumbnailUrl\" srcset=\"https:\/\/asociacionelrosal.org\/es\/wp-content\/uploads\/2023\/06\/Shampoo-aloe-773x1030.png 773w, https:\/\/asociacionelrosal.org\/es\/wp-content\/uploads\/2023\/06\/Shampoo-aloe-225x300.png 225w, https:\/\/asociacionelrosal.org\/es\/wp-content\/uploads\/2023\/06\/Shampoo-aloe-768x1024.png 768w, https:\/\/asociacionelrosal.org\/es\/wp-content\/uploads\/2023\/06\/Shampoo-aloe-1152x1536.png 1152w, https:\/\/asociacionelrosal.org\/es\/wp-content\/uploads\/2023\/06\/Shampoo-aloe-1536x2048.png 1536w, https:\/\/asociacionelrosal.org\/es\/wp-content\/uploads\/2023\/06\/Shampoo-aloe-1125x1500.png 1125w, https:\/\/asociacionelrosal.org\/es\/wp-content\/uploads\/2023\/06\/Shampoo-aloe-529x705.png 529w\" sizes=\"(max-width: 773px) 100vw, 773px\" \/><\/a><\/div><\/div><\/div><br \/>\n\n<style type=\"text\/css\" data-created_by=\"avia_inline_auto\" id=\"style-css-av-lixbwgx1-1271f9244295317a57808d6f2935d72f\">\n#top .av_textblock_section.av-lixbwgx1-1271f9244295317a57808d6f2935d72f .avia_textblock{\ntext-align:center;\n}\n<\/style>\n<section  class='av_textblock_section av-lixbwgx1-1271f9244295317a57808d6f2935d72f '   itemscope=\"itemscope\" itemtype=\"https:\/\/schema.org\/CreativeWork\" ><div class='avia_textblock'  itemprop=\"text\" ><h3>Shampoo de Aloe Vera Puro<\/h3>\n<\/div><\/section><\/p><\/div>\n<div  class='flex_column av-fcalhh-69d5e8d858a07164dc6bfde4ced520a9 av_one_fourth  avia-builder-el-16  el_after_av_one_fourth  el_before_av_hr  flex_column_div  '     ><p>\n<style type=\"text\/css\" data-created_by=\"avia_inline_auto\" id=\"style-css-av-e6jgtx-88a0d1a9e50a62b08623844bc4e957a6\">\n.avia_transform .avia-image-container.av-e6jgtx-88a0d1a9e50a62b08623844bc4e957a6{\n-webkit-animation-duration:2s;\n-moz-animation-duration:2s;\nanimation-duration:2s;\n}\n.avia-image-container.av-e6jgtx-88a0d1a9e50a62b08623844bc4e957a6 img.avia_image{\nbox-shadow:none;\n}\n.avia-image-container.av-e6jgtx-88a0d1a9e50a62b08623844bc4e957a6 .av-image-caption-overlay-center{\ncolor:#ffffff;\n}\n<\/style>\n<div  class='avia-image-container av-e6jgtx-88a0d1a9e50a62b08623844bc4e957a6 av-styling- av-hover-grow avia_animated_image av-animated-when-visible-95 fade-in avia-align-center  avia-builder-el-17  el_before_av_textblock  avia-builder-el-first '   itemprop=\"image\" itemscope=\"itemscope\" itemtype=\"https:\/\/schema.org\/ImageObject\" ><div class=\"avia-image-container-inner\"><div class=\"avia-image-overlay-wrap\"><a href=\"https:\/\/asociacionelrosal.org\/es\/shampoo-de-aloe-vera-y-ortiga\/\" class='avia_image' ><img decoding=\"async\" class='wp-image-2836 avia-img-lazy-loading-not-2836 avia_image ' src=\"https:\/\/asociacionelrosal.org\/es\/wp-content\/uploads\/2023\/06\/Shamppoo-ortiga-772x1030.png\" alt='' title='Shamppoo ortiga'  height=\"1030\" width=\"772\"  itemprop=\"thumbnailUrl\" srcset=\"https:\/\/asociacionelrosal.org\/es\/wp-content\/uploads\/2023\/06\/Shamppoo-ortiga-772x1030.png 772w, https:\/\/asociacionelrosal.org\/es\/wp-content\/uploads\/2023\/06\/Shamppoo-ortiga-225x300.png 225w, https:\/\/asociacionelrosal.org\/es\/wp-content\/uploads\/2023\/06\/Shamppoo-ortiga-768x1024.png 768w, https:\/\/asociacionelrosal.org\/es\/wp-content\/uploads\/2023\/06\/Shamppoo-ortiga-1152x1536.png 1152w, https:\/\/asociacionelrosal.org\/es\/wp-content\/uploads\/2023\/06\/Shamppoo-ortiga-1536x2048.png 1536w, https:\/\/asociacionelrosal.org\/es\/wp-content\/uploads\/2023\/06\/Shamppoo-ortiga-1125x1500.png 1125w, https:\/\/asociacionelrosal.org\/es\/wp-content\/uploads\/2023\/06\/Shamppoo-ortiga-529x705.png 529w\" sizes=\"(max-width: 772px) 100vw, 772px\" \/><\/a><\/div><\/div><\/div><br \/>\n\n<style type=\"text\/css\" data-created_by=\"avia_inline_auto\" id=\"style-css-av-czbtqt-479e98e8133846df68d003d231bdc09a\">\n#top .av_textblock_section.av-czbtqt-479e98e8133846df68d003d231bdc09a .avia_textblock{\ntext-align:center;\n}\n<\/style>\n<section  class='av_textblock_section av-czbtqt-479e98e8133846df68d003d231bdc09a '   itemscope=\"itemscope\" itemtype=\"https:\/\/schema.org\/CreativeWork\" ><div class='avia_textblock'  itemprop=\"text\" ><h3>Shampoo de Aloe Vera y Ortiga<\/h3>\n<\/div><\/section><\/p><\/div>\n\n<style type=\"text\/css\" data-created_by=\"avia_inline_auto\" id=\"style-css-av-ayk86t-069041558b43e5677343720351aeeb32\">\n#top .hr.hr-invisible.av-ayk86t-069041558b43e5677343720351aeeb32{\nheight:80px;\n}\n<\/style>\n<div  class='hr av-ayk86t-069041558b43e5677343720351aeeb32 hr-invisible  avia-builder-el-19  el_after_av_one_fourth  el_before_av_one_half '><span class='hr-inner '><span class=\"hr-inner-style\"><\/span><\/span><\/div>\n<div  class='flex_column av-9ot2cl-2d69b3b1b1374da9ac7b8639d7a85841 av_one_half  avia-builder-el-20  el_after_av_hr  el_before_av_one_half  first flex_column_div  '     ><div  class='avia-button-wrap av-78e70l-c7cbd2c8f815bd1f81d2ea4e7790c8eb-wrap avia-button-center  avia-builder-el-21  avia-builder-el-no-sibling '>\n<style type=\"text\/css\" data-created_by=\"avia_inline_auto\" id=\"style-css-av-78e70l-c7cbd2c8f815bd1f81d2ea4e7790c8eb\">\n#top #wrap_all .avia-button.av-78e70l-c7cbd2c8f815bd1f81d2ea4e7790c8eb{\nfont-size:25px;\n-webkit-transition:all 0.4s ease-in-out;\n-moz-transition:all 0.4s ease-in-out;\n-ms-transition:all 0.4s ease-in-out;\n-o-transition:all 0.4s ease-in-out;\ntransition:all 0.4s ease-in-out;\n}\n<\/style>\n<a href='https:\/\/asociacionelrosal.org\/es\/nuestros-productos\/'  class='avia-button av-78e70l-c7cbd2c8f815bd1f81d2ea4e7790c8eb avia-icon_select-yes-left-icon avia-size-large avia-position-center avia-color-theme-color'  ><span class='avia_button_icon avia_button_icon_left' aria-hidden='true' data-av_icon='\ue874' data-av_iconfont='entypo-fontello'><\/span><span class='avia_iconbox_title' >Ver todo los productos<\/span><\/a><\/div><\/div>\n<div  class='flex_column av-mednp-189dd12b8c3ebb175e18642b40f1bf89 av_one_half  avia-builder-el-22  el_after_av_one_half  el_before_av_hr  flex_column_div  '     ><div  class='avia-button-wrap av-3qv5tx-3e523baed3e6fae7d914de54146bc5f2-wrap avia-button-center  avia-builder-el-23  avia-builder-el-no-sibling '>\n<style type=\"text\/css\" data-created_by=\"avia_inline_auto\" id=\"style-css-av-3qv5tx-3e523baed3e6fae7d914de54146bc5f2\">\n#top #wrap_all .avia-button.av-3qv5tx-3e523baed3e6fae7d914de54146bc5f2{\nfont-size:25px;\n-webkit-transition:all 0.4s ease-in-out;\n-moz-transition:all 0.4s ease-in-out;\n-ms-transition:all 0.4s ease-in-out;\n-o-transition:all 0.4s ease-in-out;\ntransition:all 0.4s ease-in-out;\n}\n<\/style>\n<a href='https:\/\/asociacionelrosal.org\/es\/ingredientes\/'  class='avia-button av-3qv5tx-3e523baed3e6fae7d914de54146bc5f2 avia-icon_select-yes-right-icon avia-size-large avia-position-center avia-color-theme-color'  ><span class='avia_iconbox_title' >Ver los ingredientes<\/span><span class='avia_button_icon avia_button_icon_right' aria-hidden='true' data-av_icon='\ue875' data-av_iconfont='entypo-fontello'><\/span><\/a><\/div><\/div>\n\n<style type=\"text\/css\" data-created_by=\"avia_inline_auto\" id=\"style-css-av-2w8er9-937927665264a0676dbc4f7706b816cc\">\n#top .hr.hr-invisible.av-2w8er9-937927665264a0676dbc4f7706b816cc{\nheight:80px;\n}\n<\/style>\n<div  class='hr av-2w8er9-937927665264a0676dbc4f7706b816cc hr-invisible  avia-builder-el-24  el_after_av_one_half  el_before_av_comments_list '><span class='hr-inner '><span class=\"hr-inner-style\"><\/span><\/span><\/div>\n<div  class='av-buildercomment av-2yxpud-d209af93effd275d65a203ca15188d8d'><\/div>\n","protected":false},"excerpt":{"rendered":"","protected":false},"author":3,"featured_media":0,"parent":0,"menu_order":0,"comment_status":"closed","ping_status":"closed","template":"","meta":{"footnotes":""},"class_list":["post-2437","page","type-page","status-publish","hentry"],"jetpack_sharing_enabled":true,"_links":{"self":[{"href":"https:\/\/asociacionelrosal.org\/es\/wp-json\/wp\/v2\/pages\/2437","targetHints":{"allow":["GET"]}}],"collection":[{"href":"https:\/\/asociacionelrosal.org\/es\/wp-json\/wp\/v2\/pages"}],"about":[{"href":"https:\/\/asociacionelrosal.org\/es\/wp-json\/wp\/v2\/types\/page"}],"author":[{"embeddable":true,"href":"https:\/\/asociacionelrosal.org\/es\/wp-json\/wp\/v2\/users\/3"}],"replies":[{"embeddable":true,"href":"https:\/\/asociacionelrosal.org\/es\/wp-json\/wp\/v2\/comments?post=2437"}],"version-history":[{"count":4,"href":"https:\/\/asociacionelrosal.org\/es\/wp-json\/wp\/v2\/pages\/2437\/revisions"}],"predecessor-version":[{"id":3346,"href":"https:\/\/asociacionelrosal.org\/es\/wp-json\/wp\/v2\/pages\/2437\/revisions\/3346"}],"wp:attachment":[{"href":"https:\/\/asociacionelrosal.org\/es\/wp-json\/wp\/v2\/media?parent=2437"}],"curies":[{"name":"wp","href":"https:\/\/api.w.org\/{rel}","templated":true}]}}