{"id":2447,"date":"2023-05-24T20:21:00","date_gmt":"2023-05-24T20:21:00","guid":{"rendered":"https:\/\/asociacionelrosal.org\/es\/?page_id=2447"},"modified":"2023-08-03T20:25:53","modified_gmt":"2023-08-03T20:25:53","slug":"jabones-de-aloe-vera","status":"publish","type":"page","link":"https:\/\/asociacionelrosal.org\/es\/jabones-de-aloe-vera\/","title":{"rendered":"Jabones de Aloe Vera"},"content":{"rendered":"<div  class='flex_column av-4oxdcv-e90e78e812788b7f2de273627d7e0937 av_one_full  avia-builder-el-0  el_before_av_hr  avia-builder-el-first  first flex_column_div  '     ><style type=\"text\/css\" data-created_by=\"avia_inline_auto\" id=\"style-css-av-lixdtuk8-55edadff5040ec0df681210de8ad37b7\">\n#top .av-special-heading.av-lixdtuk8-55edadff5040ec0df681210de8ad37b7{\npadding-bottom:10px;\nfont-size:55px;\n}\nbody .av-special-heading.av-lixdtuk8-55edadff5040ec0df681210de8ad37b7 .av-special-heading-tag .heading-char{\nfont-size:25px;\n}\n#top #wrap_all .av-special-heading.av-lixdtuk8-55edadff5040ec0df681210de8ad37b7 .av-special-heading-tag{\nfont-size:55px;\n}\n.av-special-heading.av-lixdtuk8-55edadff5040ec0df681210de8ad37b7 .av-subheading{\nfont-size:15px;\n}\n\n@media only screen and (min-width: 480px) and (max-width: 767px){ \n#top #wrap_all .av-special-heading.av-lixdtuk8-55edadff5040ec0df681210de8ad37b7 .av-special-heading-tag{\nfont-size:0.8em;\n}\n}\n\n@media only screen and (max-width: 479px){ \n#top #wrap_all .av-special-heading.av-lixdtuk8-55edadff5040ec0df681210de8ad37b7 .av-special-heading-tag{\nfont-size:0.8em;\n}\n}\n<\/style>\n<div  class='av-special-heading av-lixdtuk8-55edadff5040ec0df681210de8ad37b7 av-special-heading-h2 blockquote modern-quote modern-centered  avia-builder-el-1  avia-builder-el-no-sibling  av-inherit-size'><h2 class='av-special-heading-tag'  itemprop=\"headline\"  >Jab\u00f3nes de Aloe Vera<\/h2><div class='av-subheading av-subheading_below'><p>Jabones de alta calidad &#8211; Contienen s\u00f3lo ingredientes de cultivo ecol\u00f3gico.<\/p>\n<\/div><div class=\"special-heading-border\"><div class=\"special-heading-inner-border\"><\/div><\/div><\/div><\/div>\n<div  class='hr av-lixdvo6w-dccd889a247cffd93cc41f463b47caf5 hr-default  avia-builder-el-2  el_after_av_one_full  el_before_av_one_fourth '><span class='hr-inner '><span class=\"hr-inner-style\"><\/span><\/span><\/div>\n<div  class='flex_column av-s0hs27-98a803a14eb26f4c6e44171ea43e80f1 av_one_fourth  avia-builder-el-3  el_after_av_hr  el_before_av_one_fourth  first flex_column_div  '     ><style type=\"text\/css\" data-created_by=\"avia_inline_auto\" id=\"style-css-av-lixdebut-afdc9829f369408fe11300910683f800\">\n.avia_transform .avia-image-container.av-lixdebut-afdc9829f369408fe11300910683f800{\n-webkit-animation-duration:2s;\n-moz-animation-duration:2s;\nanimation-duration:2s;\n}\n.avia-image-container.av-lixdebut-afdc9829f369408fe11300910683f800 img.avia_image{\nbox-shadow:none;\n}\n.avia-image-container.av-lixdebut-afdc9829f369408fe11300910683f800 .av-image-caption-overlay-center{\ncolor:#ffffff;\n}\n<\/style>\n<div  class='avia-image-container av-lixdebut-afdc9829f369408fe11300910683f800 av-styling- av-hover-grow av-hide-overflow avia_animated_image av-animated-when-visible-95 fade-in avia-align-center  avia-builder-el-4  avia-builder-el-no-sibling '   itemprop=\"image\" itemscope=\"itemscope\" itemtype=\"https:\/\/schema.org\/ImageObject\" ><div class=\"avia-image-container-inner\"><div class=\"avia-image-overlay-wrap\"><a href=\"https:\/\/asociacionelrosal.org\/es\/jabon-aloe-vera-puro\/\" class='avia_image' ><img decoding=\"async\" class='wp-image-2840 avia-img-lazy-loading-not-2840 avia_image ' src=\"https:\/\/asociacionelrosal.org\/es\/wp-content\/uploads\/2023\/06\/Jabon-aloe-puro-1-1030x644.png\" alt='' title='Jabon aloe puro'  height=\"644\" width=\"1030\"  itemprop=\"thumbnailUrl\" srcset=\"https:\/\/asociacionelrosal.org\/es\/wp-content\/uploads\/2023\/06\/Jabon-aloe-puro-1-1030x644.png 1030w, https:\/\/asociacionelrosal.org\/es\/wp-content\/uploads\/2023\/06\/Jabon-aloe-puro-1-300x188.png 300w, https:\/\/asociacionelrosal.org\/es\/wp-content\/uploads\/2023\/06\/Jabon-aloe-puro-1-768x480.png 768w, https:\/\/asociacionelrosal.org\/es\/wp-content\/uploads\/2023\/06\/Jabon-aloe-puro-1-1536x960.png 1536w, https:\/\/asociacionelrosal.org\/es\/wp-content\/uploads\/2023\/06\/Jabon-aloe-puro-1-2048x1280.png 2048w, https:\/\/asociacionelrosal.org\/es\/wp-content\/uploads\/2023\/06\/Jabon-aloe-puro-1-1500x938.png 1500w, https:\/\/asociacionelrosal.org\/es\/wp-content\/uploads\/2023\/06\/Jabon-aloe-puro-1-705x441.png 705w\" sizes=\"(max-width: 1030px) 100vw, 1030px\" \/><\/a><\/div><\/div><\/div><\/div>\n<div  class='flex_column av-pizoov-12bec48cd98e4cae1c96a893bfa487c1 av_one_fourth  avia-builder-el-5  el_after_av_one_fourth  el_before_av_one_fourth  flex_column_div  '     ><style type=\"text\/css\" data-created_by=\"avia_inline_auto\" id=\"style-css-av-lixdgs04-7ef97e4f4012a72a4d5187c81c475c63\">\n.avia_transform .avia-image-container.av-lixdgs04-7ef97e4f4012a72a4d5187c81c475c63{\n-webkit-animation-duration:2s;\n-moz-animation-duration:2s;\nanimation-duration:2s;\n}\n.avia-image-container.av-lixdgs04-7ef97e4f4012a72a4d5187c81c475c63 img.avia_image{\nbox-shadow:none;\n}\n.avia-image-container.av-lixdgs04-7ef97e4f4012a72a4d5187c81c475c63 .av-image-caption-overlay-center{\ncolor:#ffffff;\n}\n<\/style>\n<div  class='avia-image-container av-lixdgs04-7ef97e4f4012a72a4d5187c81c475c63 av-styling- av-hover-grow av-hide-overflow avia_animated_image av-animated-when-visible-95 fade-in avia-align-center  avia-builder-el-6  avia-builder-el-no-sibling '   itemprop=\"image\" itemscope=\"itemscope\" itemtype=\"https:\/\/schema.org\/ImageObject\" ><div class=\"avia-image-container-inner\"><div class=\"avia-image-overlay-wrap\"><a href=\"https:\/\/asociacionelrosal.org\/es\/jabon-de-aloe-vera-y-papaya\/\" class='avia_image' ><img decoding=\"async\" class='wp-image-2832 avia-img-lazy-loading-not-2832 avia_image ' src=\"https:\/\/asociacionelrosal.org\/es\/wp-content\/uploads\/2023\/06\/Jabon-papaya-1030x689.png\" alt='' title='Jabon papaya'  height=\"689\" width=\"1030\"  itemprop=\"thumbnailUrl\" srcset=\"https:\/\/asociacionelrosal.org\/es\/wp-content\/uploads\/2023\/06\/Jabon-papaya-1030x689.png 1030w, https:\/\/asociacionelrosal.org\/es\/wp-content\/uploads\/2023\/06\/Jabon-papaya-300x201.png 300w, https:\/\/asociacionelrosal.org\/es\/wp-content\/uploads\/2023\/06\/Jabon-papaya-768x514.png 768w, https:\/\/asociacionelrosal.org\/es\/wp-content\/uploads\/2023\/06\/Jabon-papaya-1536x1028.png 1536w, https:\/\/asociacionelrosal.org\/es\/wp-content\/uploads\/2023\/06\/Jabon-papaya-2048x1370.png 2048w, https:\/\/asociacionelrosal.org\/es\/wp-content\/uploads\/2023\/06\/Jabon-papaya-1500x1004.png 1500w, https:\/\/asociacionelrosal.org\/es\/wp-content\/uploads\/2023\/06\/Jabon-papaya-705x472.png 705w\" sizes=\"(max-width: 1030px) 100vw, 1030px\" \/><\/a><\/div><\/div><\/div><\/div>\n<div  class='flex_column av-or4lkv-992ea4a09a8ec6fe7fa826ac1d716157 av_one_fourth  avia-builder-el-7  el_after_av_one_fourth  el_before_av_one_fourth  flex_column_div  '     ><style type=\"text\/css\" data-created_by=\"avia_inline_auto\" id=\"style-css-av-lixdi6sr-8485b9642332d1742209800ad832b202\">\n.avia_transform .avia-image-container.av-lixdi6sr-8485b9642332d1742209800ad832b202{\n-webkit-animation-duration:2s;\n-moz-animation-duration:2s;\nanimation-duration:2s;\n}\n.avia-image-container.av-lixdi6sr-8485b9642332d1742209800ad832b202 img.avia_image{\nbox-shadow:none;\n}\n.avia-image-container.av-lixdi6sr-8485b9642332d1742209800ad832b202 .av-image-caption-overlay-center{\ncolor:#ffffff;\n}\n<\/style>\n<div  class='avia-image-container av-lixdi6sr-8485b9642332d1742209800ad832b202 av-styling- av-hover-grow av-hide-overflow avia_animated_image av-animated-when-visible-95 fade-in avia-align-center  avia-builder-el-8  avia-builder-el-no-sibling '   itemprop=\"image\" itemscope=\"itemscope\" itemtype=\"https:\/\/schema.org\/ImageObject\" ><div class=\"avia-image-container-inner\"><div class=\"avia-image-overlay-wrap\"><a href=\"https:\/\/asociacionelrosal.org\/es\/jabon-de-aloe-vera-y-hierba-luisa\/\" class='avia_image' ><img decoding=\"async\" class='wp-image-2831 avia-img-lazy-loading-not-2831 avia_image ' src=\"https:\/\/asociacionelrosal.org\/es\/wp-content\/uploads\/2023\/06\/Jabon-hierba-luisa-1030x686.png\" alt='' title='Jabon hierba luisa'  height=\"686\" width=\"1030\"  itemprop=\"thumbnailUrl\" srcset=\"https:\/\/asociacionelrosal.org\/es\/wp-content\/uploads\/2023\/06\/Jabon-hierba-luisa-1030x686.png 1030w, https:\/\/asociacionelrosal.org\/es\/wp-content\/uploads\/2023\/06\/Jabon-hierba-luisa-300x200.png 300w, https:\/\/asociacionelrosal.org\/es\/wp-content\/uploads\/2023\/06\/Jabon-hierba-luisa-768x511.png 768w, https:\/\/asociacionelrosal.org\/es\/wp-content\/uploads\/2023\/06\/Jabon-hierba-luisa-1536x1023.png 1536w, https:\/\/asociacionelrosal.org\/es\/wp-content\/uploads\/2023\/06\/Jabon-hierba-luisa-2048x1364.png 2048w, https:\/\/asociacionelrosal.org\/es\/wp-content\/uploads\/2023\/06\/Jabon-hierba-luisa-1500x999.png 1500w, https:\/\/asociacionelrosal.org\/es\/wp-content\/uploads\/2023\/06\/Jabon-hierba-luisa-705x469.png 705w\" sizes=\"(max-width: 1030px) 100vw, 1030px\" \/><\/a><\/div><\/div><\/div><\/div>\n<div  class='flex_column av-lptewv-b4684a4c6bf6ea39369ea0789e945bc1 av_one_fourth  avia-builder-el-9  el_after_av_one_fourth  el_before_av_one_fourth  flex_column_div  '     ><style type=\"text\/css\" data-created_by=\"avia_inline_auto\" id=\"style-css-av-lixdj0zy-3a1365c995748ec29d25d3f553504bc0\">\n.avia_transform .avia-image-container.av-lixdj0zy-3a1365c995748ec29d25d3f553504bc0{\n-webkit-animation-duration:2s;\n-moz-animation-duration:2s;\nanimation-duration:2s;\n}\n.avia-image-container.av-lixdj0zy-3a1365c995748ec29d25d3f553504bc0 img.avia_image{\nbox-shadow:none;\n}\n.avia-image-container.av-lixdj0zy-3a1365c995748ec29d25d3f553504bc0 .av-image-caption-overlay-center{\ncolor:#ffffff;\n}\n<\/style>\n<div  class='avia-image-container av-lixdj0zy-3a1365c995748ec29d25d3f553504bc0 av-styling- av-hover-grow av-hide-overflow avia_animated_image av-animated-when-visible-95 fade-in avia-align-center  avia-builder-el-10  avia-builder-el-no-sibling '   itemprop=\"image\" itemscope=\"itemscope\" itemtype=\"https:\/\/schema.org\/ImageObject\" ><div class=\"avia-image-container-inner\"><div class=\"avia-image-overlay-wrap\"><a href=\"https:\/\/asociacionelrosal.org\/es\/jabon-de-aloe-vera-y-sangre-de-drago\/\" class='avia_image' ><img decoding=\"async\" class='wp-image-2833 avia-img-lazy-loading-not-2833 avia_image ' src=\"https:\/\/asociacionelrosal.org\/es\/wp-content\/uploads\/2023\/06\/Jabon-sangre-de-drago-1030x642.png\" alt='' title='Jabon sangre de drago'  height=\"642\" width=\"1030\"  itemprop=\"thumbnailUrl\" srcset=\"https:\/\/asociacionelrosal.org\/es\/wp-content\/uploads\/2023\/06\/Jabon-sangre-de-drago-1030x642.png 1030w, https:\/\/asociacionelrosal.org\/es\/wp-content\/uploads\/2023\/06\/Jabon-sangre-de-drago-300x187.png 300w, https:\/\/asociacionelrosal.org\/es\/wp-content\/uploads\/2023\/06\/Jabon-sangre-de-drago-768x479.png 768w, https:\/\/asociacionelrosal.org\/es\/wp-content\/uploads\/2023\/06\/Jabon-sangre-de-drago-1536x958.png 1536w, https:\/\/asociacionelrosal.org\/es\/wp-content\/uploads\/2023\/06\/Jabon-sangre-de-drago-2048x1277.png 2048w, https:\/\/asociacionelrosal.org\/es\/wp-content\/uploads\/2023\/06\/Jabon-sangre-de-drago-1500x935.png 1500w, https:\/\/asociacionelrosal.org\/es\/wp-content\/uploads\/2023\/06\/Jabon-sangre-de-drago-705x440.png 705w\" sizes=\"(max-width: 1030px) 100vw, 1030px\" \/><\/a><\/div><\/div><\/div><\/div>\n<div  class='flex_column av-k99p27-01ab588df3a099c3006a466d39789064 av_one_fourth  avia-builder-el-11  el_after_av_one_fourth  el_before_av_one_fourth  first flex_column_div  column-top-margin'     ><style type=\"text\/css\" data-created_by=\"avia_inline_auto\" id=\"style-css-av-liddaupf-891bd487dee6d9668cab541007da5ffb\">\n#top .av-special-heading.av-liddaupf-891bd487dee6d9668cab541007da5ffb{\nmargin:0 0 0 0;\npadding-bottom:10px;\nfont-size:22px;\n}\nbody .av-special-heading.av-liddaupf-891bd487dee6d9668cab541007da5ffb .av-special-heading-tag .heading-char{\nfont-size:25px;\n}\n#top #wrap_all .av-special-heading.av-liddaupf-891bd487dee6d9668cab541007da5ffb .av-special-heading-tag{\nfont-size:22px;\n}\n.av-special-heading.av-liddaupf-891bd487dee6d9668cab541007da5ffb .av-subheading{\nfont-size:12px;\n}\n\n@media only screen and (min-width: 480px) and (max-width: 767px){ \n#top #wrap_all .av-special-heading.av-liddaupf-891bd487dee6d9668cab541007da5ffb .av-special-heading-tag{\nfont-size:0.8em;\n}\n}\n\n@media only screen and (max-width: 479px){ \n#top #wrap_all .av-special-heading.av-liddaupf-891bd487dee6d9668cab541007da5ffb .av-special-heading-tag{\nfont-size:0.8em;\n}\n}\n<\/style>\n<div  class='av-special-heading av-liddaupf-891bd487dee6d9668cab541007da5ffb av-special-heading-h2 blockquote modern-quote modern-centered  avia-builder-el-12  avia-builder-el-no-sibling  av-inherit-size av-linked-heading'><h2 class='av-special-heading-tag'  itemprop=\"headline\"  ><a class=\"av-heading-link\" href=\"https:\/\/asociacionelrosal.org\/es\/jabon-aloe-vera-puro\/\">Jabon de Aloe Vera Puro<\/a><\/h2><div class=\"special-heading-border\"><div class=\"special-heading-inner-border\"><\/div><\/div><\/div><\/div>\n<div  class='flex_column av-joqo4f-7e2da6e02a50ad7de152b40b5620b6d9 av_one_fourth  avia-builder-el-13  el_after_av_one_fourth  el_before_av_one_fourth  flex_column_div  column-top-margin'     ><style type=\"text\/css\" data-created_by=\"avia_inline_auto\" id=\"style-css-av-liddb5rg-65bfc425ebff465415c49c4d36002d57\">\n#top .av-special-heading.av-liddb5rg-65bfc425ebff465415c49c4d36002d57{\nmargin:0 0 0 0;\npadding-bottom:10px;\nfont-size:22px;\n}\nbody .av-special-heading.av-liddb5rg-65bfc425ebff465415c49c4d36002d57 .av-special-heading-tag .heading-char{\nfont-size:25px;\n}\n#top #wrap_all .av-special-heading.av-liddb5rg-65bfc425ebff465415c49c4d36002d57 .av-special-heading-tag{\nfont-size:22px;\n}\n.av-special-heading.av-liddb5rg-65bfc425ebff465415c49c4d36002d57 .av-subheading{\nfont-size:22px;\n}\n\n@media only screen and (min-width: 480px) and (max-width: 767px){ \n#top #wrap_all .av-special-heading.av-liddb5rg-65bfc425ebff465415c49c4d36002d57 .av-special-heading-tag{\nfont-size:0.8em;\n}\n}\n\n@media only screen and (max-width: 479px){ \n#top #wrap_all .av-special-heading.av-liddb5rg-65bfc425ebff465415c49c4d36002d57 .av-special-heading-tag{\nfont-size:0.8em;\n}\n}\n<\/style>\n<div  class='av-special-heading av-liddb5rg-65bfc425ebff465415c49c4d36002d57 av-special-heading-h2 blockquote modern-quote modern-centered  avia-builder-el-14  avia-builder-el-no-sibling  av-inherit-size av-linked-heading'><h2 class='av-special-heading-tag'  itemprop=\"headline\"  ><a class=\"av-heading-link\" href=\"https:\/\/asociacionelrosal.org\/es\/jabon-de-aloe-vera-y-papaya\/\">Jabon de Aloe Vera y Papaya<\/a><\/h2><div class=\"special-heading-border\"><div class=\"special-heading-inner-border\"><\/div><\/div><\/div><\/div>\n<div  class='flex_column av-hz08en-571650aa6fef15c9985aca19ffbf021d av_one_fourth  avia-builder-el-15  el_after_av_one_fourth  el_before_av_one_fourth  flex_column_div  column-top-margin'     ><style type=\"text\/css\" data-created_by=\"avia_inline_auto\" id=\"style-css-av-liddbkfl-d53860894b686493aefef82bc4c96e1b\">\n#top .av-special-heading.av-liddbkfl-d53860894b686493aefef82bc4c96e1b{\nmargin:0 0 0 0;\npadding-bottom:10px;\nfont-size:22px;\n}\nbody .av-special-heading.av-liddbkfl-d53860894b686493aefef82bc4c96e1b .av-special-heading-tag .heading-char{\nfont-size:25px;\n}\n#top #wrap_all .av-special-heading.av-liddbkfl-d53860894b686493aefef82bc4c96e1b .av-special-heading-tag{\nfont-size:22px;\n}\n.av-special-heading.av-liddbkfl-d53860894b686493aefef82bc4c96e1b .av-subheading{\nfont-size:12px;\n}\n\n@media only screen and (min-width: 480px) and (max-width: 767px){ \n#top #wrap_all .av-special-heading.av-liddbkfl-d53860894b686493aefef82bc4c96e1b .av-special-heading-tag{\nfont-size:0.8em;\n}\n}\n\n@media only screen and (max-width: 479px){ \n#top #wrap_all .av-special-heading.av-liddbkfl-d53860894b686493aefef82bc4c96e1b .av-special-heading-tag{\nfont-size:0.8em;\n}\n}\n<\/style>\n<div  class='av-special-heading av-liddbkfl-d53860894b686493aefef82bc4c96e1b av-special-heading-h2 blockquote modern-quote modern-centered  avia-builder-el-16  avia-builder-el-no-sibling  av-inherit-size av-linked-heading'><h2 class='av-special-heading-tag'  itemprop=\"headline\"  ><a class=\"av-heading-link\" href=\"https:\/\/asociacionelrosal.org\/es\/jabon-de-aloe-vera-y-hierba-luisa\/\">Jabon de ALoe Vera y Hierba Luisa<\/a><\/h2><div class=\"special-heading-border\"><div class=\"special-heading-inner-border\"><\/div><\/div><\/div><\/div>\n<div  class='flex_column av-fw09bz-8d25a4d0ebbaf800156eb5b10fad5013 av_one_fourth  avia-builder-el-17  el_after_av_one_fourth  el_before_av_hr  flex_column_div  column-top-margin'     ><style type=\"text\/css\" data-created_by=\"avia_inline_auto\" id=\"style-css-av-liddcydx-04dd48bc5744dc180379594105a8bc23\">\n#top .av-special-heading.av-liddcydx-04dd48bc5744dc180379594105a8bc23{\nmargin:0 0 0 0;\npadding-bottom:10px;\nfont-size:22px;\n}\nbody .av-special-heading.av-liddcydx-04dd48bc5744dc180379594105a8bc23 .av-special-heading-tag .heading-char{\nfont-size:25px;\n}\n#top #wrap_all .av-special-heading.av-liddcydx-04dd48bc5744dc180379594105a8bc23 .av-special-heading-tag{\nfont-size:22px;\n}\n.av-special-heading.av-liddcydx-04dd48bc5744dc180379594105a8bc23 .av-subheading{\nfont-size:12px;\n}\n\n@media only screen and (min-width: 480px) and (max-width: 767px){ \n#top #wrap_all .av-special-heading.av-liddcydx-04dd48bc5744dc180379594105a8bc23 .av-special-heading-tag{\nfont-size:0.8em;\n}\n}\n\n@media only screen and (max-width: 479px){ \n#top #wrap_all .av-special-heading.av-liddcydx-04dd48bc5744dc180379594105a8bc23 .av-special-heading-tag{\nfont-size:0.8em;\n}\n}\n<\/style>\n<div  class='av-special-heading av-liddcydx-04dd48bc5744dc180379594105a8bc23 av-special-heading-h2 blockquote modern-quote modern-centered  avia-builder-el-18  avia-builder-el-no-sibling  av-inherit-size av-linked-heading'><h2 class='av-special-heading-tag'  itemprop=\"headline\"  ><a class=\"av-heading-link\" href=\"https:\/\/asociacionelrosal.org\/es\/jabon-de-aloe-vera-y-sangre-de-drago\/\">Jabon de Aloe Vera y Sangre de Drago <\/a><\/h2><div class=\"special-heading-border\"><div class=\"special-heading-inner-border\"><\/div><\/div><\/div><\/div>\n\n<style type=\"text\/css\" data-created_by=\"avia_inline_auto\" id=\"style-css-av-lidf7yf4-fc64c44b4223b22fba1f828a91b9fe34\">\n#top .hr.hr-invisible.av-lidf7yf4-fc64c44b4223b22fba1f828a91b9fe34{\nmargin-top:0px;\nheight:1px;\n}\n<\/style>\n<div  class='hr av-lidf7yf4-fc64c44b4223b22fba1f828a91b9fe34 hr-invisible  avia-builder-el-19  el_after_av_one_fourth  el_before_av_one_fourth '><span class='hr-inner '><span class=\"hr-inner-style\"><\/span><\/span><\/div>\n<div  class='flex_column av-eqy7gf-fb1d852c6e7a3a0eefbc6b330b186756 av_one_fourth  avia-builder-el-20  el_after_av_hr  el_before_av_one_fourth  first flex_column_div  '     ><style type=\"text\/css\" data-created_by=\"avia_inline_auto\" id=\"style-css-av-lidephdu-c1a4f1589a33c4923255a1090bb5a4d2\">\n#top .av_textblock_section.av-lidephdu-c1a4f1589a33c4923255a1090bb5a4d2 .avia_textblock{\nfont-size:14px;\ntext-align:center;\n}\n<\/style>\n<section  class='av_textblock_section av-lidephdu-c1a4f1589a33c4923255a1090bb5a4d2 '   itemscope=\"itemscope\" itemtype=\"https:\/\/schema.org\/CreativeWork\" ><div class='avia_textblock'  itemprop=\"text\" ><p>Con efecto Antienvejecimiento. &#8211; perfecto para humectar la piel seca dejando una buena sensaci\u00f3n de bienestar.<\/p>\n<\/div><\/section><\/div>\n<div  class='flex_column av-1bl0jz-6d5178f7cb8dfbb317132b284db09b7a av_one_fourth  avia-builder-el-22  el_after_av_one_fourth  el_before_av_one_fourth  flex_column_div  '     ><style type=\"text\/css\" data-created_by=\"avia_inline_auto\" id=\"style-css-av-lider83v-a1f8005eb08bb8a5aa74b7f6c40afcc8\">\n#top .av_textblock_section.av-lider83v-a1f8005eb08bb8a5aa74b7f6c40afcc8 .avia_textblock{\nfont-size:12px;\ntext-align:center;\n}\n<\/style>\n<section  class='av_textblock_section av-lider83v-a1f8005eb08bb8a5aa74b7f6c40afcc8 '   itemscope=\"itemscope\" itemtype=\"https:\/\/schema.org\/CreativeWork\" ><div class='avia_textblock'  itemprop=\"text\" ><p>Para problemas cut\u00e1neos y la piel sensible, nuestro jab\u00f3n de aloe vera con papaya es ideal para usted.<\/p>\n<\/div><\/section><\/div>\n<div  class='flex_column av-bbl6wv-74fda9737cf9ecc590b154e89fb3d158 av_one_fourth  avia-builder-el-24  el_after_av_one_fourth  el_before_av_one_fourth  flex_column_div  '     ><style type=\"text\/css\" data-created_by=\"avia_inline_auto\" id=\"style-css-av-liderngn-af115cbcf43840c500abc33abf948d21\">\n#top .av_textblock_section.av-liderngn-af115cbcf43840c500abc33abf948d21 .avia_textblock{\nfont-size:12px;\ntext-align:center;\n}\n<\/style>\n<section  class='av_textblock_section av-liderngn-af115cbcf43840c500abc33abf948d21 '   itemscope=\"itemscope\" itemtype=\"https:\/\/schema.org\/CreativeWork\" ><div class='avia_textblock'  itemprop=\"text\" ><p>Con su combinaci\u00f3n \u00fanica de ingredientes naturales, nuestro jab\u00f3n ofrece numerosos beneficios para una piel sana y radiante.<\/p>\n<\/div><\/section><\/div>\n<div  class='flex_column av-vw11r-d198e0c9e708885bb3bb0abfbebe6e48 av_one_fourth  avia-builder-el-26  el_after_av_one_fourth  el_before_av_hr  flex_column_div  '     ><style type=\"text\/css\" data-created_by=\"avia_inline_auto\" id=\"style-css-av-lidesgc5-fa6cb893bc834e4064b02bebebc5652e\">\n#top .av_textblock_section.av-lidesgc5-fa6cb893bc834e4064b02bebebc5652e .avia_textblock{\nfont-size:12px;\ntext-align:center;\n}\n<\/style>\n<section  class='av_textblock_section av-lidesgc5-fa6cb893bc834e4064b02bebebc5652e '   itemscope=\"itemscope\" itemtype=\"https:\/\/schema.org\/CreativeWork\" ><div class='avia_textblock'  itemprop=\"text\" ><p>Perfecto para quienes sufren irritaciones cut\u00e1neas. Gracias a las propiedades antimicrobianas y antiinflamatorias de Sangre de Drago.<\/p>\n<\/div><\/section><\/div>\n\n<style type=\"text\/css\" data-created_by=\"avia_inline_auto\" id=\"style-css-av-lk2za56x-589f86bca7f60f2335a59b0c295cdfe9\">\n#top .hr.hr-invisible.av-lk2za56x-589f86bca7f60f2335a59b0c295cdfe9{\nheight:100px;\n}\n<\/style>\n<div  class='hr av-lk2za56x-589f86bca7f60f2335a59b0c295cdfe9 hr-invisible  avia-builder-el-28  el_after_av_one_fourth  el_before_av_heading '><span class='hr-inner '><span class=\"hr-inner-style\"><\/span><\/span><\/div>\n\n<style type=\"text\/css\" data-created_by=\"avia_inline_auto\" id=\"style-css-av-lk2zatlb-89c8d954df886fcf45b06c8a78d6ef71\">\n#top .av-special-heading.av-lk2zatlb-89c8d954df886fcf45b06c8a78d6ef71{\npadding-bottom:10px;\nfont-size:40px;\n}\nbody .av-special-heading.av-lk2zatlb-89c8d954df886fcf45b06c8a78d6ef71 .av-special-heading-tag .heading-char{\nfont-size:25px;\n}\n#top #wrap_all .av-special-heading.av-lk2zatlb-89c8d954df886fcf45b06c8a78d6ef71 .av-special-heading-tag{\nfont-size:40px;\n}\n.av-special-heading.av-lk2zatlb-89c8d954df886fcf45b06c8a78d6ef71 .av-subheading{\nfont-size:15px;\n}\n\n@media only screen and (min-width: 480px) and (max-width: 767px){ \n#top #wrap_all .av-special-heading.av-lk2zatlb-89c8d954df886fcf45b06c8a78d6ef71 .av-special-heading-tag{\nfont-size:0.8em;\n}\n}\n\n@media only screen and (max-width: 479px){ \n#top #wrap_all .av-special-heading.av-lk2zatlb-89c8d954df886fcf45b06c8a78d6ef71 .av-special-heading-tag{\nfont-size:0.8em;\n}\n}\n<\/style>\n<div  class='av-special-heading av-lk2zatlb-89c8d954df886fcf45b06c8a78d6ef71 av-special-heading-h2 blockquote modern-quote modern-centered  avia-builder-el-29  el_after_av_hr  el_before_av_hr  av-inherit-size'><h2 class='av-special-heading-tag'  itemprop=\"headline\"  >Listo para comprar nuestros productos natruales:<\/h2><div class=\"special-heading-border\"><div class=\"special-heading-inner-border\"><\/div><\/div><\/div>\n\n<style type=\"text\/css\" data-created_by=\"avia_inline_auto\" id=\"style-css-av-lk2zfgg4-d257b904359f19366855163e013cdd51\">\n#top .hr.hr-invisible.av-lk2zfgg4-d257b904359f19366855163e013cdd51{\nheight:30px;\n}\n<\/style>\n<div  class='hr av-lk2zfgg4-d257b904359f19366855163e013cdd51 hr-invisible  avia-builder-el-30  el_after_av_heading  el_before_av_one_full '><span class='hr-inner '><span class=\"hr-inner-style\"><\/span><\/span><\/div>\n<p><div  class='flex_column av-2u991b-ba7ea0d794b745f9669003f3aef268ca av_one_full  avia-builder-el-31  el_after_av_hr  avia-builder-el-last  first flex_column_div  '     ><\/div><iframe loading=\"lazy\" src=\"https:\/\/www.google.com\/maps\/d\/u\/0\/embed?mid=1PTZlPHXWAVS4C4aoUGUyIw4wO56g11o&#038;ehbc=2E312F\" width=\"1300\" height=\"800\"><\/iframe><\/p>\n","protected":false},"excerpt":{"rendered":"","protected":false},"author":3,"featured_media":0,"parent":0,"menu_order":0,"comment_status":"closed","ping_status":"closed","template":"","meta":{"footnotes":""},"class_list":["post-2447","page","type-page","status-publish","hentry"],"jetpack_sharing_enabled":true,"_links":{"self":[{"href":"https:\/\/asociacionelrosal.org\/es\/wp-json\/wp\/v2\/pages\/2447","targetHints":{"allow":["GET"]}}],"collection":[{"href":"https:\/\/asociacionelrosal.org\/es\/wp-json\/wp\/v2\/pages"}],"about":[{"href":"https:\/\/asociacionelrosal.org\/es\/wp-json\/wp\/v2\/types\/page"}],"author":[{"embeddable":true,"href":"https:\/\/asociacionelrosal.org\/es\/wp-json\/wp\/v2\/users\/3"}],"replies":[{"embeddable":true,"href":"https:\/\/asociacionelrosal.org\/es\/wp-json\/wp\/v2\/comments?post=2447"}],"version-history":[{"count":47,"href":"https:\/\/asociacionelrosal.org\/es\/wp-json\/wp\/v2\/pages\/2447\/revisions"}],"predecessor-version":[{"id":3360,"href":"https:\/\/asociacionelrosal.org\/es\/wp-json\/wp\/v2\/pages\/2447\/revisions\/3360"}],"wp:attachment":[{"href":"https:\/\/asociacionelrosal.org\/es\/wp-json\/wp\/v2\/media?parent=2447"}],"curies":[{"name":"wp","href":"https:\/\/api.w.org\/{rel}","templated":true}]}}