{"id":2464,"date":"2023-05-24T20:25:32","date_gmt":"2023-05-24T20:25:32","guid":{"rendered":"https:\/\/asociacionelrosal.org\/es\/?page_id=2464"},"modified":"2023-08-03T22:18:22","modified_gmt":"2023-08-03T22:18:22","slug":"papaya","status":"publish","type":"page","link":"https:\/\/asociacionelrosal.org\/es\/papaya\/","title":{"rendered":"Papaya"},"content":{"rendered":"<div id='full_slider_1'  class='avia-fullwidth-slider main_color avia-shadow   avia-builder-el-0  el_before_av_one_full  avia-builder-el-first   container_wrap fullsize'  >\n<style type=\"text\/css\" data-created_by=\"avia_inline_auto\" id=\"style-css-av-liusujco-555676a48ae3ae9c8b7e8bc78472c46b\">\n#top #wrap_all .avia-slideshow .av-slideshow-caption.av-liusujco-555676a48ae3ae9c8b7e8bc78472c46b__0 .avia-caption-title{\nfont-size:40px;\n}\n#top .avia-slideshow .av-slideshow-caption.av-liusujco-555676a48ae3ae9c8b7e8bc78472c46b__0 .avia-caption-content{\nfont-size:22px;\n}\n#top .avia-slideshow .av-slideshow-caption.av-liusujco-555676a48ae3ae9c8b7e8bc78472c46b__0 .avia-caption-content p{\nfont-size:22px;\n}\n<\/style>\n<div  class='avia-slideshow av-liusujco-555676a48ae3ae9c8b7e8bc78472c46b avia-slideshow-featured av_slideshow_full avia-slide-slider av-slideshow-ui av-control-default av-slideshow-manual av-loop-once av-loop-manual-endless av-default-height-applied   avia-slideshow-1' data-slideshow-options=\"{&quot;animation&quot;:&quot;slide&quot;,&quot;autoplay&quot;:false,&quot;loop_autoplay&quot;:&quot;once&quot;,&quot;interval&quot;:5,&quot;loop_manual&quot;:&quot;manual-endless&quot;,&quot;autoplay_stopper&quot;:false,&quot;noNavigation&quot;:false,&quot;bg_slider&quot;:false,&quot;keep_padding&quot;:false,&quot;hoverpause&quot;:false,&quot;show_slide_delay&quot;:0}\"  itemprop=\"image\" itemscope=\"itemscope\" itemtype=\"https:\/\/schema.org\/ImageObject\" ><ul class='avia-slideshow-inner ' style='padding-bottom: 28.666666666667%;'><li  class='avia-slideshow-slide av-liusujco-555676a48ae3ae9c8b7e8bc78472c46b__0  av-single-slide slide-1 slide-odd'><div data-rel='slideshow-1' class='avia-slide-wrap '   ><div class='av-slideshow-caption av-liusujco-555676a48ae3ae9c8b7e8bc78472c46b__0 caption_fullwidth caption_bottom caption_bottom_framed caption_framed'><div class=\"container caption_container\"><div class=\"slideshow_caption\"><div class=\"slideshow_inner_caption\"><div class=\"slideshow_align_caption\"><h2 class='avia-caption-title '  itemprop=\"name\" >Papaya - La planta que puede mas que solo saber dulce<\/h2><div class='avia-caption-content '  itemprop=\"description\" ><p>Utilzamos la Papaya en el jabon y en el shampoo. Todas las plantas de Papaya crecen en la comunidad.<\/p>\n<\/div><\/div><\/div><\/div><\/div><\/div><img decoding=\"async\" class=\"wp-image-2173 avia-img-lazy-loading-not-2173\"  src=\"https:\/\/asociacionelrosal.org\/es\/wp-content\/uploads\/2023\/05\/papaya-ga671b1b58_1920-1500x430.jpg\" width=\"1500\" height=\"430\" title='papaya-ga671b1b58_1920' alt=''  itemprop=\"thumbnailUrl\"   \/><\/div><\/li><\/ul><\/div><\/div><div id='after_full_slider_1'  class='main_color av_default_container_wrap container_wrap fullsize'  ><div class='container av-section-cont-open' ><div class='template-page content  av-content-full alpha units'><div class='post-entry post-entry-type-page post-entry-2464'><div class='entry-content-wrapper clearfix'>\n\n<style type=\"text\/css\" data-created_by=\"avia_inline_auto\" id=\"style-css-av-qystrk-cf10f87502f611094d17f3cd38f6c3a6\">\n.flex_column.av-qystrk-cf10f87502f611094d17f3cd38f6c3a6{\nborder-width:40px;\nborder-color:#ffffff;\nborder-style:solid;\n}\n<\/style>\n<div  class='flex_column av-qystrk-cf10f87502f611094d17f3cd38f6c3a6 av_one_full  avia-builder-el-1  el_after_av_slideshow_full  el_before_av_hr  avia-builder-el-first  first flex_column_div  '     ><p><section  class='av_textblock_section av-liuslz6r-f9c6d455b9fdcab0c0b3e4ede4116dad '   itemscope=\"itemscope\" itemtype=\"https:\/\/schema.org\/CreativeWork\" ><div class='avia_textblock'  itemprop=\"text\" ><p>La papaya, una de las frutas m\u00e1s extendidas en Sudam\u00e9rica, desempe\u00f1a un papel importante en la medicina tradicional de los pueblos ind\u00edgenas por sus nutrientes y beneficios para la salud.<\/p>\n<p>Los habitantes de Sudam\u00e9rica llevan siglos utilizando la papaya de diversas formas.<\/p>\n<p><em><strong>Las enzimas, antioxidantes y compuestos antiinflamatorios que contiene la papaya la convierten en una planta valiosa para la salud y el cuidado de la piel.<\/strong><\/em><\/p>\n<\/div><\/section><br \/>\n\n<style type=\"text\/css\" data-created_by=\"avia_inline_auto\" id=\"style-css-av-q36pjk-2478252b3d9b3af0229b9454a727b452\">\n#top .hr.hr-invisible.av-q36pjk-2478252b3d9b3af0229b9454a727b452{\nheight:70px;\n}\n<\/style>\n<div  class='hr av-q36pjk-2478252b3d9b3af0229b9454a727b452 hr-invisible  avia-builder-el-3  el_after_av_textblock  el_before_av_image '><span class='hr-inner '><span class=\"hr-inner-style\"><\/span><\/span><\/div><br \/>\n\n<style type=\"text\/css\" data-created_by=\"avia_inline_auto\" id=\"style-css-av-liusn62y-2439250189c7b2f24e1f52aa163b9118\">\n.avia-image-container.av-liusn62y-2439250189c7b2f24e1f52aa163b9118 img.avia_image{\nbox-shadow:none;\n}\n.avia-image-container.av-liusn62y-2439250189c7b2f24e1f52aa163b9118 .av-image-caption-overlay-center{\ncolor:#ffffff;\n}\n<\/style>\n<div  class='avia-image-container av-liusn62y-2439250189c7b2f24e1f52aa163b9118 av-styling- avia-align-center  avia-builder-el-4  el_after_av_hr  el_before_av_hr '   itemprop=\"image\" itemscope=\"itemscope\" itemtype=\"https:\/\/schema.org\/ImageObject\" ><div class=\"avia-image-container-inner\"><div class=\"avia-image-overlay-wrap\"><img decoding=\"async\" class='wp-image-2692 avia-img-lazy-loading-not-2692 avia_image ' src=\"https:\/\/asociacionelrosal.org\/es\/wp-content\/uploads\/2023\/06\/P1080700-1030x773.jpg\" alt='' title='P1080700'  height=\"773\" width=\"1030\"  itemprop=\"thumbnailUrl\" srcset=\"https:\/\/asociacionelrosal.org\/es\/wp-content\/uploads\/2023\/06\/P1080700-1030x773.jpg 1030w, https:\/\/asociacionelrosal.org\/es\/wp-content\/uploads\/2023\/06\/P1080700-300x225.jpg 300w, https:\/\/asociacionelrosal.org\/es\/wp-content\/uploads\/2023\/06\/P1080700-768x577.jpg 768w, https:\/\/asociacionelrosal.org\/es\/wp-content\/uploads\/2023\/06\/P1080700-1536x1153.jpg 1536w, https:\/\/asociacionelrosal.org\/es\/wp-content\/uploads\/2023\/06\/P1080700-2048x1538.jpg 2048w, https:\/\/asociacionelrosal.org\/es\/wp-content\/uploads\/2023\/06\/P1080700-1500x1126.jpg 1500w, https:\/\/asociacionelrosal.org\/es\/wp-content\/uploads\/2023\/06\/P1080700-705x529.jpg 705w\" sizes=\"(max-width: 1030px) 100vw, 1030px\" \/><\/div><\/div><\/div><br \/>\n\n<style type=\"text\/css\" data-created_by=\"avia_inline_auto\" id=\"style-css-av-nslgi8-65bbdf0e2e087db243291d157b81e1a1\">\n#top .hr.hr-invisible.av-nslgi8-65bbdf0e2e087db243291d157b81e1a1{\nheight:70px;\n}\n<\/style>\n<div  class='hr av-nslgi8-65bbdf0e2e087db243291d157b81e1a1 hr-invisible  avia-builder-el-5  el_after_av_image  el_before_av_textblock '><span class='hr-inner '><span class=\"hr-inner-style\"><\/span><\/span><\/div><br \/>\n<section  class='av_textblock_section av-liusnnc4-044726903173edbe4982826e0f36f6ff '   itemscope=\"itemscope\" itemtype=\"https:\/\/schema.org\/CreativeWork\" ><div class='avia_textblock'  itemprop=\"text\" ><p>La papaya puede comerse fresca, beberse como zumo o t\u00e9, o utilizarse como ingrediente en ung\u00fcentos y cremas.<\/p>\n<p>Dependiendo del consumo, tienen distintos beneficios para los habitantes ind\u00edgenas de Sudam\u00e9rica:<\/p>\n<p>La papaya contiene enzimas que favorecen el sistema digestivo y pueden mejorar la absorci\u00f3n de nutrientes. Por eso la papaya se utiliza a menudo como remedio casero para problemas digestivos como problemas estomacales, flatulencias y estre\u00f1imiento.<\/p>\n<p><em><strong>La fruta del interior se cuece y se transforma en zumo. La fruta, es muy concentrada, cede entonces su enzima papa\u00ednas a nuestro shampoo o jab\u00f3n.<\/strong><\/em><\/p>\n<p>Tanto uno de nuestros jabones como uno de nuestros shampoo contienen papaya.<\/p>\n<p>Pero, \u00bfpor qu\u00e9 la papaya es tan beneficiosa para el cabello y la piel?<\/p>\n<\/div><\/section><\/p><\/div>\n<style type=\"text\/css\" data-created_by=\"avia_inline_auto\" id=\"style-css-av-k72e4w-992b97d4c4142a525f10e124a38595a6\">\n#top .hr.hr-invisible.av-k72e4w-992b97d4c4142a525f10e124a38595a6{\nheight:70px;\n}\n<\/style>\n<div  class='hr av-k72e4w-992b97d4c4142a525f10e124a38595a6 hr-invisible  avia-builder-el-7  el_after_av_one_full  el_before_av_one_half '><span class='hr-inner '><span class=\"hr-inner-style\"><\/span><\/span><\/div><\/p>\n<div  class='flex_column av-iiotog-a9aa66f2b21ab044dedc14917476048d av_one_half  avia-builder-el-8  el_after_av_hr  el_before_av_one_half  first flex_column_div  '     ><p>\n<style type=\"text\/css\" data-created_by=\"avia_inline_auto\" id=\"style-css-av-lk74cb55-a1fa85323c6ef126f2cf4b4f734b19f3\">\n#top .av-special-heading.av-lk74cb55-a1fa85323c6ef126f2cf4b4f734b19f3{\npadding-bottom:10px;\nfont-size:35px;\n}\nbody .av-special-heading.av-lk74cb55-a1fa85323c6ef126f2cf4b4f734b19f3 .av-special-heading-tag .heading-char{\nfont-size:25px;\n}\n#top #wrap_all .av-special-heading.av-lk74cb55-a1fa85323c6ef126f2cf4b4f734b19f3 .av-special-heading-tag{\nfont-size:35px;\n}\n.av-special-heading.av-lk74cb55-a1fa85323c6ef126f2cf4b4f734b19f3 .av-subheading{\nfont-size:15px;\n}\n\n@media only screen and (min-width: 480px) and (max-width: 767px){ \n#top #wrap_all .av-special-heading.av-lk74cb55-a1fa85323c6ef126f2cf4b4f734b19f3 .av-special-heading-tag{\nfont-size:0.8em;\n}\n}\n\n@media only screen and (max-width: 479px){ \n#top #wrap_all .av-special-heading.av-lk74cb55-a1fa85323c6ef126f2cf4b4f734b19f3 .av-special-heading-tag{\nfont-size:0.8em;\n}\n}\n<\/style>\n<div  class='av-special-heading av-lk74cb55-a1fa85323c6ef126f2cf4b4f734b19f3 av-special-heading-h2 blockquote modern-quote modern-centered  avia-builder-el-9  el_before_av_textblock  avia-builder-el-first  av-inherit-size'><h2 class='av-special-heading-tag'  itemprop=\"headline\"  >Propiedades positivas para la piel:<\/h2><div class=\"special-heading-border\"><div class=\"special-heading-inner-border\"><\/div><\/div><\/div><br \/>\n<section  class='av_textblock_section av-liusp10o-f6d92c809c731bb420e3b77b39337074 '   itemscope=\"itemscope\" itemtype=\"https:\/\/schema.org\/CreativeWork\" ><div class='avia_textblock'  itemprop=\"text\" ><h4><strong>\u00a0<\/strong><\/h4>\n<ol>\n<li>Mejora la textura de la piel: la papaya contiene papa\u00edna, una enzima que elimina suavemente las c\u00e9lulas muertas de la piel y reduce la aparici\u00f3n de manchas, granos y cicatrices de acn\u00e9.<\/li>\n<li>Combatir las arrugas: Adem\u00e1s, la vitamina C de la papaya, promueve la producci\u00f3n de col\u00e1geno y mejora la elasticidad de la piel. Esto conduce a una reducci\u00f3n de las l\u00edneas finas y arrugas.<\/li>\n<li>Calmar la inflamaci\u00f3n: La papaya contiene enzimas antiinflamatorias y antioxidantes que reducen la inflamaci\u00f3n y calman las irritaciones de la piel.<\/li>\n<li>Hidratar la piel: los humectantes naturales de la papaya, como la vitamina E y el betacaroteno, mantienen la piel hidratada y flexible.<\/li>\n<\/ol>\n<\/div><\/section><\/p><\/div><div  class='flex_column av-hhz8io-2bc9ce3f565072aaa78163b85d98d5fa av_one_half  avia-builder-el-11  el_after_av_one_half  el_before_av_hr  flex_column_div  '     ><style type=\"text\/css\" data-created_by=\"avia_inline_auto\" id=\"style-css-av-liuso8wd-f98bb93cf864968352b06c145c89d40b\">\n.avia-image-container.av-liuso8wd-f98bb93cf864968352b06c145c89d40b img.avia_image{\nbox-shadow:none;\n}\n.avia-image-container.av-liuso8wd-f98bb93cf864968352b06c145c89d40b .av-image-caption-overlay-center{\ncolor:#ffffff;\n}\n<\/style>\n<div  class='avia-image-container av-liuso8wd-f98bb93cf864968352b06c145c89d40b av-styling- avia-align-center  avia-builder-el-12  avia-builder-el-no-sibling '   itemprop=\"image\" itemscope=\"itemscope\" itemtype=\"https:\/\/schema.org\/ImageObject\" ><div class=\"avia-image-container-inner\"><div class=\"avia-image-overlay-wrap\"><img decoding=\"async\" class='wp-image-2698 avia-img-lazy-loading-not-2698 avia_image ' src=\"https:\/\/asociacionelrosal.org\/es\/wp-content\/uploads\/2023\/06\/P1080852-1030x773.jpg\" alt='' title='P1080852'  height=\"773\" width=\"1030\"  itemprop=\"thumbnailUrl\" srcset=\"https:\/\/asociacionelrosal.org\/es\/wp-content\/uploads\/2023\/06\/P1080852-1030x773.jpg 1030w, https:\/\/asociacionelrosal.org\/es\/wp-content\/uploads\/2023\/06\/P1080852-300x225.jpg 300w, https:\/\/asociacionelrosal.org\/es\/wp-content\/uploads\/2023\/06\/P1080852-768x577.jpg 768w, https:\/\/asociacionelrosal.org\/es\/wp-content\/uploads\/2023\/06\/P1080852-1536x1153.jpg 1536w, https:\/\/asociacionelrosal.org\/es\/wp-content\/uploads\/2023\/06\/P1080852-2048x1538.jpg 2048w, https:\/\/asociacionelrosal.org\/es\/wp-content\/uploads\/2023\/06\/P1080852-1500x1126.jpg 1500w, https:\/\/asociacionelrosal.org\/es\/wp-content\/uploads\/2023\/06\/P1080852-705x529.jpg 705w\" sizes=\"(max-width: 1030px) 100vw, 1030px\" \/><\/div><\/div><\/div><\/div><\/p>\n\n<style type=\"text\/css\" data-created_by=\"avia_inline_auto\" id=\"style-css-av-liut0vmm-e34b2488e05a13476f7b017eed57bf7c\">\n#top .hr.hr-invisible.av-liut0vmm-e34b2488e05a13476f7b017eed57bf7c{\nheight:90px;\n}\n<\/style>\n<div  class='hr av-liut0vmm-e34b2488e05a13476f7b017eed57bf7c hr-invisible  avia-builder-el-13  el_after_av_one_half  el_before_av_one_half '><span class='hr-inner '><span class=\"hr-inner-style\"><\/span><\/span><\/div>\n<div  class='flex_column av-gddos0-19ea4087614635d3263128b8512ccc53 av_one_half  avia-builder-el-14  el_after_av_hr  el_before_av_one_half  first flex_column_div  '     ><p>\n<style type=\"text\/css\" data-created_by=\"avia_inline_auto\" id=\"style-css-av-lk74hjl3-863ebb0c3e9e9e3104d9a76a057851bd\">\n#top .hr.hr-invisible.av-lk74hjl3-863ebb0c3e9e9e3104d9a76a057851bd{\nheight:30px;\n}\n<\/style>\n<div  class='hr av-lk74hjl3-863ebb0c3e9e9e3104d9a76a057851bd hr-invisible  avia-builder-el-15  el_before_av_video  avia-builder-el-first '><span class='hr-inner '><span class=\"hr-inner-style\"><\/span><\/span><\/div><br \/>\n<div  class='avia-video av-liusq6j8-9d83746084c870b13705f598bba24294 avia-video-16-9 av-no-preview-image avia-video-load-always av-lazyload-immediate av-lazyload-video-embed'  itemprop=\"video\" itemtype=\"https:\/\/schema.org\/VideoObject\"  data-original_url='https:\/\/youtu.be\/LIIbFp8ksB0'><script type='text\/html' class='av-video-tmpl'><div class='avia-iframe-wrap'><iframe loading=\"lazy\" title=\"\u00bfporque solo utilizamos solo ingredientes organicos?\" width=\"1500\" height=\"844\" src=\"https:\/\/www.youtube.com\/embed\/LIIbFp8ksB0?feature=oembed&autoplay=0&loop=0&controls=1&mute=0\" frameborder=\"0\" allow=\"accelerometer; autoplay; clipboard-write; encrypted-media; gyroscope; picture-in-picture; web-share\" allowfullscreen><\/iframe><\/div><\/script><div class='av-click-to-play-overlay'><div class=\"avia_playpause_icon\"><\/div><\/div><\/div><\/p><\/div>\n<div  class='flex_column av-dos3vk-02de3242cfe5df6583519b29d4ddf0f9 av_one_half  avia-builder-el-17  el_after_av_one_half  el_before_av_hr  flex_column_div  '     ><p>\n<style type=\"text\/css\" data-created_by=\"avia_inline_auto\" id=\"style-css-av-lk74d38g-c690ae05a06887d285b1ad6b612cd1c9\">\n#top .av-special-heading.av-lk74d38g-c690ae05a06887d285b1ad6b612cd1c9{\npadding-bottom:10px;\nfont-size:35px;\n}\nbody .av-special-heading.av-lk74d38g-c690ae05a06887d285b1ad6b612cd1c9 .av-special-heading-tag .heading-char{\nfont-size:25px;\n}\n#top #wrap_all .av-special-heading.av-lk74d38g-c690ae05a06887d285b1ad6b612cd1c9 .av-special-heading-tag{\nfont-size:35px;\n}\n.av-special-heading.av-lk74d38g-c690ae05a06887d285b1ad6b612cd1c9 .av-subheading{\nfont-size:15px;\n}\n\n@media only screen and (min-width: 480px) and (max-width: 767px){ \n#top #wrap_all .av-special-heading.av-lk74d38g-c690ae05a06887d285b1ad6b612cd1c9 .av-special-heading-tag{\nfont-size:0.8em;\n}\n}\n\n@media only screen and (max-width: 479px){ \n#top #wrap_all .av-special-heading.av-lk74d38g-c690ae05a06887d285b1ad6b612cd1c9 .av-special-heading-tag{\nfont-size:0.8em;\n}\n}\n<\/style>\n<div  class='av-special-heading av-lk74d38g-c690ae05a06887d285b1ad6b612cd1c9 av-special-heading-h2 blockquote modern-quote modern-centered  avia-builder-el-18  el_before_av_textblock  avia-builder-el-first  av-inherit-size'><h2 class='av-special-heading-tag'  itemprop=\"headline\"  >Propiedades positivas para el cabello:<\/h2><div class=\"special-heading-border\"><div class=\"special-heading-inner-border\"><\/div><\/div><\/div><br \/>\n<section  class='av_textblock_section av-liuspmy6-b12ed877e14706cf7a114270de3b22b3 '   itemscope=\"itemscope\" itemtype=\"https:\/\/schema.org\/CreativeWork\" ><div class='avia_textblock'  itemprop=\"text\" ><h4><strong>\u00a0<\/strong><\/h4>\n<ol>\n<li>Estimulaci\u00f3n del crecimiento del cabello: la papaya es rica en vitamina A. \u00c9sta nutre el cuero cabelludo y favorece la producci\u00f3n de sebo. Esto permite que el cabello crezca m\u00e1s sano y m\u00e1s r\u00e1pido.<\/li>\n<li>Prevenci\u00f3n de la ca\u00edda del cabello: las enzimas antiinflamatorias y los antioxidantes de la papaya reducen la ca\u00edda del cabello al calmar el cuero cabelludo y fortalecer los fol\u00edculos pilosos.<\/li>\n<li>Mejora de la estructura del cabello: la papaya contiene prote\u00ednas que fortalecen el cabello y le dan brillo.<\/li>\n<li>Eliminaci\u00f3n de la caspa: La enzima papa\u00edna ayuda a eliminar las c\u00e9lulas muertas del cuero cabelludo. Esto reduce la formaci\u00f3n de caspa.<\/li>\n<\/ol>\n<\/div><\/section><\/p><\/div>\n<style type=\"text\/css\" data-created_by=\"avia_inline_auto\" id=\"style-css-av-c3v2g0-9ab69bd675ed61545b53dc54c2ced412\">\n#top .hr.hr-invisible.av-c3v2g0-9ab69bd675ed61545b53dc54c2ced412{\nheight:90px;\n}\n<\/style>\n<div  class='hr av-c3v2g0-9ab69bd675ed61545b53dc54c2ced412 hr-invisible  avia-builder-el-20  el_after_av_one_half  el_before_av_one_full '><span class='hr-inner '><span class=\"hr-inner-style\"><\/span><\/span><\/div><\/p>\n<div  class='flex_column av-alpoz4-a0fe6c7433c8c39c19fd86975b618a23 av_one_full  avia-builder-el-21  el_after_av_hr  el_before_av_one_half  first flex_column_div  '     ><p>\n<style type=\"text\/css\" data-created_by=\"avia_inline_auto\" id=\"style-css-av-liuss355-98f2e176f36c8cc447ff374525aed555\">\n.avia-image-container.av-liuss355-98f2e176f36c8cc447ff374525aed555 img.avia_image{\nbox-shadow:none;\n}\n.avia-image-container.av-liuss355-98f2e176f36c8cc447ff374525aed555 .av-image-caption-overlay-center{\ncolor:#ffffff;\n}\n<\/style>\n<div  class='avia-image-container av-liuss355-98f2e176f36c8cc447ff374525aed555 av-styling- avia-align-center  avia-builder-el-22  el_before_av_hr  avia-builder-el-first '   itemprop=\"image\" itemscope=\"itemscope\" itemtype=\"https:\/\/schema.org\/ImageObject\" ><div class=\"avia-image-container-inner\"><div class=\"avia-image-overlay-wrap\"><img decoding=\"async\" class='wp-image-2702 avia-img-lazy-loading-not-2702 avia_image ' src=\"https:\/\/asociacionelrosal.org\/es\/wp-content\/uploads\/2023\/06\/image00173-1030x773.jpeg\" alt='' title='sdr'  height=\"773\" width=\"1030\"  itemprop=\"thumbnailUrl\" srcset=\"https:\/\/asociacionelrosal.org\/es\/wp-content\/uploads\/2023\/06\/image00173-1030x773.jpeg 1030w, https:\/\/asociacionelrosal.org\/es\/wp-content\/uploads\/2023\/06\/image00173-300x225.jpeg 300w, https:\/\/asociacionelrosal.org\/es\/wp-content\/uploads\/2023\/06\/image00173-768x576.jpeg 768w, https:\/\/asociacionelrosal.org\/es\/wp-content\/uploads\/2023\/06\/image00173-1536x1152.jpeg 1536w, https:\/\/asociacionelrosal.org\/es\/wp-content\/uploads\/2023\/06\/image00173-2048x1536.jpeg 2048w, https:\/\/asociacionelrosal.org\/es\/wp-content\/uploads\/2023\/06\/image00173-1500x1125.jpeg 1500w, https:\/\/asociacionelrosal.org\/es\/wp-content\/uploads\/2023\/06\/image00173-705x529.jpeg 705w\" sizes=\"(max-width: 1030px) 100vw, 1030px\" \/><\/div><\/div><\/div><br \/>\n\n<style type=\"text\/css\" data-created_by=\"avia_inline_auto\" id=\"style-css-av-9ovf8w-8ba9b30c48e70ab9556eb2c5d19571d4\">\n#top .hr.hr-invisible.av-9ovf8w-8ba9b30c48e70ab9556eb2c5d19571d4{\nheight:50px;\n}\n<\/style>\n<div  class='hr av-9ovf8w-8ba9b30c48e70ab9556eb2c5d19571d4 hr-invisible  avia-builder-el-23  el_after_av_image  el_before_av_textblock '><span class='hr-inner '><span class=\"hr-inner-style\"><\/span><\/span><\/div><br \/>\n<section  class='av_textblock_section av-liusqn4d-a9ec7fd695ec2a82a4cf61c8d1fd46d5 '   itemscope=\"itemscope\" itemtype=\"https:\/\/schema.org\/CreativeWork\" ><div class='avia_textblock'  itemprop=\"text\" ><p>En conclusi\u00f3n, la payaya es un ingrediente muy bueno en los productos para el cuidado del cabello y la piel. Puede ayudar tanto al cabello como a la piel de forma natural.<\/p>\n<p>Si quieres saber m\u00e1s sobre la papaya y sus efectos positivos sobre la piel y el cabello, te recomendamos los siguientes estudios:<\/p>\n<p><a href=\"https:\/\/pubmed.ncbi.nlm.nih.gov\/32367410\/\">https:\/\/pubmed.ncbi.nlm.nih.gov\/32367410\/<\/a> &#8211; Estudio sobre el uso medicinal de la papaya.<\/p>\n<p><a href=\"https:\/\/pubmed.ncbi.nlm.nih.gov\/31418665\/\">https:\/\/pubmed.ncbi.nlm.nih.gov\/31418665\/<\/a>&#8211; Investigaci\u00f3n sobre la papaya como tratamiento del c\u00e1ncer de piel.<\/p>\n<p><a href=\"https:\/\/pubmed.ncbi.nlm.nih.gov\/33916114\/\">https:\/\/pubmed.ncbi.nlm.nih.gov\/33916114\/<\/a> &#8211; Resumen de los efectos calmantes de la papaya.<\/p>\n<\/div><\/section><\/p><\/div>\n<div  class='flex_column av-76016o-764b6f597010b5c833a4c0121a7c66d2 av_one_half  avia-builder-el-25  el_after_av_one_full  el_before_av_one_half  first flex_column_div  column-top-margin'     ><div  class='avia-button-wrap av-57ydv4-40722fbb82381fab691ef77421aaf034-wrap avia-button-center  avia-builder-el-26  avia-builder-el-no-sibling '>\n<style type=\"text\/css\" data-created_by=\"avia_inline_auto\" id=\"style-css-av-57ydv4-40722fbb82381fab691ef77421aaf034\">\n#top #wrap_all .avia-button.av-57ydv4-40722fbb82381fab691ef77421aaf034{\nfont-size:18px;\n-webkit-transition:all 0.4s ease-in-out;\n-moz-transition:all 0.4s ease-in-out;\n-ms-transition:all 0.4s ease-in-out;\n-o-transition:all 0.4s ease-in-out;\ntransition:all 0.4s ease-in-out;\n}\n<\/style>\n<a href='https:\/\/asociacionelrosal.org\/es\/ingredientes\/'  class='avia-button av-57ydv4-40722fbb82381fab691ef77421aaf034 avia-icon_select-yes-left-icon avia-size-x-large avia-position-center avia-color-theme-color'  ><span class='avia_button_icon avia_button_icon_left' aria-hidden='true' data-av_icon='\ue893' data-av_iconfont='entypo-fontello'><\/span><span class='avia_iconbox_title' >Ver a otros ingredientes<\/span><\/a><\/div><\/div>\n<div  class='flex_column av-4w9n9c-3464e9b05169ff6fb618ae5f651e7618 av_one_half  avia-builder-el-27  el_after_av_one_half  avia-builder-el-last  flex_column_div  column-top-margin'     ><div  class='avia-button-wrap av-2ucw80-035d67b0bb649a0c6e8f01768e2b3469-wrap avia-button-center  avia-builder-el-28  avia-builder-el-no-sibling '>\n<style type=\"text\/css\" data-created_by=\"avia_inline_auto\" id=\"style-css-av-2ucw80-035d67b0bb649a0c6e8f01768e2b3469\">\n#top #wrap_all .avia-button.av-2ucw80-035d67b0bb649a0c6e8f01768e2b3469{\nfont-size:18px;\n-webkit-transition:all 0.4s ease-in-out;\n-moz-transition:all 0.4s ease-in-out;\n-ms-transition:all 0.4s ease-in-out;\n-o-transition:all 0.4s ease-in-out;\ntransition:all 0.4s ease-in-out;\n}\n<\/style>\n<a href='https:\/\/asociacionelrosal.org\/es\/nuestros-productos\/'  class='avia-button av-2ucw80-035d67b0bb649a0c6e8f01768e2b3469 avia-icon_select-yes-right-icon avia-size-x-large avia-position-center avia-color-theme-color'  ><span class='avia_iconbox_title' >Ver a nuestros productos<\/span><span class='avia_button_icon avia_button_icon_right' aria-hidden='true' data-av_icon='\ue892' data-av_iconfont='entypo-fontello'><\/span><\/a><\/div><\/div>\n","protected":false},"excerpt":{"rendered":"","protected":false},"author":3,"featured_media":0,"parent":0,"menu_order":0,"comment_status":"closed","ping_status":"closed","template":"","meta":{"footnotes":""},"class_list":["post-2464","page","type-page","status-publish","hentry"],"jetpack_sharing_enabled":true,"_links":{"self":[{"href":"https:\/\/asociacionelrosal.org\/es\/wp-json\/wp\/v2\/pages\/2464","targetHints":{"allow":["GET"]}}],"collection":[{"href":"https:\/\/asociacionelrosal.org\/es\/wp-json\/wp\/v2\/pages"}],"about":[{"href":"https:\/\/asociacionelrosal.org\/es\/wp-json\/wp\/v2\/types\/page"}],"author":[{"embeddable":true,"href":"https:\/\/asociacionelrosal.org\/es\/wp-json\/wp\/v2\/users\/3"}],"replies":[{"embeddable":true,"href":"https:\/\/asociacionelrosal.org\/es\/wp-json\/wp\/v2\/comments?post=2464"}],"version-history":[{"count":13,"href":"https:\/\/asociacionelrosal.org\/es\/wp-json\/wp\/v2\/pages\/2464\/revisions"}],"predecessor-version":[{"id":3366,"href":"https:\/\/asociacionelrosal.org\/es\/wp-json\/wp\/v2\/pages\/2464\/revisions\/3366"}],"wp:attachment":[{"href":"https:\/\/asociacionelrosal.org\/es\/wp-json\/wp\/v2\/media?parent=2464"}],"curies":[{"name":"wp","href":"https:\/\/api.w.org\/{rel}","templated":true}]}}