{"id":2468,"date":"2023-05-24T20:26:28","date_gmt":"2023-05-24T20:26:28","guid":{"rendered":"https:\/\/asociacionelrosal.org\/es\/?page_id=2468"},"modified":"2023-07-17T17:36:44","modified_gmt":"2023-07-17T17:36:44","slug":"sangre-de-drago","status":"publish","type":"page","link":"https:\/\/asociacionelrosal.org\/es\/sangre-de-drago\/","title":{"rendered":"Sangre de Drago"},"content":{"rendered":"<div id='full_slider_1'  class='avia-fullwidth-slider main_color avia-shadow   avia-builder-el-0  el_before_av_one_full  avia-builder-el-first   container_wrap fullsize'  >\n<style type=\"text\/css\" data-created_by=\"avia_inline_auto\" id=\"style-css-av-liut6gvi-a6639a6e69ed3e985833920a11a502dd\">\n#top #wrap_all .avia-slideshow .av-slideshow-caption.av-liut6gvi-a6639a6e69ed3e985833920a11a502dd__0 .avia-caption-title{\nfont-size:40px;\n}\n#top .avia-slideshow .av-slideshow-caption.av-liut6gvi-a6639a6e69ed3e985833920a11a502dd__0 .avia-caption-content{\nfont-size:22px;\n}\n#top .avia-slideshow .av-slideshow-caption.av-liut6gvi-a6639a6e69ed3e985833920a11a502dd__0 .avia-caption-content p{\nfont-size:22px;\n}\n<\/style>\n<div  class='avia-slideshow av-liut6gvi-a6639a6e69ed3e985833920a11a502dd avia-slideshow-featured av_slideshow_full avia-slide-slider av-slideshow-ui av-control-default av-slideshow-manual av-loop-once av-loop-manual-endless av-default-height-applied   avia-slideshow-1' data-slideshow-options=\"{&quot;animation&quot;:&quot;slide&quot;,&quot;autoplay&quot;:false,&quot;loop_autoplay&quot;:&quot;once&quot;,&quot;interval&quot;:5,&quot;loop_manual&quot;:&quot;manual-endless&quot;,&quot;autoplay_stopper&quot;:false,&quot;noNavigation&quot;:false,&quot;bg_slider&quot;:false,&quot;keep_padding&quot;:false,&quot;hoverpause&quot;:false,&quot;show_slide_delay&quot;:0}\"  itemprop=\"image\" itemscope=\"itemscope\" itemtype=\"https:\/\/schema.org\/ImageObject\" ><ul class='avia-slideshow-inner ' style='padding-bottom: 28.666666666667%;'><li  class='avia-slideshow-slide av-liut6gvi-a6639a6e69ed3e985833920a11a502dd__0  av-single-slide slide-1 slide-odd'><div data-rel='slideshow-1' class='avia-slide-wrap '   ><div class='av-slideshow-caption av-liut6gvi-a6639a6e69ed3e985833920a11a502dd__0 caption_fullwidth caption_bottom caption_bottom_framed caption_framed'><div class=\"container caption_container\"><div class=\"slideshow_caption\"><div class=\"slideshow_inner_caption\"><div class=\"slideshow_align_caption\"><h2 class='avia-caption-title '  itemprop=\"name\" >Sangre de Drago - La misteriosa resina del Amazonas.<\/h2><div class='avia-caption-content '  itemprop=\"description\" ><p>El sangre del arbol utilizamos para un jabon. Tenemos solo un arbol en la comunidad pero eso es sufiziciente porque solo se necesita muy poco<\/p>\n<\/div><\/div><\/div><\/div><\/div><\/div><img decoding=\"async\" class=\"wp-image-2690 avia-img-lazy-loading-not-2690\"  src=\"https:\/\/asociacionelrosal.org\/es\/wp-content\/uploads\/2023\/06\/P1080689-1500x430.jpg\" width=\"1500\" height=\"430\" title='P1080689' alt=''  itemprop=\"thumbnailUrl\"   \/><\/div><\/li><\/ul><\/div><\/div><div id='after_full_slider_1'  class='main_color av_default_container_wrap container_wrap fullsize'  ><div class='container av-section-cont-open' ><div class='template-page content  av-content-full alpha units'><div class='post-entry post-entry-type-page post-entry-2468'><div class='entry-content-wrapper clearfix'>\n\n<style type=\"text\/css\" data-created_by=\"avia_inline_auto\" id=\"style-css-av-o4lcck-ef662f4dba4d6afbb1376fe44835a2ab\">\n.flex_column.av-o4lcck-ef662f4dba4d6afbb1376fe44835a2ab{\nborder-width:40px;\nborder-color:#ffffff;\nborder-style:solid;\n}\n<\/style>\n<div  class='flex_column av-o4lcck-ef662f4dba4d6afbb1376fe44835a2ab av_one_full  avia-builder-el-1  el_after_av_slideshow_full  el_before_av_hr  avia-builder-el-first  first flex_column_div  '     ><p><section  class='av_textblock_section av-liut72ab-a8689fdd34f741088a1a5ae4bffed72f '   itemscope=\"itemscope\" itemtype=\"https:\/\/schema.org\/CreativeWork\" ><div class='avia_textblock'  itemprop=\"text\" ><p>Sangre de Drago es el nombre de la resina de color rojo sangre del Croton Lecheri.<\/p>\n<p>Este \u00e1rbol se encuentra principalmente en las selvas tropicales de varios pa\u00edses sudamericanos. Sin embargo, tambi\u00e9n hay algunos \u00e1rboles en El Rosal, que pertenece a la regi\u00f3n de bosque nuboso de Ecuador.<\/p>\n<p>Para el Croton Lecheri, la resina es un mecanismo protector natural. Cierra las heridas y previene las infestaciones por hongos, bacterias e insectos.<\/p>\n<p>La Sangre de Drago ha sido utilizada durante siglos por los pueblos ind\u00edgenas de Sudam\u00e9rica con fines medicinales. La resina se utilizaba de diferentes maneras, dependiendo de la dolencia a tratar<\/p>\n<\/div><\/section><br \/>\n\n<style type=\"text\/css\" data-created_by=\"avia_inline_auto\" id=\"style-css-av-8boxw-7e209871df0f21117226c7ebd5be11f4\">\n#top .hr.hr-invisible.av-8boxw-7e209871df0f21117226c7ebd5be11f4{\nheight:70px;\n}\n<\/style>\n<div  class='hr av-8boxw-7e209871df0f21117226c7ebd5be11f4 hr-invisible  avia-builder-el-3  el_after_av_textblock  el_before_av_image '><span class='hr-inner '><span class=\"hr-inner-style\"><\/span><\/span><\/div><br \/>\n\n<style type=\"text\/css\" data-created_by=\"avia_inline_auto\" id=\"style-css-av-liut7jd4-cdf9094f5bdf0857c0316dfcd8412e52\">\n.avia-image-container.av-liut7jd4-cdf9094f5bdf0857c0316dfcd8412e52 img.avia_image{\nbox-shadow:none;\n}\n.avia-image-container.av-liut7jd4-cdf9094f5bdf0857c0316dfcd8412e52 .av-image-caption-overlay-center{\ncolor:#ffffff;\n}\n<\/style>\n<div  class='avia-image-container av-liut7jd4-cdf9094f5bdf0857c0316dfcd8412e52 av-styling- avia-align-center  avia-builder-el-4  el_after_av_hr  el_before_av_hr '   itemprop=\"image\" itemscope=\"itemscope\" itemtype=\"https:\/\/schema.org\/ImageObject\" ><div class=\"avia-image-container-inner\"><div class=\"avia-image-overlay-wrap\"><img decoding=\"async\" class='wp-image-2689 avia-img-lazy-loading-not-2689 avia_image ' src=\"https:\/\/asociacionelrosal.org\/es\/wp-content\/uploads\/2023\/06\/P1080677-1030x804.jpg\" alt='' title='P1080677'  height=\"804\" width=\"1030\"  itemprop=\"thumbnailUrl\" srcset=\"https:\/\/asociacionelrosal.org\/es\/wp-content\/uploads\/2023\/06\/P1080677-1030x804.jpg 1030w, https:\/\/asociacionelrosal.org\/es\/wp-content\/uploads\/2023\/06\/P1080677-300x234.jpg 300w, https:\/\/asociacionelrosal.org\/es\/wp-content\/uploads\/2023\/06\/P1080677-768x600.jpg 768w, https:\/\/asociacionelrosal.org\/es\/wp-content\/uploads\/2023\/06\/P1080677-1536x1199.jpg 1536w, https:\/\/asociacionelrosal.org\/es\/wp-content\/uploads\/2023\/06\/P1080677-2048x1599.jpg 2048w, https:\/\/asociacionelrosal.org\/es\/wp-content\/uploads\/2023\/06\/P1080677-1500x1171.jpg 1500w, https:\/\/asociacionelrosal.org\/es\/wp-content\/uploads\/2023\/06\/P1080677-705x550.jpg 705w\" sizes=\"(max-width: 1030px) 100vw, 1030px\" \/><\/div><\/div><\/div><br \/>\n\n<style type=\"text\/css\" data-created_by=\"avia_inline_auto\" id=\"style-css-av-kcgd5w-9caeca75f14001159518d22e532f2031\">\n#top .hr.hr-invisible.av-kcgd5w-9caeca75f14001159518d22e532f2031{\nheight:70px;\n}\n<\/style>\n<div  class='hr av-kcgd5w-9caeca75f14001159518d22e532f2031 hr-invisible  avia-builder-el-5  el_after_av_image  el_before_av_textblock '><span class='hr-inner '><span class=\"hr-inner-style\"><\/span><\/span><\/div><br \/>\n<section  class='av_textblock_section av-liut810r-c2a4a1228bebb1b27742729f412b59ba '   itemscope=\"itemscope\" itemtype=\"https:\/\/schema.org\/CreativeWork\" ><div class='avia_textblock'  itemprop=\"text\" ><p>En la medicina tradicional peruana, por ejemplo, la resina se utilizaba como remedio para las afecciones gastrointestinales. El efecto se atribuye a las propiedades antibacterianas y antiinflamatorias.<\/p>\n<p>Tambi\u00e9n se utilizan las propiedades antimicrobianas de la resina. La resina se aplica a cortes, quemaduras, abrasiones y otras heridas para acelerar la curaci\u00f3n y prevenir infecciones.<\/p>\n<p>Sin embargo, adem\u00e1s de sus amplios usos medicinales, la Sangre de Drago tambi\u00e9n es relevante en la medicina ritual y ceremonial de los pueblos ind\u00edgenas.<\/p>\n<p>En la medicina tradicional amaz\u00f3nica, la sangre de drago tambi\u00e9n se utiliza como analg\u00e9sico. Se ha utilizado para dolores de cabeza, de muelas, de espalda y otros tipos de afecciones dolorosas.<\/p>\n<p>Tambi\u00e9n se utiliza como agente protector contra los malos esp\u00edritus y en rituales de purificaci\u00f3n y bendici\u00f3n.<\/p>\n<p>En el mercado actual, la Sangre de Drago sigue siendo un producto popular. Tambi\u00e9n hay algunos productos de la naturopat\u00eda moderna que contienen la resina.<\/p>\n<p>La Sangre de Drago tambi\u00e9n es muy popular en la cosm\u00e9tica natural.<\/p>\n<p>Utilizamos la misteriosa resina en nuestro jab\u00f3n de Aloe Vera y Sangre de Drago. Llevamos la resina mezclada directamente en la base del jab\u00f3n de aloe vera.<\/p>\n<p>Al comprar productos cosm\u00e9ticos con Sangre de Drago, debe prestar mucha atenci\u00f3n a su procedencia. La resina es un ingrediente controvertido. A menudo se extrae mediante la tala ilegal y la destrucci\u00f3n de la selva tropical.<\/p>\n<\/div><\/section><\/p><\/div>\n\n<style type=\"text\/css\" data-created_by=\"avia_inline_auto\" id=\"style-css-av-hli4f8-e7772fdae95579c4c4996122b02c4973\">\n#top .hr.hr-invisible.av-hli4f8-e7772fdae95579c4c4996122b02c4973{\nheight:70px;\n}\n<\/style>\n<div  class='hr av-hli4f8-e7772fdae95579c4c4996122b02c4973 hr-invisible  avia-builder-el-7  el_after_av_one_full  el_before_av_one_half '><span class='hr-inner '><span class=\"hr-inner-style\"><\/span><\/span><\/div>\n<div  class='flex_column av-g0iq44-7b7ed9bd0f2bd3026f41d8990b6fb216 av_one_half  avia-builder-el-8  el_after_av_hr  el_before_av_one_half  first flex_column_div  '     ><p>\n<style type=\"text\/css\" data-created_by=\"avia_inline_auto\" id=\"style-css-av-lk75ar8j-f0dc55a3478f074c54a62a1ac3236b39\">\n#top .hr.hr-invisible.av-lk75ar8j-f0dc55a3478f074c54a62a1ac3236b39{\nheight:15px;\n}\n<\/style>\n<div  class='hr av-lk75ar8j-f0dc55a3478f074c54a62a1ac3236b39 hr-invisible  avia-builder-el-9  el_before_av_heading  avia-builder-el-first '><span class='hr-inner '><span class=\"hr-inner-style\"><\/span><\/span><\/div><br \/>\n\n<style type=\"text\/css\" data-created_by=\"avia_inline_auto\" id=\"style-css-av-lk75cc2z-46d4ddadb203945c032e1324149251ee\">\n#top .av-special-heading.av-lk75cc2z-46d4ddadb203945c032e1324149251ee{\npadding-bottom:10px;\nfont-size:40px;\n}\nbody .av-special-heading.av-lk75cc2z-46d4ddadb203945c032e1324149251ee .av-special-heading-tag .heading-char{\nfont-size:25px;\n}\n#top #wrap_all .av-special-heading.av-lk75cc2z-46d4ddadb203945c032e1324149251ee .av-special-heading-tag{\nfont-size:40px;\n}\n.av-special-heading.av-lk75cc2z-46d4ddadb203945c032e1324149251ee .av-subheading{\nfont-size:15px;\n}\n\n@media only screen and (min-width: 480px) and (max-width: 767px){ \n#top #wrap_all .av-special-heading.av-lk75cc2z-46d4ddadb203945c032e1324149251ee .av-special-heading-tag{\nfont-size:0.8em;\n}\n}\n\n@media only screen and (max-width: 479px){ \n#top #wrap_all .av-special-heading.av-lk75cc2z-46d4ddadb203945c032e1324149251ee .av-special-heading-tag{\nfont-size:0.8em;\n}\n}\n<\/style>\n<div  class='av-special-heading av-lk75cc2z-46d4ddadb203945c032e1324149251ee av-special-heading-h2 blockquote modern-quote modern-centered  avia-builder-el-10  el_after_av_hr  el_before_av_textblock  av-inherit-size'><h2 class='av-special-heading-tag'  itemprop=\"headline\"  >Propiedades positivas para la piel:<\/h2><div class=\"special-heading-border\"><div class=\"special-heading-inner-border\"><\/div><\/div><\/div><br \/>\n<section  class='av_textblock_section av-liut8nn4-c12ba53862f6cdbb787438454cf0df0e '   itemscope=\"itemscope\" itemtype=\"https:\/\/schema.org\/CreativeWork\" ><div class='avia_textblock'  itemprop=\"text\" ><h3><\/h3>\n<ol>\n<li>Efecto antienvejecimiento: la Sangre de Drago contiene antioxidantes que ayudan a retrasar el envejecimiento de la piel al neutralizar los radicales libres producidos por la contaminaci\u00f3n, la luz solar y otros factores.<\/li>\n<li>Efecto calmante: las propiedades antiinflamatorias de la resina calman las rojeces, irritaciones e inflamaciones de la piel.<\/li>\n<li>Efecto cicatrizante: la Sangre de Drago favorece la regeneraci\u00f3n de las c\u00e9lulas cut\u00e1neas y la formaci\u00f3n de nuevos tejidos. Esto puede ayudar a curar heridas y reducir la irritaci\u00f3n de la piel.<\/li>\n<li>efecto hidratante: la resina ayuda a reforzar la barrera de hidrataci\u00f3n de la piel y a aumentar su contenido de humedad.<\/li>\n<li>mejora de la elasticidad de la piel: la Sangre de Drago mejora la elasticidad de la piel y reduce la aparici\u00f3n de l\u00edneas finas y arrugas.<\/li>\n<li>reducci\u00f3n del acn\u00e9: de forma similar a como la resina mata las bacterias para el \u00e1rbol, las propiedades antibacterianas tambi\u00e9n ayudan a los humanos. Por ejemplo, se matan las bacterias que causan el acn\u00e9.<\/li>\n<li>aclarar la piel: Sangre de Drago inhibe la producci\u00f3n de melanina. Esto ayuda a reducir la aparici\u00f3n de manchas de pigmentaci\u00f3n o hiperpigmentaci\u00f3n.<\/li>\n<\/ol>\n<\/div><\/section><\/p><\/div><div  class='flex_column av-dpo9ac-6796474a6440e4c7924e1f952831b679 av_one_half  avia-builder-el-12  el_after_av_one_half  el_before_av_hr  flex_column_div  '     ><style type=\"text\/css\" data-created_by=\"avia_inline_auto\" id=\"style-css-av-liut9e6m-e95c3c71e66f24a686fc94b51b7c8573\">\n.avia-image-container.av-liut9e6m-e95c3c71e66f24a686fc94b51b7c8573 img.avia_image{\nbox-shadow:none;\n}\n.avia-image-container.av-liut9e6m-e95c3c71e66f24a686fc94b51b7c8573 .av-image-caption-overlay-center{\ncolor:#ffffff;\n}\n<\/style>\n<div  class='avia-image-container av-liut9e6m-e95c3c71e66f24a686fc94b51b7c8573 av-styling- avia-align-center  avia-builder-el-13  avia-builder-el-no-sibling '   itemprop=\"image\" itemscope=\"itemscope\" itemtype=\"https:\/\/schema.org\/ImageObject\" ><div class=\"avia-image-container-inner\"><div class=\"avia-image-overlay-wrap\"><img decoding=\"async\" class='wp-image-2691 avia-img-lazy-loading-not-2691 avia_image ' src=\"https:\/\/asociacionelrosal.org\/es\/wp-content\/uploads\/2023\/06\/P1080661-773x1030.jpg\" alt='' title='P1080661'  height=\"1030\" width=\"773\"  itemprop=\"thumbnailUrl\" srcset=\"https:\/\/asociacionelrosal.org\/es\/wp-content\/uploads\/2023\/06\/P1080661-773x1030.jpg 773w, https:\/\/asociacionelrosal.org\/es\/wp-content\/uploads\/2023\/06\/P1080661-225x300.jpg 225w, https:\/\/asociacionelrosal.org\/es\/wp-content\/uploads\/2023\/06\/P1080661-768x1023.jpg 768w, https:\/\/asociacionelrosal.org\/es\/wp-content\/uploads\/2023\/06\/P1080661-1153x1536.jpg 1153w, https:\/\/asociacionelrosal.org\/es\/wp-content\/uploads\/2023\/06\/P1080661-1538x2048.jpg 1538w, https:\/\/asociacionelrosal.org\/es\/wp-content\/uploads\/2023\/06\/P1080661-1126x1500.jpg 1126w, https:\/\/asociacionelrosal.org\/es\/wp-content\/uploads\/2023\/06\/P1080661-529x705.jpg 529w, https:\/\/asociacionelrosal.org\/es\/wp-content\/uploads\/2023\/06\/P1080661-scaled.jpg 1922w\" sizes=\"(max-width: 773px) 100vw, 773px\" \/><\/div><\/div><\/div><\/div><\/p>\n\n<style type=\"text\/css\" data-created_by=\"avia_inline_auto\" id=\"style-css-av-ctxfb8-d7fc1c9315981a635ffe1ca3f5fdd178\">\n#top .hr.hr-invisible.av-ctxfb8-d7fc1c9315981a635ffe1ca3f5fdd178{\nheight:90px;\n}\n<\/style>\n<div  class='hr av-ctxfb8-d7fc1c9315981a635ffe1ca3f5fdd178 hr-invisible  avia-builder-el-14  el_after_av_one_half  el_before_av_one_full '><span class='hr-inner '><span class=\"hr-inner-style\"><\/span><\/span><\/div>\n<div  class='flex_column av-12ynqc-fa26c87f712c0fa01c052a230031ea74 av_one_full  avia-builder-el-15  el_after_av_hr  el_before_av_one_half  first flex_column_div  '     ><p>\n<style type=\"text\/css\" data-created_by=\"avia_inline_auto\" id=\"style-css-av-liutd1yj-232978b93c8c0ebc09d3fdb15c26699e\">\n.avia-image-container.av-liutd1yj-232978b93c8c0ebc09d3fdb15c26699e img.avia_image{\nbox-shadow:none;\n}\n.avia-image-container.av-liutd1yj-232978b93c8c0ebc09d3fdb15c26699e .av-image-caption-overlay-center{\ncolor:#ffffff;\n}\n<\/style>\n<div  class='avia-image-container av-liutd1yj-232978b93c8c0ebc09d3fdb15c26699e av-styling- avia-align-center  avia-builder-el-16  el_before_av_hr  avia-builder-el-first '   itemprop=\"image\" itemscope=\"itemscope\" itemtype=\"https:\/\/schema.org\/ImageObject\" ><div class=\"avia-image-container-inner\"><div class=\"avia-image-overlay-wrap\"><img decoding=\"async\" class='wp-image-2700 avia-img-lazy-loading-not-2700 avia_image ' src=\"https:\/\/asociacionelrosal.org\/es\/wp-content\/uploads\/2023\/06\/image00039-1030x773.jpeg\" alt='' title='image00039'  height=\"773\" width=\"1030\"  itemprop=\"thumbnailUrl\" srcset=\"https:\/\/asociacionelrosal.org\/es\/wp-content\/uploads\/2023\/06\/image00039-1030x773.jpeg 1030w, https:\/\/asociacionelrosal.org\/es\/wp-content\/uploads\/2023\/06\/image00039-300x225.jpeg 300w, https:\/\/asociacionelrosal.org\/es\/wp-content\/uploads\/2023\/06\/image00039-768x576.jpeg 768w, https:\/\/asociacionelrosal.org\/es\/wp-content\/uploads\/2023\/06\/image00039-1536x1152.jpeg 1536w, https:\/\/asociacionelrosal.org\/es\/wp-content\/uploads\/2023\/06\/image00039-2048x1536.jpeg 2048w, https:\/\/asociacionelrosal.org\/es\/wp-content\/uploads\/2023\/06\/image00039-1500x1125.jpeg 1500w, https:\/\/asociacionelrosal.org\/es\/wp-content\/uploads\/2023\/06\/image00039-705x529.jpeg 705w\" sizes=\"(max-width: 1030px) 100vw, 1030px\" \/><\/div><\/div><\/div><br \/>\n\n<style type=\"text\/css\" data-created_by=\"avia_inline_auto\" id=\"style-css-av-8yhhpw-7cbbc260dc5c8572b4085bd8f698e176\">\n#top .hr.hr-invisible.av-8yhhpw-7cbbc260dc5c8572b4085bd8f698e176{\nheight:50px;\n}\n<\/style>\n<div  class='hr av-8yhhpw-7cbbc260dc5c8572b4085bd8f698e176 hr-invisible  avia-builder-el-17  el_after_av_image  el_before_av_textblock '><span class='hr-inner '><span class=\"hr-inner-style\"><\/span><\/span><\/div><br \/>\n<section  class='av_textblock_section av-liutammg-740577a29283c1a602f8edf65144c87e '   itemscope=\"itemscope\" itemtype=\"https:\/\/schema.org\/CreativeWork\" ><div class='avia_textblock'  itemprop=\"text\" ><p>Si quieres saber un poco m\u00e1s sobre el milagro del Amazonas, aqu\u00ed tienes cinco estudios interesantes. No s\u00f3lo se refieren a la Sangre de Drago como cosm\u00e9tico, sino tambi\u00e9n a otros usos de la Sangre de Drago:<\/p>\n<p><a href=\"https:\/\/pubmed.ncbi.nlm.nih.gov\/14736360\/\">https:\/\/pubmed.ncbi.nlm.nih.gov\/14736360\/<\/a> Investigaci\u00f3n sobre el uso tradicional del Sangre de Drago.<\/p>\n<p><a href=\"https:\/\/nezeni.com\/blog\/cosmetica-natural\/sangre-drago\/\">https:\/\/nezeni.com\/blog\/cosmetica-natural\/sangre-drago\/<\/a> &#8211; Artikel \u00fcber Sangre &#8211; Art\u00edculo sobre la Sangre de Drago en productos cosm\u00e9ticos.<\/p>\n<p><a href=\"https:\/\/www.sciencedirect.com\/science\/article\/abs\/pii\/S0378874116317378?via%3Dihub\">https:\/\/www.sciencedirect.com\/science\/article\/abs\/pii\/S0378874116317378?via%3Dihub<\/a> &#8211; Estudio sobre los efectos del Sangre de Drago en diversas enfermedades de la piel.<\/p>\n<\/div><\/section><\/p><\/div>\n<div  class='flex_column av-7bykyc-31dc5e9b3764585dcb2bec8f567e5e2b av_one_half  avia-builder-el-19  el_after_av_one_full  el_before_av_one_half  first flex_column_div  column-top-margin'     ><div  class='avia-button-wrap av-60d6us-3ff6e9f1b5b510bd213acefb88e6b792-wrap avia-button-center  avia-builder-el-20  avia-builder-el-no-sibling '>\n<style type=\"text\/css\" data-created_by=\"avia_inline_auto\" id=\"style-css-av-60d6us-3ff6e9f1b5b510bd213acefb88e6b792\">\n#top #wrap_all .avia-button.av-60d6us-3ff6e9f1b5b510bd213acefb88e6b792{\nfont-size:18px;\n-webkit-transition:all 0.4s ease-in-out;\n-moz-transition:all 0.4s ease-in-out;\n-ms-transition:all 0.4s ease-in-out;\n-o-transition:all 0.4s ease-in-out;\ntransition:all 0.4s ease-in-out;\n}\n<\/style>\n<a href='https:\/\/asociacionelrosal.org\/es\/ingredientes\/'  class='avia-button av-60d6us-3ff6e9f1b5b510bd213acefb88e6b792 avia-icon_select-yes-left-icon avia-size-x-large avia-position-center avia-color-theme-color'  ><span class='avia_button_icon avia_button_icon_left' aria-hidden='true' data-av_icon='\ue893' data-av_iconfont='entypo-fontello'><\/span><span class='avia_iconbox_title' >Ver a otros ingredientes<\/span><\/a><\/div><\/div>\n<div  class='flex_column av-4742yc-a1ee9f0b57e44519309a726b7832f527 av_one_half  avia-builder-el-21  el_after_av_one_half  avia-builder-el-last  flex_column_div  column-top-margin'     ><div  class='avia-button-wrap av-37q2r8-179fa4d58fc4c7c8c2fa7ec3664f46dd-wrap avia-button-center  avia-builder-el-22  avia-builder-el-no-sibling '>\n<style type=\"text\/css\" data-created_by=\"avia_inline_auto\" id=\"style-css-av-37q2r8-179fa4d58fc4c7c8c2fa7ec3664f46dd\">\n#top #wrap_all .avia-button.av-37q2r8-179fa4d58fc4c7c8c2fa7ec3664f46dd{\nfont-size:18px;\n-webkit-transition:all 0.4s ease-in-out;\n-moz-transition:all 0.4s ease-in-out;\n-ms-transition:all 0.4s ease-in-out;\n-o-transition:all 0.4s ease-in-out;\ntransition:all 0.4s ease-in-out;\n}\n<\/style>\n<a href='https:\/\/asociacionelrosal.org\/es\/nuestros-productos\/'  class='avia-button av-37q2r8-179fa4d58fc4c7c8c2fa7ec3664f46dd avia-icon_select-yes-right-icon avia-size-x-large avia-position-center avia-color-theme-color'  ><span class='avia_iconbox_title' >Ver a nuestros productos<\/span><span class='avia_button_icon avia_button_icon_right' aria-hidden='true' data-av_icon='\ue892' data-av_iconfont='entypo-fontello'><\/span><\/a><\/div><\/div>\n","protected":false},"excerpt":{"rendered":"","protected":false},"author":3,"featured_media":0,"parent":0,"menu_order":0,"comment_status":"closed","ping_status":"closed","template":"","meta":{"footnotes":""},"class_list":["post-2468","page","type-page","status-publish","hentry"],"jetpack_sharing_enabled":true,"_links":{"self":[{"href":"https:\/\/asociacionelrosal.org\/es\/wp-json\/wp\/v2\/pages\/2468","targetHints":{"allow":["GET"]}}],"collection":[{"href":"https:\/\/asociacionelrosal.org\/es\/wp-json\/wp\/v2\/pages"}],"about":[{"href":"https:\/\/asociacionelrosal.org\/es\/wp-json\/wp\/v2\/types\/page"}],"author":[{"embeddable":true,"href":"https:\/\/asociacionelrosal.org\/es\/wp-json\/wp\/v2\/users\/3"}],"replies":[{"embeddable":true,"href":"https:\/\/asociacionelrosal.org\/es\/wp-json\/wp\/v2\/comments?post=2468"}],"version-history":[{"count":7,"href":"https:\/\/asociacionelrosal.org\/es\/wp-json\/wp\/v2\/pages\/2468\/revisions"}],"predecessor-version":[{"id":3294,"href":"https:\/\/asociacionelrosal.org\/es\/wp-json\/wp\/v2\/pages\/2468\/revisions\/3294"}],"wp:attachment":[{"href":"https:\/\/asociacionelrosal.org\/es\/wp-json\/wp\/v2\/media?parent=2468"}],"curies":[{"name":"wp","href":"https:\/\/api.w.org\/{rel}","templated":true}]}}