{"id":2470,"date":"2023-05-24T20:27:06","date_gmt":"2023-05-24T20:27:06","guid":{"rendered":"https:\/\/asociacionelrosal.org\/es\/?page_id=2470"},"modified":"2023-07-17T17:45:26","modified_gmt":"2023-07-17T17:45:26","slug":"ortiga","status":"publish","type":"page","link":"https:\/\/asociacionelrosal.org\/es\/ortiga\/","title":{"rendered":"Ortiga"},"content":{"rendered":"<div id='full_slider_1'  class='avia-fullwidth-slider main_color avia-shadow   avia-builder-el-0  el_before_av_one_full  avia-builder-el-first   container_wrap fullsize'  >\n<style type=\"text\/css\" data-created_by=\"avia_inline_auto\" id=\"style-css-av-liuu7add-15b58a89f880a35ecfdd603cf58444f3\">\n#top #wrap_all .avia-slideshow .av-slideshow-caption.av-liuu7add-15b58a89f880a35ecfdd603cf58444f3__0 .avia-caption-title{\nfont-size:40px;\n}\n#top .avia-slideshow .av-slideshow-caption.av-liuu7add-15b58a89f880a35ecfdd603cf58444f3__0 .avia-caption-content{\nfont-size:22px;\n}\n#top .avia-slideshow .av-slideshow-caption.av-liuu7add-15b58a89f880a35ecfdd603cf58444f3__0 .avia-caption-content p{\nfont-size:22px;\n}\n<\/style>\n<div  class='avia-slideshow av-liuu7add-15b58a89f880a35ecfdd603cf58444f3 avia-slideshow-featured av_slideshow_full avia-slide-slider av-slideshow-ui av-control-default av-slideshow-manual av-loop-once av-loop-manual-endless av-default-height-applied   avia-slideshow-1' data-slideshow-options=\"{&quot;animation&quot;:&quot;slide&quot;,&quot;autoplay&quot;:false,&quot;loop_autoplay&quot;:&quot;once&quot;,&quot;interval&quot;:5,&quot;loop_manual&quot;:&quot;manual-endless&quot;,&quot;autoplay_stopper&quot;:false,&quot;noNavigation&quot;:false,&quot;bg_slider&quot;:false,&quot;keep_padding&quot;:false,&quot;hoverpause&quot;:false,&quot;show_slide_delay&quot;:0}\"  itemprop=\"image\" itemscope=\"itemscope\" itemtype=\"https:\/\/schema.org\/ImageObject\" ><ul class='avia-slideshow-inner ' style='padding-bottom: 28.666666666667%;'><li  class='avia-slideshow-slide av-liuu7add-15b58a89f880a35ecfdd603cf58444f3__0  av-single-slide slide-1 slide-odd'><div data-rel='slideshow-1' class='avia-slide-wrap '   ><div class='av-slideshow-caption av-liuu7add-15b58a89f880a35ecfdd603cf58444f3__0 caption_fullwidth caption_bottom caption_bottom_framed caption_framed'><div class=\"container caption_container\"><div class=\"slideshow_caption\"><div class=\"slideshow_inner_caption\"><div class=\"slideshow_align_caption\"><h2 class='avia-caption-title '  itemprop=\"name\" >La Ortiga - probablemente la planta m\u00e1s subestimada<\/h2><div class='avia-caption-content '  itemprop=\"description\" ><p>La Ortiga utilizamos para el shampoo. Para cosechar la ortiga solo vamos al monte mas cerca ahi grece en la mejor manera &#8211; naturalmente<\/p>\n<\/div><\/div><\/div><\/div><\/div><\/div><img decoding=\"async\" class=\"wp-image-2768 avia-img-lazy-loading-not-2768\"  src=\"https:\/\/asociacionelrosal.org\/es\/wp-content\/uploads\/2023\/06\/paul-morley-DrYqMhk53dY-unsplash-1500x430.jpg\" width=\"1500\" height=\"430\" title='paul-morley-DrYqMhk53dY-unsplash' alt=''  itemprop=\"thumbnailUrl\"   \/><\/div><\/li><\/ul><\/div><\/div><div id='after_full_slider_1'  class='main_color av_default_container_wrap container_wrap fullsize'  ><div class='container av-section-cont-open' ><div class='template-page content  av-content-full alpha units'><div class='post-entry post-entry-type-page post-entry-2470'><div class='entry-content-wrapper clearfix'>\n\n<style type=\"text\/css\" data-created_by=\"avia_inline_auto\" id=\"style-css-av-oqf3dy-7eb5b775498b1ff667fdb3b4d6b69935\">\n.flex_column.av-oqf3dy-7eb5b775498b1ff667fdb3b4d6b69935{\nborder-width:40px;\nborder-color:#ffffff;\nborder-style:solid;\n}\n<\/style>\n<div  class='flex_column av-oqf3dy-7eb5b775498b1ff667fdb3b4d6b69935 av_one_full  avia-builder-el-1  el_after_av_slideshow_full  el_before_av_hr  avia-builder-el-first  first flex_column_div  '     ><p><section  class='av_textblock_section av-liuu7yqe-81b5c3f2c4253ba7015975e4a5799e7f '   itemscope=\"itemscope\" itemtype=\"https:\/\/schema.org\/CreativeWork\" ><div class='avia_textblock'  itemprop=\"text\" ><p>La ortiga suele conocerse \u00fanicamente como una planta desagradablemente urticante. Los peque\u00f1os pelos de sus hojas y tallos pueden causar un efecto irritante al tocarlos.\u00a0 Por eso, mucha gente se molesta cuando la planta crece como mala hierba en su jard\u00edn.<\/p>\n<p>Sin embargo, en realidad la ortiga tiene muchos superpoderes. La familia de las ortigas es enorme y se encuentra en muchas partes del mundo. Prefieren el suelo h\u00famedo y se encuentran en bosques, campos y bordes de carreteras.<\/p>\n<p>En s\u00ed misma, la planta desempe\u00f1a un papel importante en la naturaleza. Sirve de alimento a varias especies de insectos y es un h\u00e1bitat para las orugas de las mariposas.<\/p>\n<p>Adem\u00e1s, contribuye a la fertilidad del suelo, ya que es rica en nitr\u00f3geno y puede actuar como abono natural.<\/p>\n<p>Pero m\u00e1s all\u00e1 de eso, tambi\u00e9n tiene grandes beneficios para el ser humano. La planta contiene diversos nutrientes, como vitaminas (A, C y K), minerales (hierro, calcio) y prote\u00ednas.<\/p>\n<p>Por sus propiedades beneficiosas, se encuentra en muchos alimentos.<\/p>\n<p>La ortiga se utiliza en sopas, t\u00e9s, batidos y otros platos.<\/p>\n<\/div><\/section><br \/>\n\n<style type=\"text\/css\" data-created_by=\"avia_inline_auto\" id=\"style-css-av-m3y8ty-9e7df2005191afc76da1c166af42ca48\">\n#top .hr.hr-invisible.av-m3y8ty-9e7df2005191afc76da1c166af42ca48{\nheight:70px;\n}\n<\/style>\n<div  class='hr av-m3y8ty-9e7df2005191afc76da1c166af42ca48 hr-invisible  avia-builder-el-3  el_after_av_textblock  el_before_av_image '><span class='hr-inner '><span class=\"hr-inner-style\"><\/span><\/span><\/div><br \/>\n\n<style type=\"text\/css\" data-created_by=\"avia_inline_auto\" id=\"style-css-av-liuumdwy-6033645668f9ca9ebc1783a69512254c\">\n.avia-image-container.av-liuumdwy-6033645668f9ca9ebc1783a69512254c img.avia_image{\nbox-shadow:none;\n}\n.avia-image-container.av-liuumdwy-6033645668f9ca9ebc1783a69512254c .av-image-caption-overlay-center{\ncolor:#ffffff;\n}\n<\/style>\n<div  class='avia-image-container av-liuumdwy-6033645668f9ca9ebc1783a69512254c av-styling- avia-align-center  avia-builder-el-4  el_after_av_hr  el_before_av_hr '   itemprop=\"image\" itemscope=\"itemscope\" itemtype=\"https:\/\/schema.org\/ImageObject\" ><div class=\"avia-image-container-inner\"><div class=\"avia-image-overlay-wrap\"><img decoding=\"async\" class='wp-image-2767 avia-img-lazy-loading-not-2767 avia_image ' src=\"https:\/\/asociacionelrosal.org\/es\/wp-content\/uploads\/2023\/06\/olli-kilpi-U_061EHux2o-unsplash-scaled.jpg\" alt='' title='olli-kilpi-U_061EHux2o-unsplash'  height=\"1707\" width=\"2560\"  itemprop=\"thumbnailUrl\"  \/><\/div><\/div><\/div><br \/>\n\n<style type=\"text\/css\" data-created_by=\"avia_inline_auto\" id=\"style-css-av-23o16e-9fffbf3a01bf3453f71fb1ed8aa999d1\">\n#top .hr.hr-invisible.av-23o16e-9fffbf3a01bf3453f71fb1ed8aa999d1{\nheight:70px;\n}\n<\/style>\n<div  class='hr av-23o16e-9fffbf3a01bf3453f71fb1ed8aa999d1 hr-invisible  avia-builder-el-5  el_after_av_image  el_before_av_heading '><span class='hr-inner '><span class=\"hr-inner-style\"><\/span><\/span><\/div><br \/>\n\n<style type=\"text\/css\" data-created_by=\"avia_inline_auto\" id=\"style-css-av-lk75i8jr-57477bc974c5704ccc81a0ca8156b290\">\n#top .av-special-heading.av-lk75i8jr-57477bc974c5704ccc81a0ca8156b290{\npadding-bottom:10px;\nfont-size:28px;\n}\nbody .av-special-heading.av-lk75i8jr-57477bc974c5704ccc81a0ca8156b290 .av-special-heading-tag .heading-char{\nfont-size:25px;\n}\n#top #wrap_all .av-special-heading.av-lk75i8jr-57477bc974c5704ccc81a0ca8156b290 .av-special-heading-tag{\nfont-size:28px;\n}\n.av-special-heading.av-lk75i8jr-57477bc974c5704ccc81a0ca8156b290 .av-subheading{\nfont-size:15px;\n}\n\n@media only screen and (min-width: 480px) and (max-width: 767px){ \n#top #wrap_all .av-special-heading.av-lk75i8jr-57477bc974c5704ccc81a0ca8156b290 .av-special-heading-tag{\nfont-size:0.8em;\n}\n}\n\n@media only screen and (max-width: 479px){ \n#top #wrap_all .av-special-heading.av-lk75i8jr-57477bc974c5704ccc81a0ca8156b290 .av-special-heading-tag{\nfont-size:0.8em;\n}\n}\n<\/style>\n<div  class='av-special-heading av-lk75i8jr-57477bc974c5704ccc81a0ca8156b290 av-special-heading-h2 blockquote modern-quote modern-centered  avia-builder-el-6  el_after_av_hr  el_before_av_hr  av-inherit-size'><h2 class='av-special-heading-tag'  itemprop=\"headline\"  >Tambi\u00e9n se utiliza en la medicina tradicional desde hace mucho tiempo. Como y porque se utiliza?<\/h2><div class=\"special-heading-border\"><div class=\"special-heading-inner-border\"><\/div><\/div><\/div><br \/>\n\n<style type=\"text\/css\" data-created_by=\"avia_inline_auto\" id=\"style-css-av-av_hr-35d53d7be2491954ac97ecc375137ffb\">\n#top .hr.hr-invisible.av-av_hr-35d53d7be2491954ac97ecc375137ffb{\nheight:15px;\n}\n<\/style>\n<div  class='hr av-av_hr-35d53d7be2491954ac97ecc375137ffb hr-invisible  avia-builder-el-7  el_after_av_heading  el_before_av_textblock '><span class='hr-inner '><span class=\"hr-inner-style\"><\/span><\/span><\/div><br \/>\n<section  class='av_textblock_section av-liuuoedn-1990efc76f621f43bdbbb6f3e5daf5ed '   itemscope=\"itemscope\" itemtype=\"https:\/\/schema.org\/CreativeWork\" ><div class='avia_textblock'  itemprop=\"text\" ><h4><\/h4>\n<ul>\n<li>La ortiga se utilizaba para tratar inflamaciones. Su extracto se aplicaba a menudo externamente en las zonas afectadas para aliviar la hinchaz\u00f3n y el dolor.<\/li>\n<li>En la medicina popular sudamericana, la ortiga se utilizaba para aliviar dolencias reum\u00e1ticas como el dolor articular y la artritis. Para ello, se sol\u00edan utilizar compresas o cataplasmas con hojas de ortiga.<\/li>\n<li>La ortiga tambi\u00e9n se utilizaba para purificar la sangre y favorecer la desintoxicaci\u00f3n del organismo. Se cre\u00eda que ayudaba a eliminar toxinas del cuerpo y a mejorar la salud en general.<\/li>\n<li>La ortiga se utilizaba en la medicina sudamericana para tratar las infecciones urinarias y favorecer la funci\u00f3n renal. Se cre\u00eda que ten\u00eda propiedades diur\u00e9ticas y que pod\u00eda ayudar a limpiar las v\u00edas urinarias.<\/li>\n<li>Aunque pueda parecer contradictorio, la ortiga tambi\u00e9n se utilizaba para aliviar los s\u00edntomas de la alergia. Se supon\u00eda que el contacto con los pelos ardientes de la planta pod\u00eda estimular el sistema inmunitario y reducir la reacci\u00f3n a las sustancias al\u00e9rgicas.<\/li>\n<\/ul>\n<\/div><\/section><\/p><\/div>\n<style type=\"text\/css\" data-created_by=\"avia_inline_auto\" id=\"style-css-av-hckemu-d8d8ff2b757282f5e1c2b8d0000ed1b8\">\n#top .hr.hr-invisible.av-hckemu-d8d8ff2b757282f5e1c2b8d0000ed1b8{\nheight:70px;\n}\n<\/style>\n<div  class='hr av-hckemu-d8d8ff2b757282f5e1c2b8d0000ed1b8 hr-invisible  avia-builder-el-9  el_after_av_one_full  el_before_av_one_half '><span class='hr-inner '><span class=\"hr-inner-style\"><\/span><\/span><\/div><\/p>\n<div  class='flex_column av-fvcol2-5980a84aced94f31953fe4225d887efe av_one_half  avia-builder-el-10  el_after_av_hr  el_before_av_one_half  first flex_column_div  '     ><p>\n<style type=\"text\/css\" data-created_by=\"avia_inline_auto\" id=\"style-css-av-lk75kfzv-156c46f0c04f7b71d45fb03dab35353a\">\n#top .av-special-heading.av-lk75kfzv-156c46f0c04f7b71d45fb03dab35353a{\npadding-bottom:10px;\nfont-size:28px;\n}\nbody .av-special-heading.av-lk75kfzv-156c46f0c04f7b71d45fb03dab35353a .av-special-heading-tag .heading-char{\nfont-size:25px;\n}\n#top #wrap_all .av-special-heading.av-lk75kfzv-156c46f0c04f7b71d45fb03dab35353a .av-special-heading-tag{\nfont-size:28px;\n}\n.av-special-heading.av-lk75kfzv-156c46f0c04f7b71d45fb03dab35353a .av-subheading{\nfont-size:15px;\n}\n\n@media only screen and (min-width: 480px) and (max-width: 767px){ \n#top #wrap_all .av-special-heading.av-lk75kfzv-156c46f0c04f7b71d45fb03dab35353a .av-special-heading-tag{\nfont-size:0.8em;\n}\n}\n\n@media only screen and (max-width: 479px){ \n#top #wrap_all .av-special-heading.av-lk75kfzv-156c46f0c04f7b71d45fb03dab35353a .av-special-heading-tag{\nfont-size:0.8em;\n}\n}\n<\/style>\n<div  class='av-special-heading av-lk75kfzv-156c46f0c04f7b71d45fb03dab35353a av-special-heading-h2 blockquote modern-quote modern-centered  avia-builder-el-11  el_before_av_hr  avia-builder-el-first  av-inherit-size'><h2 class='av-special-heading-tag'  itemprop=\"headline\"  >Tambi\u00e9n utilizamos los beneficios positivos de la ortiga en nuestro champ\u00fa. Propiedades positivas para el cabello:<\/h2><div class=\"special-heading-border\"><div class=\"special-heading-inner-border\"><\/div><\/div><\/div><br \/>\n\n<style type=\"text\/css\" data-created_by=\"avia_inline_auto\" id=\"style-css-av-lk75obrk-a7aa468bd787acd292680f2eb8906296\">\n#top .hr.hr-invisible.av-lk75obrk-a7aa468bd787acd292680f2eb8906296{\nheight:15px;\n}\n<\/style>\n<div  class='hr av-lk75obrk-a7aa468bd787acd292680f2eb8906296 hr-invisible  avia-builder-el-12  el_after_av_heading  el_before_av_textblock '><span class='hr-inner '><span class=\"hr-inner-style\"><\/span><\/span><\/div><br \/>\n<section  class='av_textblock_section av-liuuowue-84d24ff31bf3c219b3c0c49b4650379e '   itemscope=\"itemscope\" itemtype=\"https:\/\/schema.org\/CreativeWork\" ><div class='avia_textblock'  itemprop=\"text\" ><h4><\/h4>\n<ol>\n<li>Crecimiento y fortalecimiento del cabello: la ortiga contiene nutrientes como hierro, silicio, calcio y vitaminas que pueden favorecer el crecimiento del cabello y fortalecer los fol\u00edculos pilosos. As\u00ed, ayuda a fortalecer y revitalizar el cabello fino y d\u00e9bil.<\/li>\n<li>Reducci\u00f3n de la ca\u00edda del cabello: Los ingredientes de la ortiga ayudan a reducir la ca\u00edda del cabello mejorando la circulaci\u00f3n sangu\u00ednea en el cuero cabelludo y fortaleciendo las ra\u00edces del cabello. Esto hace que el cabello est\u00e9 m\u00e1s sano y sea m\u00e1s resistente.<\/li>\n<li>Mejora de la salud del cuero cabelludo: La ortiga tiene propiedades antiinflamatorias y calmantes que ayudan a tratar problemas del cuero cabelludo como la caspa, el picor y el cuero cabelludo graso. Calma el cuero cabelludo, restablece el equilibrio y mejora su salud.<\/li>\n<li>limpieza natural: La ortiga tambi\u00e9n tiene propiedades limpiadoras que ayudan a eliminar el exceso de grasa, suciedad y residuos del cabello y de los productos de peinado. Esto deja el cabello con un aspecto m\u00e1s fresco y limpio.<\/li>\n<li>brillo y suavidad: El uso de productos a base de ortiga da brillo al cabello y lo hace m\u00e1s suave y liso. Esto hace que el pelo sea m\u00e1s f\u00e1cil de peinar y le da un aspecto saludable.<\/li>\n<\/ol>\n<\/div><\/section><\/p><\/div><div  class='flex_column av-ecj37a-b3465ecee8b4218c3dfcf4d11ab24add av_one_half  avia-builder-el-14  el_after_av_one_half  el_before_av_hr  flex_column_div  '     ><p>\n<style type=\"text\/css\" data-created_by=\"avia_inline_auto\" id=\"style-css-av-lk75njcp-023ca4bf4169b9478965246db2dcfb67\">\n#top .hr.hr-invisible.av-lk75njcp-023ca4bf4169b9478965246db2dcfb67{\nheight:113px;\n}\n<\/style>\n<div  class='hr av-lk75njcp-023ca4bf4169b9478965246db2dcfb67 hr-invisible  avia-builder-el-15  el_before_av_image  avia-builder-el-first '><span class='hr-inner '><span class=\"hr-inner-style\"><\/span><\/span><\/div><br \/>\n\n<style type=\"text\/css\" data-created_by=\"avia_inline_auto\" id=\"style-css-av-liuunc3l-a82d0b4d96507e07c0afb835d87b7ece\">\n.avia-image-container.av-liuunc3l-a82d0b4d96507e07c0afb835d87b7ece img.avia_image{\nbox-shadow:none;\n}\n.avia-image-container.av-liuunc3l-a82d0b4d96507e07c0afb835d87b7ece .av-image-caption-overlay-center{\ncolor:#ffffff;\n}\n<\/style>\n<div  class='avia-image-container av-liuunc3l-a82d0b4d96507e07c0afb835d87b7ece av-styling- avia-align-center  avia-builder-el-16  el_after_av_hr  avia-builder-el-last '   itemprop=\"image\" itemscope=\"itemscope\" itemtype=\"https:\/\/schema.org\/ImageObject\" ><div class=\"avia-image-container-inner\"><div class=\"avia-image-overlay-wrap\"><img decoding=\"async\" class='wp-image-2698 avia-img-lazy-loading-not-2698 avia_image ' src=\"https:\/\/asociacionelrosal.org\/es\/wp-content\/uploads\/2023\/06\/P1080852-1030x773.jpg\" alt='' title='P1080852'  height=\"773\" width=\"1030\"  itemprop=\"thumbnailUrl\" srcset=\"https:\/\/asociacionelrosal.org\/es\/wp-content\/uploads\/2023\/06\/P1080852-1030x773.jpg 1030w, https:\/\/asociacionelrosal.org\/es\/wp-content\/uploads\/2023\/06\/P1080852-300x225.jpg 300w, https:\/\/asociacionelrosal.org\/es\/wp-content\/uploads\/2023\/06\/P1080852-768x577.jpg 768w, https:\/\/asociacionelrosal.org\/es\/wp-content\/uploads\/2023\/06\/P1080852-1536x1153.jpg 1536w, https:\/\/asociacionelrosal.org\/es\/wp-content\/uploads\/2023\/06\/P1080852-2048x1538.jpg 2048w, https:\/\/asociacionelrosal.org\/es\/wp-content\/uploads\/2023\/06\/P1080852-1500x1126.jpg 1500w, https:\/\/asociacionelrosal.org\/es\/wp-content\/uploads\/2023\/06\/P1080852-705x529.jpg 705w\" sizes=\"(max-width: 1030px) 100vw, 1030px\" \/><\/div><\/div><\/div><\/p><\/div>\n<style type=\"text\/css\" data-created_by=\"avia_inline_auto\" id=\"style-css-av-189mqe-ac6e85edadfbe13df2038f5387245766\">\n#top .hr.hr-invisible.av-189mqe-ac6e85edadfbe13df2038f5387245766{\nheight:70px;\n}\n<\/style>\n<div  class='hr av-189mqe-ac6e85edadfbe13df2038f5387245766 hr-invisible  avia-builder-el-17  el_after_av_one_half  el_before_av_one_full '><span class='hr-inner '><span class=\"hr-inner-style\"><\/span><\/span><\/div><\/p>\n<div  class='flex_column av-ao7ppy-19896da75e7307153afd5740a270f752 av_one_full  avia-builder-el-18  el_after_av_hr  el_before_av_one_half  first flex_column_div  '     ><p>\n<style type=\"text\/css\" data-created_by=\"avia_inline_auto\" id=\"style-css-av-liuuq5b3-0a5c8572b8c6fba4e46db0920e2b100d\">\n.avia-image-container.av-liuuq5b3-0a5c8572b8c6fba4e46db0920e2b100d img.avia_image{\nbox-shadow:none;\n}\n.avia-image-container.av-liuuq5b3-0a5c8572b8c6fba4e46db0920e2b100d .av-image-caption-overlay-center{\ncolor:#ffffff;\n}\n<\/style>\n<div  class='avia-image-container av-liuuq5b3-0a5c8572b8c6fba4e46db0920e2b100d av-styling- avia-align-center  avia-builder-el-19  el_before_av_hr  avia-builder-el-first '   itemprop=\"image\" itemscope=\"itemscope\" itemtype=\"https:\/\/schema.org\/ImageObject\" ><div class=\"avia-image-container-inner\"><div class=\"avia-image-overlay-wrap\"><img decoding=\"async\" class='wp-image-2702 avia-img-lazy-loading-not-2702 avia_image ' src=\"https:\/\/asociacionelrosal.org\/es\/wp-content\/uploads\/2023\/06\/image00173-1030x773.jpeg\" alt='' title='sdr'  height=\"773\" width=\"1030\"  itemprop=\"thumbnailUrl\" srcset=\"https:\/\/asociacionelrosal.org\/es\/wp-content\/uploads\/2023\/06\/image00173-1030x773.jpeg 1030w, https:\/\/asociacionelrosal.org\/es\/wp-content\/uploads\/2023\/06\/image00173-300x225.jpeg 300w, https:\/\/asociacionelrosal.org\/es\/wp-content\/uploads\/2023\/06\/image00173-768x576.jpeg 768w, https:\/\/asociacionelrosal.org\/es\/wp-content\/uploads\/2023\/06\/image00173-1536x1152.jpeg 1536w, https:\/\/asociacionelrosal.org\/es\/wp-content\/uploads\/2023\/06\/image00173-2048x1536.jpeg 2048w, https:\/\/asociacionelrosal.org\/es\/wp-content\/uploads\/2023\/06\/image00173-1500x1125.jpeg 1500w, https:\/\/asociacionelrosal.org\/es\/wp-content\/uploads\/2023\/06\/image00173-705x529.jpeg 705w\" sizes=\"(max-width: 1030px) 100vw, 1030px\" \/><\/div><\/div><\/div><br \/>\n\n<style type=\"text\/css\" data-created_by=\"avia_inline_auto\" id=\"style-css-av-9er9om-c067b464b68402cfb0f1ce4adeb2abce\">\n#top .hr.hr-invisible.av-9er9om-c067b464b68402cfb0f1ce4adeb2abce{\nheight:50px;\n}\n<\/style>\n<div  class='hr av-9er9om-c067b464b68402cfb0f1ce4adeb2abce hr-invisible  avia-builder-el-20  el_after_av_image  el_before_av_textblock '><span class='hr-inner '><span class=\"hr-inner-style\"><\/span><\/span><\/div><br \/>\n<section  class='av_textblock_section av-liuuqpbm-dee6887cc29aeb5d3e4832e0ab1a9bdd '   itemscope=\"itemscope\" itemtype=\"https:\/\/schema.org\/CreativeWork\" ><div class='avia_textblock'  itemprop=\"text\" ><p>En nuestros champ\u00fas utilizamos la ortiga como infusion. Tiene numerosas ventajas para nosotros.<br \/>\nSi quieres saber m\u00e1s, aqu\u00ed tienes algunos estudios sobre las propiedades de la ortiga.<\/p>\n<p><a href=\"https:\/\/pubmed.ncbi.nlm.nih.gov\/35800714\/\">https:\/\/pubmed.ncbi.nlm.nih.gov\/35800714\/<\/a> &#8211; Estudio sobre la visi\u00f3n general de las propiedades positivas de la ortiga.<\/p>\n<p><a href=\"https:\/\/pubmed.ncbi.nlm.nih.gov\/36014458\/\">https:\/\/pubmed.ncbi.nlm.nih.gov\/36014458\/<\/a> &#8211; Estudio sobre las propiedades qu\u00edmicas que hacen que la ortiga sea tan popular.<\/p>\n<p><a href=\"https:\/\/pubmed.ncbi.nlm.nih.gov\/30000836\/\">https:\/\/pubmed.ncbi.nlm.nih.gov\/30000836\/<\/a> &#8211; Estudio sobre la prevenci\u00f3n de enfermedades en mujeres embarazadas.<\/p>\n<\/div><\/section><\/p><\/div>\n<div  class='flex_column av-84atcm-71b9ade3ab8acee864cfb8f99175d27f av_one_half  avia-builder-el-22  el_after_av_one_full  el_before_av_one_half  first flex_column_div  column-top-margin'     ><div  class='avia-button-wrap av-59n1ie-3c242d04b8a22cf50f344f7370850657-wrap avia-button-center  avia-builder-el-23  avia-builder-el-no-sibling '>\n<style type=\"text\/css\" data-created_by=\"avia_inline_auto\" id=\"style-css-av-59n1ie-3c242d04b8a22cf50f344f7370850657\">\n#top #wrap_all .avia-button.av-59n1ie-3c242d04b8a22cf50f344f7370850657{\nfont-size:18px;\n-webkit-transition:all 0.4s ease-in-out;\n-moz-transition:all 0.4s ease-in-out;\n-ms-transition:all 0.4s ease-in-out;\n-o-transition:all 0.4s ease-in-out;\ntransition:all 0.4s ease-in-out;\n}\n<\/style>\n<a href='https:\/\/asociacionelrosal.org\/es\/ingredientes\/'  class='avia-button av-59n1ie-3c242d04b8a22cf50f344f7370850657 avia-icon_select-yes-left-icon avia-size-x-large avia-position-center avia-color-theme-color'  ><span class='avia_button_icon avia_button_icon_left' aria-hidden='true' data-av_icon='\ue893' data-av_iconfont='entypo-fontello'><\/span><span class='avia_iconbox_title' >Ver a otros ingredientes<\/span><\/a><\/div><\/div>\n<div  class='flex_column av-4wpi92-039182e54f970241270621b8d637bade av_one_half  avia-builder-el-24  el_after_av_one_half  avia-builder-el-last  flex_column_div  column-top-margin'     ><div  class='avia-button-wrap av-1uwbfq-3378572f79dd3d85ccff8e47e8fdffc6-wrap avia-button-center  avia-builder-el-25  avia-builder-el-no-sibling '>\n<style type=\"text\/css\" data-created_by=\"avia_inline_auto\" id=\"style-css-av-1uwbfq-3378572f79dd3d85ccff8e47e8fdffc6\">\n#top #wrap_all .avia-button.av-1uwbfq-3378572f79dd3d85ccff8e47e8fdffc6{\nfont-size:18px;\n-webkit-transition:all 0.4s ease-in-out;\n-moz-transition:all 0.4s ease-in-out;\n-ms-transition:all 0.4s ease-in-out;\n-o-transition:all 0.4s ease-in-out;\ntransition:all 0.4s ease-in-out;\n}\n<\/style>\n<a href='https:\/\/asociacionelrosal.org\/es\/nuestros-productos\/'  class='avia-button av-1uwbfq-3378572f79dd3d85ccff8e47e8fdffc6 avia-icon_select-yes-right-icon avia-size-x-large avia-position-center avia-color-theme-color'  ><span class='avia_iconbox_title' >Ver a nuestros productos<\/span><span class='avia_button_icon avia_button_icon_right' aria-hidden='true' data-av_icon='\ue892' data-av_iconfont='entypo-fontello'><\/span><\/a><\/div><\/div>\n","protected":false},"excerpt":{"rendered":"","protected":false},"author":3,"featured_media":0,"parent":0,"menu_order":0,"comment_status":"closed","ping_status":"closed","template":"","meta":{"footnotes":""},"class_list":["post-2470","page","type-page","status-publish","hentry"],"jetpack_sharing_enabled":true,"_links":{"self":[{"href":"https:\/\/asociacionelrosal.org\/es\/wp-json\/wp\/v2\/pages\/2470","targetHints":{"allow":["GET"]}}],"collection":[{"href":"https:\/\/asociacionelrosal.org\/es\/wp-json\/wp\/v2\/pages"}],"about":[{"href":"https:\/\/asociacionelrosal.org\/es\/wp-json\/wp\/v2\/types\/page"}],"author":[{"embeddable":true,"href":"https:\/\/asociacionelrosal.org\/es\/wp-json\/wp\/v2\/users\/3"}],"replies":[{"embeddable":true,"href":"https:\/\/asociacionelrosal.org\/es\/wp-json\/wp\/v2\/comments?post=2470"}],"version-history":[{"count":7,"href":"https:\/\/asociacionelrosal.org\/es\/wp-json\/wp\/v2\/pages\/2470\/revisions"}],"predecessor-version":[{"id":3300,"href":"https:\/\/asociacionelrosal.org\/es\/wp-json\/wp\/v2\/pages\/2470\/revisions\/3300"}],"wp:attachment":[{"href":"https:\/\/asociacionelrosal.org\/es\/wp-json\/wp\/v2\/media?parent=2470"}],"curies":[{"name":"wp","href":"https:\/\/api.w.org\/{rel}","templated":true}]}}