{"id":2472,"date":"2023-05-24T20:27:50","date_gmt":"2023-05-24T20:27:50","guid":{"rendered":"https:\/\/asociacionelrosal.org\/es\/?page_id=2472"},"modified":"2023-07-17T17:49:09","modified_gmt":"2023-07-17T17:49:09","slug":"etiqueta-de-cana","status":"publish","type":"page","link":"https:\/\/asociacionelrosal.org\/es\/etiqueta-de-cana\/","title":{"rendered":"Etiqueta de Ca\u00f1a"},"content":{"rendered":"<div id='full_slider_1'  class='avia-fullwidth-slider main_color avia-shadow   avia-builder-el-0  el_before_av_textblock  avia-builder-el-first   container_wrap fullsize'  >\n<style type=\"text\/css\" data-created_by=\"avia_inline_auto\" id=\"style-css-av-liuimex3-ad185db43cc8773c11c0774ee52a23ce\">\n#top #wrap_all .avia-slideshow .av-slideshow-caption.av-liuimex3-ad185db43cc8773c11c0774ee52a23ce__0 .avia-caption-title{\nfont-size:40px;\n}\n#top .avia-slideshow .av-slideshow-caption.av-liuimex3-ad185db43cc8773c11c0774ee52a23ce__0 .avia-caption-content{\nfont-size:22px;\n}\n#top .avia-slideshow .av-slideshow-caption.av-liuimex3-ad185db43cc8773c11c0774ee52a23ce__0 .avia-caption-content p{\nfont-size:22px;\n}\n<\/style>\n<div  class='avia-slideshow av-liuimex3-ad185db43cc8773c11c0774ee52a23ce avia-slideshow-featured av_slideshow_full avia-slide-slider av-slideshow-ui av-control-default av-slideshow-manual av-loop-once av-loop-manual-endless av-default-height-applied   avia-slideshow-1' data-slideshow-options=\"{&quot;animation&quot;:&quot;slide&quot;,&quot;autoplay&quot;:false,&quot;loop_autoplay&quot;:&quot;once&quot;,&quot;interval&quot;:5,&quot;loop_manual&quot;:&quot;manual-endless&quot;,&quot;autoplay_stopper&quot;:false,&quot;noNavigation&quot;:false,&quot;bg_slider&quot;:false,&quot;keep_padding&quot;:false,&quot;hoverpause&quot;:false,&quot;show_slide_delay&quot;:0}\"  itemprop=\"image\" itemscope=\"itemscope\" itemtype=\"https:\/\/schema.org\/ImageObject\" ><ul class='avia-slideshow-inner ' style='padding-bottom: 29.778393351801%;'><li  class='avia-slideshow-slide av-liuimex3-ad185db43cc8773c11c0774ee52a23ce__0  av-single-slide slide-1 slide-odd'><div data-rel='slideshow-1' class='avia-slide-wrap '   ><div class='av-slideshow-caption av-liuimex3-ad185db43cc8773c11c0774ee52a23ce__0 caption_fullwidth caption_bottom caption_bottom_framed caption_framed'><div class=\"container caption_container\"><div class=\"slideshow_caption\"><div class=\"slideshow_inner_caption\"><div class=\"slideshow_align_caption\"><h2 class='avia-caption-title '  itemprop=\"name\" >Etiqueta de Ca\u00f1a - El papel mucho mejor<\/h2><div class='avia-caption-content '  itemprop=\"description\" ><p>Tambien tenemos que ver donde podemos cuidar la naturaleza afuera de nuestros productos!<\/p>\n<\/div><\/div><\/div><\/div><\/div><\/div><img decoding=\"async\" class=\"wp-image-2688 avia-img-lazy-loading-not-2688\"  src=\"https:\/\/asociacionelrosal.org\/es\/wp-content\/uploads\/2023\/06\/20230613_085539-2-1444x430.jpg\" width=\"1444\" height=\"430\" title='20230613_085539' alt=''  itemprop=\"thumbnailUrl\"   \/><\/div><\/li><\/ul><\/div><\/div><div id='after_full_slider_1'  class='main_color av_default_container_wrap container_wrap fullsize'  ><div class='container av-section-cont-open' ><div class='template-page content  av-content-full alpha units'><div class='post-entry post-entry-type-page post-entry-2472'><div class='entry-content-wrapper clearfix'>\n<section  class='av_textblock_section av-liuiowtv-26fe61557a608ea3f5f577620df3cc41 '   itemscope=\"itemscope\" itemtype=\"https:\/\/schema.org\/CreativeWork\" ><div class='avia_textblock'  itemprop=\"text\" ><p>Hemos aprendido que un<em><strong> producto sostenible<\/strong><\/em> es mucho m\u00e1s que un proceso de fabricaci\u00f3n natural y buenos ingredientes.<em><strong> El envasado de los productos tambi\u00e9n puede mejorarse en comparaci\u00f3n con los productos cosm\u00e9ticos convencionales.<\/strong><\/em><\/p>\n<p>Nos hemos tomado esto muy en serio y hemos cambiado nuestra etiqueta. En lugar de papel normal, <em><strong>est\u00e1n hechas de papel de ca\u00f1a de az\u00facar<\/strong><\/em>. Tambi\u00e9n llamado bagazo, el papel se fabrica a partir de las fibras de la ca\u00f1a de az\u00facar una vez exprimido el jugo. Un aut\u00e9ntico residuo se utiliza para un buen fin.<\/p>\n<\/div><\/section>\n\n<style type=\"text\/css\" data-created_by=\"avia_inline_auto\" id=\"style-css-av-liuj2gci-441b7cdb4a86aabbb9a3ccfce13d0e24\">\n#top .hr.hr-invisible.av-liuj2gci-441b7cdb4a86aabbb9a3ccfce13d0e24{\nheight:70px;\n}\n<\/style>\n<div  class='hr av-liuj2gci-441b7cdb4a86aabbb9a3ccfce13d0e24 hr-invisible  avia-builder-el-2  el_after_av_textblock  el_before_av_image '><span class='hr-inner '><span class=\"hr-inner-style\"><\/span><\/span><\/div>\n\n<style type=\"text\/css\" data-created_by=\"avia_inline_auto\" id=\"style-css-av-liuitnh3-399f3c8f91e8d0bb0d83dfa9660c108a\">\n.avia-image-container.av-liuitnh3-399f3c8f91e8d0bb0d83dfa9660c108a img.avia_image{\nbox-shadow:none;\n}\n.avia-image-container.av-liuitnh3-399f3c8f91e8d0bb0d83dfa9660c108a .av-image-caption-overlay-center{\ncolor:#ffffff;\n}\n<\/style>\n<div  class='avia-image-container av-liuitnh3-399f3c8f91e8d0bb0d83dfa9660c108a av-styling- avia-align-center  avia-builder-el-3  el_after_av_hr  el_before_av_hr '   itemprop=\"image\" itemscope=\"itemscope\" itemtype=\"https:\/\/schema.org\/ImageObject\" ><div class=\"avia-image-container-inner\"><div class=\"avia-image-overlay-wrap\"><img decoding=\"async\" class='wp-image-2730 avia-img-lazy-loading-not-2730 avia_image ' src=\"https:\/\/asociacionelrosal.org\/es\/wp-content\/uploads\/2023\/06\/P1080831-1-1030x773.jpg\" alt='' title='P1080831'  height=\"773\" width=\"1030\"  itemprop=\"thumbnailUrl\" srcset=\"https:\/\/asociacionelrosal.org\/es\/wp-content\/uploads\/2023\/06\/P1080831-1-1030x773.jpg 1030w, https:\/\/asociacionelrosal.org\/es\/wp-content\/uploads\/2023\/06\/P1080831-1-300x225.jpg 300w, https:\/\/asociacionelrosal.org\/es\/wp-content\/uploads\/2023\/06\/P1080831-1-768x577.jpg 768w, https:\/\/asociacionelrosal.org\/es\/wp-content\/uploads\/2023\/06\/P1080831-1-1536x1153.jpg 1536w, https:\/\/asociacionelrosal.org\/es\/wp-content\/uploads\/2023\/06\/P1080831-1-2048x1538.jpg 2048w, https:\/\/asociacionelrosal.org\/es\/wp-content\/uploads\/2023\/06\/P1080831-1-1500x1126.jpg 1500w, https:\/\/asociacionelrosal.org\/es\/wp-content\/uploads\/2023\/06\/P1080831-1-705x529.jpg 705w\" sizes=\"(max-width: 1030px) 100vw, 1030px\" \/><\/div><\/div><\/div>\n\n<style type=\"text\/css\" data-created_by=\"avia_inline_auto\" id=\"style-css-av-1x11s8-1c32f7e9ec11b9987ff16427472cda6b\">\n#top .hr.hr-invisible.av-1x11s8-1c32f7e9ec11b9987ff16427472cda6b{\nheight:70px;\n}\n<\/style>\n<div  class='hr av-1x11s8-1c32f7e9ec11b9987ff16427472cda6b hr-invisible  avia-builder-el-4  el_after_av_image  el_before_av_heading '><span class='hr-inner '><span class=\"hr-inner-style\"><\/span><\/span><\/div>\n\n<style type=\"text\/css\" data-created_by=\"avia_inline_auto\" id=\"style-css-av-lk75t71w-a4b9ac333136ef91f9d1d76a69e66f82\">\n#top .av-special-heading.av-lk75t71w-a4b9ac333136ef91f9d1d76a69e66f82{\npadding-bottom:10px;\nfont-size:45px;\n}\nbody .av-special-heading.av-lk75t71w-a4b9ac333136ef91f9d1d76a69e66f82 .av-special-heading-tag .heading-char{\nfont-size:25px;\n}\n#top #wrap_all .av-special-heading.av-lk75t71w-a4b9ac333136ef91f9d1d76a69e66f82 .av-special-heading-tag{\nfont-size:45px;\n}\n.av-special-heading.av-lk75t71w-a4b9ac333136ef91f9d1d76a69e66f82 .av-subheading{\nfont-size:15px;\n}\n\n@media only screen and (min-width: 480px) and (max-width: 767px){ \n#top #wrap_all .av-special-heading.av-lk75t71w-a4b9ac333136ef91f9d1d76a69e66f82 .av-special-heading-tag{\nfont-size:0.8em;\n}\n}\n\n@media only screen and (max-width: 479px){ \n#top #wrap_all .av-special-heading.av-lk75t71w-a4b9ac333136ef91f9d1d76a69e66f82 .av-special-heading-tag{\nfont-size:0.8em;\n}\n}\n<\/style>\n<div  class='av-special-heading av-lk75t71w-a4b9ac333136ef91f9d1d76a69e66f82 av-special-heading-h2 blockquote modern-quote modern-centered  avia-builder-el-5  el_after_av_hr  el_before_av_hr  av-inherit-size'><h2 class='av-special-heading-tag'  itemprop=\"headline\"  >El bagazo tambi\u00e9n tiene otras ventajas:<\/h2><div class=\"special-heading-border\"><div class=\"special-heading-inner-border\"><\/div><\/div><\/div>\n\n<style type=\"text\/css\" data-created_by=\"avia_inline_auto\" id=\"style-css-av-lk75s30w-adc32ebc3ed4b3d6c19007e3f4ae0d30\">\n#top .hr.hr-invisible.av-lk75s30w-adc32ebc3ed4b3d6c19007e3f4ae0d30{\nheight:20px;\n}\n<\/style>\n<div  class='hr av-lk75s30w-adc32ebc3ed4b3d6c19007e3f4ae0d30 hr-invisible  avia-builder-el-6  el_after_av_heading  el_before_av_textblock '><span class='hr-inner '><span class=\"hr-inner-style\"><\/span><\/span><\/div>\n<section  class='av_textblock_section av-liuiur85-ce7877ed8e9f7957b146d737b2ef4272 '   itemscope=\"itemscope\" itemtype=\"https:\/\/schema.org\/CreativeWork\" ><div class='avia_textblock'  itemprop=\"text\" ><h4><\/h4>\n<ol>\n<li><em><strong>La ca\u00f1a de az\u00facar es un recurso renovable.<\/strong><\/em> Crece mucho m\u00e1s r\u00e1pido que la madera. Por tanto, es m\u00e1s sostenible <em><strong>utilizar las fibras de la ca\u00f1a<\/strong><\/em> de az\u00facar que talar \u00e1rboles.<\/li>\n<li>La producci\u00f3n de papel de ca\u00f1a de az\u00facar es mucho m\u00e1s eficiente. <em><strong>Se utiliza menos agua<\/strong><\/em> y menos energ\u00eda en comparaci\u00f3n con la producci\u00f3n de papel tradicional.<\/li>\n<li><em><strong>el papel fabricado con ca\u00f1a de az\u00facar es biodegradable.<\/strong><\/em> Se descompone con el tiempo. Por lo tanto, no causa ning\u00fan da\u00f1o como residuo.<\/li>\n<li>Adem\u00e1s de las ventajas medioambientales, el bagazo tambi\u00e9n tiene ventajas cualitativas. Es un papel de alta calidad y adecuado para imprimir etiquetas, embalajes, etc. &#8230;.<\/li>\n<\/ol>\n<\/div><\/section>\n<section  class='av_textblock_section av-liuj1zag-985e6976dc0a24b38eda0709cdbc2c04 '   itemscope=\"itemscope\" itemtype=\"https:\/\/schema.org\/CreativeWork\" ><div class='avia_textblock'  itemprop=\"text\" ><p>Como ves, incluso con peque\u00f1as cosas, como las etiquetas de los productos, puedes hacer un favor al medio ambiente. Por eso queremos optimizarnos constantemente para no hacer ning\u00fan da\u00f1o.<\/p>\n<p>Como a\u00fan no hemos encontrado una alternativa adecuada para algunas cosas, siempre <em><strong>agradecemos consejos y sugerencias sobre c\u00f3mo producir de forma a\u00fan\u00a0m\u00e1s\u00a0sostenible.<\/strong><\/em><\/p>\n<\/div><\/section>\n<div  class='flex_column av-3no2c8-9bf65633a16b06a31c2a53d1c3212bfa av_one_half  avia-builder-el-9  el_after_av_textblock  el_before_av_one_half  first flex_column_div  column-top-margin'     ><div  class='avia-button-wrap av-liujbk08-cc4d52000fe35157ac1af4ccc82ff7fd-wrap avia-button-center  avia-builder-el-10  avia-builder-el-no-sibling '>\n<style type=\"text\/css\" data-created_by=\"avia_inline_auto\" id=\"style-css-av-liujbk08-cc4d52000fe35157ac1af4ccc82ff7fd\">\n#top #wrap_all .avia-button.av-liujbk08-cc4d52000fe35157ac1af4ccc82ff7fd{\nfont-size:16px;\n-webkit-transition:all 0.4s ease-in-out;\n-moz-transition:all 0.4s ease-in-out;\n-ms-transition:all 0.4s ease-in-out;\n-o-transition:all 0.4s ease-in-out;\ntransition:all 0.4s ease-in-out;\n}\n<\/style>\n<a href='https:\/\/asociacionelrosal.org\/es\/ingredientes\/'  class='avia-button av-liujbk08-cc4d52000fe35157ac1af4ccc82ff7fd avia-icon_select-yes-left-icon avia-size-x-large avia-position-center avia-color-theme-color'  ><span class='avia_button_icon avia_button_icon_left' aria-hidden='true' data-av_icon='\ue893' data-av_iconfont='entypo-fontello'><\/span><span class='avia_iconbox_title' >Saber mas sobre los otros ingredientes<\/span><\/a><\/div><\/div>\n<div  class='flex_column av-2zgkvs-46ea639f1c9432beda090ed23f548f87 av_one_half  avia-builder-el-11  el_after_av_one_half  avia-builder-el-last  flex_column_div  column-top-margin'     ><div  class='avia-button-wrap av-liujcl7g-5eb60b5b4e1abc3b6971a8cbae30429a-wrap avia-button-center  avia-builder-el-12  avia-builder-el-no-sibling '>\n<style type=\"text\/css\" data-created_by=\"avia_inline_auto\" id=\"style-css-av-liujcl7g-5eb60b5b4e1abc3b6971a8cbae30429a\">\n#top #wrap_all .avia-button.av-liujcl7g-5eb60b5b4e1abc3b6971a8cbae30429a{\nfont-size:16px;\n-webkit-transition:all 0.4s ease-in-out;\n-moz-transition:all 0.4s ease-in-out;\n-ms-transition:all 0.4s ease-in-out;\n-o-transition:all 0.4s ease-in-out;\ntransition:all 0.4s ease-in-out;\n}\n<\/style>\n<a href='https:\/\/asociacionelrosal.org\/es\/jabones-de-aloe-vera\/'  class='avia-button av-liujcl7g-5eb60b5b4e1abc3b6971a8cbae30429a avia-icon_select-yes-right-icon avia-size-x-large avia-position-center avia-color-theme-color'  ><span class='avia_iconbox_title' >Ver nuestros jabones<\/span><span class='avia_button_icon avia_button_icon_right' aria-hidden='true' data-av_icon='\ue892' data-av_iconfont='entypo-fontello'><\/span><\/a><\/div><\/div>\n","protected":false},"excerpt":{"rendered":"","protected":false},"author":3,"featured_media":0,"parent":0,"menu_order":0,"comment_status":"closed","ping_status":"closed","template":"","meta":{"footnotes":""},"class_list":["post-2472","page","type-page","status-publish","hentry"],"jetpack_sharing_enabled":true,"_links":{"self":[{"href":"https:\/\/asociacionelrosal.org\/es\/wp-json\/wp\/v2\/pages\/2472","targetHints":{"allow":["GET"]}}],"collection":[{"href":"https:\/\/asociacionelrosal.org\/es\/wp-json\/wp\/v2\/pages"}],"about":[{"href":"https:\/\/asociacionelrosal.org\/es\/wp-json\/wp\/v2\/types\/page"}],"author":[{"embeddable":true,"href":"https:\/\/asociacionelrosal.org\/es\/wp-json\/wp\/v2\/users\/3"}],"replies":[{"embeddable":true,"href":"https:\/\/asociacionelrosal.org\/es\/wp-json\/wp\/v2\/comments?post=2472"}],"version-history":[{"count":6,"href":"https:\/\/asociacionelrosal.org\/es\/wp-json\/wp\/v2\/pages\/2472\/revisions"}],"predecessor-version":[{"id":3302,"href":"https:\/\/asociacionelrosal.org\/es\/wp-json\/wp\/v2\/pages\/2472\/revisions\/3302"}],"wp:attachment":[{"href":"https:\/\/asociacionelrosal.org\/es\/wp-json\/wp\/v2\/media?parent=2472"}],"curies":[{"name":"wp","href":"https:\/\/api.w.org\/{rel}","templated":true}]}}