{"id":3303,"date":"2023-07-17T17:55:54","date_gmt":"2023-07-17T17:55:54","guid":{"rendered":"https:\/\/asociacionelrosal.org\/es\/?page_id=3303"},"modified":"2023-08-03T22:28:32","modified_gmt":"2023-08-03T22:28:32","slug":"hierba-luisa","status":"publish","type":"page","link":"https:\/\/asociacionelrosal.org\/es\/hierba-luisa\/","title":{"rendered":"Hierba Luisa"},"content":{"rendered":"<div id='full_slider_1'  class='avia-fullwidth-slider main_color avia-shadow   avia-builder-el-0  el_before_av_one_full  avia-builder-el-first   container_wrap fullsize'  >\n<style type=\"text\/css\" data-created_by=\"avia_inline_auto\" id=\"style-css-av-lk75wb11-e35f1186c83485b8ec002f30be7a9328\">\n#top #wrap_all .avia-slideshow .av-slideshow-caption.av-lk75wb11-e35f1186c83485b8ec002f30be7a9328__0 .avia-caption-title{\nfont-size:40px;\n}\n#top .avia-slideshow .av-slideshow-caption.av-lk75wb11-e35f1186c83485b8ec002f30be7a9328__0 .avia-caption-content{\nfont-size:22px;\n}\n#top .avia-slideshow .av-slideshow-caption.av-lk75wb11-e35f1186c83485b8ec002f30be7a9328__0 .avia-caption-content p{\nfont-size:22px;\n}\n<\/style>\n<div  class='avia-slideshow av-lk75wb11-e35f1186c83485b8ec002f30be7a9328 avia-slideshow-featured av_slideshow_full avia-slide-slider av-slideshow-ui av-control-default av-slideshow-manual av-loop-once av-loop-manual-endless av-default-height-applied   avia-slideshow-1' data-slideshow-options=\"{&quot;animation&quot;:&quot;slide&quot;,&quot;autoplay&quot;:false,&quot;loop_autoplay&quot;:&quot;once&quot;,&quot;interval&quot;:5,&quot;loop_manual&quot;:&quot;manual-endless&quot;,&quot;autoplay_stopper&quot;:false,&quot;noNavigation&quot;:false,&quot;bg_slider&quot;:false,&quot;keep_padding&quot;:false,&quot;hoverpause&quot;:false,&quot;show_slide_delay&quot;:0}\"  itemprop=\"image\" itemscope=\"itemscope\" itemtype=\"https:\/\/schema.org\/ImageObject\" ><ul class='avia-slideshow-inner ' style='padding-bottom: 36.607142857143%;'><li  class='avia-slideshow-slide av-lk75wb11-e35f1186c83485b8ec002f30be7a9328__0  av-single-slide slide-1 slide-odd'><div data-rel='slideshow-1' class='avia-slide-wrap '   ><div class='av-slideshow-caption av-lk75wb11-e35f1186c83485b8ec002f30be7a9328__0 caption_fullwidth caption_bottom caption_bottom_framed caption_framed'><div class=\"container caption_container\"><div class=\"slideshow_caption\"><div class=\"slideshow_inner_caption\"><div class=\"slideshow_align_caption\"><h2 class='avia-caption-title '  itemprop=\"name\" >Hierba Luisa - El todoterreno refrescante de Ecuador<\/h2><div class='avia-caption-content '  itemprop=\"description\" ><p>La Hierba utilizamos en el jabon. Todos las familias tienen plantas porque les tomamoms casi cada dia en nuestros aquas aromaticas.<\/p>\n<\/div><\/div><\/div><\/div><\/div><\/div><img decoding=\"async\" class=\"wp-image-3269 avia-img-lazy-loading-not-3269\"  src=\"https:\/\/asociacionelrosal.org\/es\/wp-content\/uploads\/2023\/07\/hierbaaaaa-1.jpg\" width=\"448\" height=\"164\" title='hierbaaaaa' alt=''  itemprop=\"thumbnailUrl\" srcset=\"https:\/\/asociacionelrosal.org\/es\/wp-content\/uploads\/2023\/07\/hierbaaaaa-1.jpg 448w, https:\/\/asociacionelrosal.org\/es\/wp-content\/uploads\/2023\/07\/hierbaaaaa-1-300x110.jpg 300w\" sizes=\"(max-width: 448px) 100vw, 448px\" \/><\/div><\/li><\/ul><\/div><\/div><div id='after_full_slider_1'  class='main_color av_default_container_wrap container_wrap fullsize'  ><div class='container av-section-cont-open' ><div class='template-page content  av-content-full alpha units'><div class='post-entry post-entry-type-page post-entry-3303'><div class='entry-content-wrapper clearfix'>\n\n<style type=\"text\/css\" data-created_by=\"avia_inline_auto\" id=\"style-css-av-qx6z2v-c9030e686150169a6706306ba33315d4\">\n.flex_column.av-qx6z2v-c9030e686150169a6706306ba33315d4{\nborder-width:40px;\nborder-color:#ffffff;\nborder-style:solid;\n}\n<\/style>\n<div  class='flex_column av-qx6z2v-c9030e686150169a6706306ba33315d4 av_one_full  avia-builder-el-1  el_after_av_slideshow_full  el_before_av_hr  avia-builder-el-first  first flex_column_div  '     ><p><section  class='av_textblock_section av-lk75xvc0-52684e6c45df0f65c1e0bc80bdb7aa10 '   itemscope=\"itemscope\" itemtype=\"https:\/\/schema.org\/CreativeWork\" ><div class='avia_textblock'  itemprop=\"text\" ><p>La Hierba Luisa, tambi\u00e9n conocida en Europa en parte con otros nombres, es una planta perenne de la familia de las verbenas. La planta es originaria de Sudam\u00e9rica, pero actualmente se cultiva en todo el mundo. La Hierba Luisa es una planta perfumada y muy arom\u00e1tica. No es raro que se la describa como una planta hermosa y curativa que puede sanar y nutrir tanto el cuerpo como la mente. A muchas personas les produce una sensaci\u00f3n de calma y relajaci\u00f3n.<\/p>\n<\/div><\/section><br \/>\n\n<style type=\"text\/css\" data-created_by=\"avia_inline_auto\" id=\"style-css-av-q8vug7-ac2659ad5fae2037a5629a0da06e8043\">\n#top .hr.hr-invisible.av-q8vug7-ac2659ad5fae2037a5629a0da06e8043{\nheight:70px;\n}\n<\/style>\n<div  class='hr av-q8vug7-ac2659ad5fae2037a5629a0da06e8043 hr-invisible  avia-builder-el-3  el_after_av_textblock  el_before_av_image '><span class='hr-inner '><span class=\"hr-inner-style\"><\/span><\/span><\/div><br \/>\n\n<style type=\"text\/css\" data-created_by=\"avia_inline_auto\" id=\"style-css-av-lk75z91p-eb811a9e8193e179de8669fdcaed7e53\">\n.avia-image-container.av-lk75z91p-eb811a9e8193e179de8669fdcaed7e53 img.avia_image{\nbox-shadow:none;\n}\n.avia-image-container.av-lk75z91p-eb811a9e8193e179de8669fdcaed7e53 .av-image-caption-overlay-center{\ncolor:#ffffff;\n}\n<\/style>\n<div  class='avia-image-container av-lk75z91p-eb811a9e8193e179de8669fdcaed7e53 av-styling- avia-align-center  avia-builder-el-4  el_after_av_hr  el_before_av_hr '   itemprop=\"image\" itemscope=\"itemscope\" itemtype=\"https:\/\/schema.org\/ImageObject\" ><div class=\"avia-image-container-inner\"><div class=\"avia-image-overlay-wrap\"><img decoding=\"async\" class='wp-image-3255 avia-img-lazy-loading-not-3255 avia_image ' src=\"https:\/\/asociacionelrosal.org\/es\/wp-content\/uploads\/2023\/07\/hierba-luisa.jpg\" alt='' title='hierba-luisa'  height=\"500\" width=\"500\"  itemprop=\"thumbnailUrl\" srcset=\"https:\/\/asociacionelrosal.org\/es\/wp-content\/uploads\/2023\/07\/hierba-luisa.jpg 500w, https:\/\/asociacionelrosal.org\/es\/wp-content\/uploads\/2023\/07\/hierba-luisa-300x300.jpg 300w, https:\/\/asociacionelrosal.org\/es\/wp-content\/uploads\/2023\/07\/hierba-luisa-80x80.jpg 80w, https:\/\/asociacionelrosal.org\/es\/wp-content\/uploads\/2023\/07\/hierba-luisa-36x36.jpg 36w, https:\/\/asociacionelrosal.org\/es\/wp-content\/uploads\/2023\/07\/hierba-luisa-180x180.jpg 180w\" sizes=\"(max-width: 500px) 100vw, 500px\" \/><\/div><\/div><\/div><br \/>\n\n<style type=\"text\/css\" data-created_by=\"avia_inline_auto\" id=\"style-css-av-oc3f7r-e703276eb480d10d1d7d95371f1f8b14\">\n#top .hr.hr-invisible.av-oc3f7r-e703276eb480d10d1d7d95371f1f8b14{\nheight:70px;\n}\n<\/style>\n<div  class='hr av-oc3f7r-e703276eb480d10d1d7d95371f1f8b14 hr-invisible  avia-builder-el-5  el_after_av_image  el_before_av_textblock '><span class='hr-inner '><span class=\"hr-inner-style\"><\/span><\/span><\/div><br \/>\n<section  class='av_textblock_section av-lk7604cw-e99260716ad172f1f82c3ea589fe448e '   itemscope=\"itemscope\" itemtype=\"https:\/\/schema.org\/CreativeWork\" ><div class='avia_textblock'  itemprop=\"text\" ><p>No es de extra\u00f1ar, pues, que tenga usos tan diversos.<\/p>\n<p>En la cultura ind\u00edgena de Sudam\u00e9rica, se utiliza principalmente con fines medicinales.<\/p>\n<p><em><strong>Se suele consumir en infusi\u00f3n y sus propiedades antimicrobianas ayudan a aliviar dolencias estomacales e intestinales, problemas digestivos y calambres abdominales<\/strong><\/em>.<\/p>\n<p><em><strong>Junto con sus propiedades antiinflamatorias, tambi\u00e9n es muy eficaz contra los resfriados, la gripe y otras enfermedades causadas por la inflamaci\u00f3n.<\/strong><\/em><\/p>\n<p>La Hierba Luisa tambi\u00e9n se considera una planta antiespasm\u00f3dica, lo que significa que puede utilizarse como paliativo natural de los problemas menstruales.<\/p>\n<p>Adem\u00e1s, se dice que la planta previene enfermedades cr\u00f3nicas como el c\u00e1ncer y las cardiopat\u00edas gracias a sus propiedades antioxidantes.<\/p>\n<p>Adem\u00e1s, la Hierba Luisa se ha utilizado para tratar la ansiedad, el estr\u00e9s y los trastornos del sue\u00f1o. La Hierba Luisa induce una sensaci\u00f3n de calma y relajaci\u00f3n en el consumidor.<\/p>\n<p>En otras partes del mundo, la hierba luisa tambi\u00e9n se utiliza como especia culinaria para mejorar el sabor de sopas, salsas y platos de pescado y carne.<\/p>\n<p>En El Rosal, la hierba luisa crece en los huertos de todas las familias. Se suele tomar un t\u00e9 de hierba luisa con las comidas. Adem\u00e1s, cada casa tiene en su repertorio al menos una medicina natural a base de hierba luisa.<\/p>\n<p>El aceite esencial de hierba luisa se utiliza en la industria cosm\u00e9tica.<\/p>\n<\/div><\/section><\/p><\/div>\n<style type=\"text\/css\" data-created_by=\"avia_inline_auto\" id=\"style-css-av-mefpfr-89784e8cc7058873c5a89e6f22a6abe8\">\n#top .hr.hr-invisible.av-mefpfr-89784e8cc7058873c5a89e6f22a6abe8{\nheight:70px;\n}\n<\/style>\n<div  class='hr av-mefpfr-89784e8cc7058873c5a89e6f22a6abe8 hr-invisible  avia-builder-el-7  el_after_av_one_full  el_before_av_one_half '><span class='hr-inner '><span class=\"hr-inner-style\"><\/span><\/span><\/div><\/p>\n<div  class='flex_column av-249wuv-e9a908e472d4db73b9e4f38ac07b161d av_one_half  avia-builder-el-8  el_after_av_hr  el_before_av_one_half  first flex_column_div  '     ><p>\n<style type=\"text\/css\" data-created_by=\"avia_inline_auto\" id=\"style-css-av-jfntt3-c3e1e0e14a56b4f2c8d80b1c2fe4193a\">\n#top .hr.hr-invisible.av-jfntt3-c3e1e0e14a56b4f2c8d80b1c2fe4193a{\nheight:15px;\n}\n<\/style>\n<div  class='hr av-jfntt3-c3e1e0e14a56b4f2c8d80b1c2fe4193a hr-invisible  avia-builder-el-9  el_before_av_heading  avia-builder-el-first '><span class='hr-inner '><span class=\"hr-inner-style\"><\/span><\/span><\/div><br \/>\n\n<style type=\"text\/css\" data-created_by=\"avia_inline_auto\" id=\"style-css-av-hsz4pj-915650e09803e789d6d988875e2d0f09\">\n#top .av-special-heading.av-hsz4pj-915650e09803e789d6d988875e2d0f09{\npadding-bottom:10px;\nfont-size:40px;\n}\nbody .av-special-heading.av-hsz4pj-915650e09803e789d6d988875e2d0f09 .av-special-heading-tag .heading-char{\nfont-size:25px;\n}\n#top #wrap_all .av-special-heading.av-hsz4pj-915650e09803e789d6d988875e2d0f09 .av-special-heading-tag{\nfont-size:40px;\n}\n.av-special-heading.av-hsz4pj-915650e09803e789d6d988875e2d0f09 .av-subheading{\nfont-size:15px;\n}\n\n@media only screen and (min-width: 480px) and (max-width: 767px){ \n#top #wrap_all .av-special-heading.av-hsz4pj-915650e09803e789d6d988875e2d0f09 .av-special-heading-tag{\nfont-size:0.8em;\n}\n}\n\n@media only screen and (max-width: 479px){ \n#top #wrap_all .av-special-heading.av-hsz4pj-915650e09803e789d6d988875e2d0f09 .av-special-heading-tag{\nfont-size:0.8em;\n}\n}\n<\/style>\n<div  class='av-special-heading av-hsz4pj-915650e09803e789d6d988875e2d0f09 av-special-heading-h2 blockquote modern-quote modern-centered  avia-builder-el-10  el_after_av_hr  el_before_av_textblock  av-inherit-size'><h2 class='av-special-heading-tag'  itemprop=\"headline\"  >Propiedades positivas para la piel:<\/h2><div class=\"special-heading-border\"><div class=\"special-heading-inner-border\"><\/div><\/div><\/div><br \/>\n<section  class='av_textblock_section av-lk760umx-a09ae2e9ddb2ad6bed6b24d6532825cb '   itemscope=\"itemscope\" itemtype=\"https:\/\/schema.org\/CreativeWork\" ><div class='avia_textblock'  itemprop=\"text\" ><h3><\/h3>\n<ol>\n<li>Reduce la inflamaci\u00f3n: La Hierba Luisa contiene compuestos como el citral que tienen potentes propiedades antiinflamatorias y ayudan a reducir el enrojecimiento, la hinchaz\u00f3n y la irritaci\u00f3n.<\/li>\n<li>Proporciona apoyo antioxidante: los antioxidantes de la Hierba Luisa pueden ayudar a combatir los radicales libres. Esto previene los da\u00f1os en la piel y el envejecimiento prematuro.<\/li>\n<li>Calma la piel: la Hierba Luisa calma la piel y ayuda a aliviar el picor y la irritaci\u00f3n. Esto se debe a las propiedades relajantes de compuestos como el citronelal y el limoneno.<\/li>\n<li>Favorece la producci\u00f3n de col\u00e1geno: La Hierba Luisa contiene vitamina C, que es un nutriente importante para la producci\u00f3n de col\u00e1geno en la piel. El col\u00e1geno es importante para una piel firme y joven.<\/li>\n<li>Alivia el acn\u00e9: Las propiedades antimicrobianas de la Hierba Luisa limpian los poros y combaten las bacterias del acn\u00e9. Esto reduce el riesgo de brotes de acn\u00e9.<\/li>\n<li>Act\u00faa como insecticida natural: La Hierba Luisa tiene propiedades insecticidas y ayuda a repeler insectos que pueden causar da\u00f1os en la piel.<\/li>\n<li>Ayuda a eliminar las c\u00e9lulas muertas de la piel: Hierba Luisa contiene \u00e1cidos naturales, estos ayudan a eliminar las c\u00e9lulas muertas de la piel y mejorar la apariencia de las imperfecciones.<\/li>\n<\/ol>\n<\/div><\/section><\/p><\/div><div  class='flex_column av-f3rorr-248bf3dc2c67c3a01529c837f45d29df av_one_half  avia-builder-el-12  el_after_av_one_half  el_before_av_hr  flex_column_div  '     ><p>\n<style type=\"text\/css\" data-created_by=\"avia_inline_auto\" id=\"style-css-av-lk763p5r-b31537e6c24cf070ee24c763ffe1f9b9\">\n#top .hr.hr-invisible.av-lk763p5r-b31537e6c24cf070ee24c763ffe1f9b9{\nheight:160px;\n}\n<\/style>\n<div  class='hr av-lk763p5r-b31537e6c24cf070ee24c763ffe1f9b9 hr-invisible  avia-builder-el-13  el_before_av_image  avia-builder-el-first '><span class='hr-inner '><span class=\"hr-inner-style\"><\/span><\/span><\/div><br \/>\n\n<style type=\"text\/css\" data-created_by=\"avia_inline_auto\" id=\"style-css-av-lk761ecj-d134a49bff4466512ee25c9091b5b41c\">\n.avia-image-container.av-lk761ecj-d134a49bff4466512ee25c9091b5b41c img.avia_image{\nbox-shadow:none;\n}\n.avia-image-container.av-lk761ecj-d134a49bff4466512ee25c9091b5b41c .av-image-caption-overlay-center{\ncolor:#ffffff;\n}\n<\/style>\n<div  class='avia-image-container av-lk761ecj-d134a49bff4466512ee25c9091b5b41c av-styling- avia-align-center  avia-builder-el-14  el_after_av_hr  avia-builder-el-last '   itemprop=\"image\" itemscope=\"itemscope\" itemtype=\"https:\/\/schema.org\/ImageObject\" ><div class=\"avia-image-container-inner\"><div class=\"avia-image-overlay-wrap\"><img decoding=\"async\" class='wp-image-2831 avia-img-lazy-loading-not-2831 avia_image ' src=\"https:\/\/asociacionelrosal.org\/es\/wp-content\/uploads\/2023\/06\/Jabon-hierba-luisa-1030x686.png\" alt='' title='Jabon hierba luisa'  height=\"686\" width=\"1030\"  itemprop=\"thumbnailUrl\" srcset=\"https:\/\/asociacionelrosal.org\/es\/wp-content\/uploads\/2023\/06\/Jabon-hierba-luisa-1030x686.png 1030w, https:\/\/asociacionelrosal.org\/es\/wp-content\/uploads\/2023\/06\/Jabon-hierba-luisa-300x200.png 300w, https:\/\/asociacionelrosal.org\/es\/wp-content\/uploads\/2023\/06\/Jabon-hierba-luisa-768x511.png 768w, https:\/\/asociacionelrosal.org\/es\/wp-content\/uploads\/2023\/06\/Jabon-hierba-luisa-1536x1023.png 1536w, https:\/\/asociacionelrosal.org\/es\/wp-content\/uploads\/2023\/06\/Jabon-hierba-luisa-2048x1364.png 2048w, https:\/\/asociacionelrosal.org\/es\/wp-content\/uploads\/2023\/06\/Jabon-hierba-luisa-1500x999.png 1500w, https:\/\/asociacionelrosal.org\/es\/wp-content\/uploads\/2023\/06\/Jabon-hierba-luisa-705x469.png 705w\" sizes=\"(max-width: 1030px) 100vw, 1030px\" \/><\/div><\/div><\/div><\/p><\/div><\/p>\n\n<style type=\"text\/css\" data-created_by=\"avia_inline_auto\" id=\"style-css-av-elqwaf-de502b1ea7a864172b6c5647acdaa526\">\n#top .hr.hr-invisible.av-elqwaf-de502b1ea7a864172b6c5647acdaa526{\nheight:90px;\n}\n<\/style>\n<div  class='hr av-elqwaf-de502b1ea7a864172b6c5647acdaa526 hr-invisible  avia-builder-el-15  el_after_av_one_half  el_before_av_one_full '><span class='hr-inner '><span class=\"hr-inner-style\"><\/span><\/span><\/div>\n<div  class='flex_column av-c4b5sn-39b691cfdaa1e14f483bbdacec94ce66 av_one_full  avia-builder-el-16  el_after_av_hr  el_before_av_one_half  first flex_column_div  '     ><p>\n<style type=\"text\/css\" data-created_by=\"avia_inline_auto\" id=\"style-css-av-a3lhon-cf550c10950b1f2a71bec147de8ae881\">\n.avia-image-container.av-a3lhon-cf550c10950b1f2a71bec147de8ae881 img.avia_image{\nbox-shadow:none;\n}\n.avia-image-container.av-a3lhon-cf550c10950b1f2a71bec147de8ae881 .av-image-caption-overlay-center{\ncolor:#ffffff;\n}\n<\/style>\n<div  class='avia-image-container av-a3lhon-cf550c10950b1f2a71bec147de8ae881 av-styling- avia-align-center  avia-builder-el-17  el_before_av_hr  avia-builder-el-first '   itemprop=\"image\" itemscope=\"itemscope\" itemtype=\"https:\/\/schema.org\/ImageObject\" ><div class=\"avia-image-container-inner\"><div class=\"avia-image-overlay-wrap\"><img decoding=\"async\" class='wp-image-2700 avia-img-lazy-loading-not-2700 avia_image ' src=\"https:\/\/asociacionelrosal.org\/es\/wp-content\/uploads\/2023\/06\/image00039-1030x773.jpeg\" alt='' title='image00039'  height=\"773\" width=\"1030\"  itemprop=\"thumbnailUrl\" srcset=\"https:\/\/asociacionelrosal.org\/es\/wp-content\/uploads\/2023\/06\/image00039-1030x773.jpeg 1030w, https:\/\/asociacionelrosal.org\/es\/wp-content\/uploads\/2023\/06\/image00039-300x225.jpeg 300w, https:\/\/asociacionelrosal.org\/es\/wp-content\/uploads\/2023\/06\/image00039-768x576.jpeg 768w, https:\/\/asociacionelrosal.org\/es\/wp-content\/uploads\/2023\/06\/image00039-1536x1152.jpeg 1536w, https:\/\/asociacionelrosal.org\/es\/wp-content\/uploads\/2023\/06\/image00039-2048x1536.jpeg 2048w, https:\/\/asociacionelrosal.org\/es\/wp-content\/uploads\/2023\/06\/image00039-1500x1125.jpeg 1500w, https:\/\/asociacionelrosal.org\/es\/wp-content\/uploads\/2023\/06\/image00039-705x529.jpeg 705w\" sizes=\"(max-width: 1030px) 100vw, 1030px\" \/><\/div><\/div><\/div><br \/>\n\n<style type=\"text\/css\" data-created_by=\"avia_inline_auto\" id=\"style-css-av-9ou5lj-1abdf88e914e9331ba1605c8a9fa56c4\">\n#top .hr.hr-invisible.av-9ou5lj-1abdf88e914e9331ba1605c8a9fa56c4{\nheight:50px;\n}\n<\/style>\n<div  class='hr av-9ou5lj-1abdf88e914e9331ba1605c8a9fa56c4 hr-invisible  avia-builder-el-18  el_after_av_image  el_before_av_textblock '><span class='hr-inner '><span class=\"hr-inner-style\"><\/span><\/span><\/div><br \/>\n<section  class='av_textblock_section av-lk7628lo-a083ff336afb3a82e712a18b4542c295 '   itemscope=\"itemscope\" itemtype=\"https:\/\/schema.org\/CreativeWork\" ><div class='avia_textblock'  itemprop=\"text\" ><p>Si quieres saber m\u00e1s sobre el todoterreno refrescante de Ecuador, aqu\u00ed tienes algunos estudios sobre la Hierba Luisa.<\/p>\n<p>Algunos de los estudios se refieren a la industria cosm\u00e9tica, pero tambi\u00e9n a todos los dem\u00e1s \u00e1mbitos de aplicaci\u00f3n de la Hierba Luisa.<\/p>\n<p><a href=\"https:\/\/pubmed.ncbi.nlm.nih.gov\/30019646\/\">https:\/\/pubmed.ncbi.nlm.nih.gov\/30019646\/<\/a>&#8211; Visi\u00f3n general de la Hierba Luisa en productos cosm\u00e9ticos.<\/p>\n<p><a href=\"https:\/\/pubmed.ncbi.nlm.nih.gov\/35052524\/\">https:\/\/pubmed.ncbi.nlm.nih.gov\/35052524\/<\/a> &#8211; Efectos curativos del Aceite esencial de Hierba Luisa.<\/p>\n<p><a href=\"https:\/\/pubmed.ncbi.nlm.nih.gov\/32380674\/\">https:\/\/pubmed.ncbi.nlm.nih.gov\/32380674\/<\/a> &#8211; Hierba Luisa en relaci\u00f3n con el c\u00e1ncer.<\/p>\n<\/div><\/section><\/p><\/div>\n<div  class='flex_column av-7cw90n-28fddc9647c132c46394568c792fb8d3 av_one_half  avia-builder-el-20  el_after_av_one_full  el_before_av_one_half  first flex_column_div  column-top-margin'     ><div  class='avia-button-wrap av-6fq6wn-da3a02fa7d7e5afa7ff3988bf7593cfb-wrap avia-button-center  avia-builder-el-21  avia-builder-el-no-sibling '>\n<style type=\"text\/css\" data-created_by=\"avia_inline_auto\" id=\"style-css-av-6fq6wn-da3a02fa7d7e5afa7ff3988bf7593cfb\">\n#top #wrap_all .avia-button.av-6fq6wn-da3a02fa7d7e5afa7ff3988bf7593cfb{\nfont-size:18px;\n-webkit-transition:all 0.4s ease-in-out;\n-moz-transition:all 0.4s ease-in-out;\n-ms-transition:all 0.4s ease-in-out;\n-o-transition:all 0.4s ease-in-out;\ntransition:all 0.4s ease-in-out;\n}\n<\/style>\n<a href='https:\/\/asociacionelrosal.org\/es\/ingredientes\/'  class='avia-button av-6fq6wn-da3a02fa7d7e5afa7ff3988bf7593cfb avia-icon_select-yes-left-icon avia-size-x-large avia-position-center avia-color-theme-color'  ><span class='avia_button_icon avia_button_icon_left' aria-hidden='true' data-av_icon='\ue893' data-av_iconfont='entypo-fontello'><\/span><span class='avia_iconbox_title' >Ver a otros ingredientes<\/span><\/a><\/div><\/div>\n<div  class='flex_column av-454q5j-d1713a4c8852eb60d1e901eebde63f93 av_one_half  avia-builder-el-22  el_after_av_one_half  avia-builder-el-last  flex_column_div  column-top-margin'     ><div  class='avia-button-wrap av-2nvxiv-2a76efd4d29ad75bb26d925fb80d76ed-wrap avia-button-center  avia-builder-el-23  avia-builder-el-no-sibling '>\n<style type=\"text\/css\" data-created_by=\"avia_inline_auto\" id=\"style-css-av-2nvxiv-2a76efd4d29ad75bb26d925fb80d76ed\">\n#top #wrap_all .avia-button.av-2nvxiv-2a76efd4d29ad75bb26d925fb80d76ed{\nfont-size:18px;\n-webkit-transition:all 0.4s ease-in-out;\n-moz-transition:all 0.4s ease-in-out;\n-ms-transition:all 0.4s ease-in-out;\n-o-transition:all 0.4s ease-in-out;\ntransition:all 0.4s ease-in-out;\n}\n<\/style>\n<a href='https:\/\/asociacionelrosal.org\/es\/nuestros-productos\/'  class='avia-button av-2nvxiv-2a76efd4d29ad75bb26d925fb80d76ed avia-icon_select-yes-right-icon avia-size-x-large avia-position-center avia-color-theme-color'  ><span class='avia_iconbox_title' >Ver a nuestros productos<\/span><span class='avia_button_icon avia_button_icon_right' aria-hidden='true' data-av_icon='\ue892' data-av_iconfont='entypo-fontello'><\/span><\/a><\/div><\/div>\n","protected":false},"excerpt":{"rendered":"","protected":false},"author":3,"featured_media":0,"parent":0,"menu_order":0,"comment_status":"closed","ping_status":"closed","template":"","meta":{"footnotes":""},"class_list":["post-3303","page","type-page","status-publish","hentry"],"jetpack_sharing_enabled":true,"_links":{"self":[{"href":"https:\/\/asociacionelrosal.org\/es\/wp-json\/wp\/v2\/pages\/3303","targetHints":{"allow":["GET"]}}],"collection":[{"href":"https:\/\/asociacionelrosal.org\/es\/wp-json\/wp\/v2\/pages"}],"about":[{"href":"https:\/\/asociacionelrosal.org\/es\/wp-json\/wp\/v2\/types\/page"}],"author":[{"embeddable":true,"href":"https:\/\/asociacionelrosal.org\/es\/wp-json\/wp\/v2\/users\/3"}],"replies":[{"embeddable":true,"href":"https:\/\/asociacionelrosal.org\/es\/wp-json\/wp\/v2\/comments?post=3303"}],"version-history":[{"count":5,"href":"https:\/\/asociacionelrosal.org\/es\/wp-json\/wp\/v2\/pages\/3303\/revisions"}],"predecessor-version":[{"id":3370,"href":"https:\/\/asociacionelrosal.org\/es\/wp-json\/wp\/v2\/pages\/3303\/revisions\/3370"}],"wp:attachment":[{"href":"https:\/\/asociacionelrosal.org\/es\/wp-json\/wp\/v2\/media?parent=3303"}],"curies":[{"name":"wp","href":"https:\/\/api.w.org\/{rel}","templated":true}]}}